{"id":88,"date":"2016-11-29T11:06:45","date_gmt":"2016-11-29T09:06:45","guid":{"rendered":"https:\/\/oceanwp.org\/stylish\/?page_id=88"},"modified":"2016-11-29T11:06:45","modified_gmt":"2016-11-29T09:06:45","slug":"raksti","status":"publish","type":"page","link":"https:\/\/psihodrama.lv\/lv\/raksti\/","title":{"rendered":"Raksti"},"content":{"rendered":"\t\t<div data-elementor-type=\"wp-page\" data-elementor-id=\"88\" class=\"elementor elementor-88\">\n\t\t\t\t\t\t<section class=\"elementor-section elementor-top-section elementor-element elementor-element-abdc3c7 elementor-section-height-min-height elementor-section-boxed elementor-section-height-default elementor-section-items-middle\" data-id=\"abdc3c7\" data-element_type=\"section\" data-settings=\"{&quot;background_background&quot;:&quot;classic&quot;}\">\n\t\t\t\t\t\t\t<div class=\"elementor-background-overlay\"><\/div>\n\t\t\t\t\t\t\t<div class=\"elementor-container elementor-column-gap-default\">\n\t\t\t\t\t<div class=\"elementor-column elementor-col-100 elementor-top-column elementor-element elementor-element-0a52dc5\" data-id=\"0a52dc5\" data-element_type=\"column\">\n\t\t\t<div class=\"elementor-widget-wrap elementor-element-populated\">\n\t\t\t\t\t\t<div class=\"elementor-element elementor-element-aa84ae1 elementor-widget elementor-widget-heading\" data-id=\"aa84ae1\" data-element_type=\"widget\" data-widget_type=\"heading.default\">\n\t\t\t\t<div class=\"elementor-widget-container\">\n\t\t\t\t\t<h2 class=\"elementor-heading-title elementor-size-default\">Raksti<\/h2>\t\t\t\t<\/div>\n\t\t\t\t<\/div>\n\t\t\t\t\t<\/div>\n\t\t<\/div>\n\t\t\t\t\t<\/div>\n\t\t<\/section>\n\t\t\t\t<section class=\"elementor-section elementor-top-section elementor-element elementor-element-2a13814 elementor-section-boxed elementor-section-height-default elementor-section-height-default\" data-id=\"2a13814\" data-element_type=\"section\">\n\t\t\t\t\t\t<div class=\"elementor-container elementor-column-gap-default\">\n\t\t\t\t\t<div class=\"elementor-column elementor-col-100 elementor-top-column elementor-element elementor-element-7b533e9\" data-id=\"7b533e9\" data-element_type=\"column\">\n\t\t\t<div class=\"elementor-widget-wrap elementor-element-populated\">\n\t\t\t\t\t\t<div class=\"elementor-element elementor-element-0ed3b11 elementor-widget elementor-widget-spacer\" data-id=\"0ed3b11\" data-element_type=\"widget\" data-widget_type=\"spacer.default\">\n\t\t\t\t<div class=\"elementor-widget-container\">\n\t\t\t\t\t\t\t<div class=\"elementor-spacer\">\n\t\t\t<div class=\"elementor-spacer-inner\"><\/div>\n\t\t<\/div>\n\t\t\t\t\t\t<\/div>\n\t\t\t\t<\/div>\n\t\t\t\t\t<\/div>\n\t\t<\/div>\n\t\t\t\t\t<\/div>\n\t\t<\/section>\n\t\t\t\t<section class=\"elementor-section elementor-top-section elementor-element elementor-element-1ed407a elementor-section-boxed elementor-section-height-default elementor-section-height-default\" data-id=\"1ed407a\" data-element_type=\"section\">\n\t\t\t\t\t\t<div class=\"elementor-container elementor-column-gap-default\">\n\t\t\t\t\t<div class=\"elementor-column elementor-col-100 elementor-top-column elementor-element elementor-element-08f08da\" data-id=\"08f08da\" data-element_type=\"column\">\n\t\t\t<div class=\"elementor-widget-wrap elementor-element-populated\">\n\t\t\t\t\t\t<div class=\"elementor-element elementor-element-47c7ed6 elementor-widget elementor-widget-shortcode\" data-id=\"47c7ed6\" data-element_type=\"widget\" data-widget_type=\"shortcode.default\">\n\t\t\t\t<div class=\"elementor-widget-container\">\n\t\t\t\t\t\t\t<div class=\"elementor-shortcode\"><div class=\"display-posts-listing grid\"><div class=\"listing-item\"><a class=\"image\" href=\"https:\/\/psihodrama.lv\/lv\/spontanitate-un-kreativitate\/\"><img fetchpriority=\"high\" decoding=\"async\" width=\"300\" height=\"300\" src=\"https:\/\/psihodrama.lv\/wp-content\/uploads\/2024\/04\/Ievads-Sirrealaja-psihodrama-15-1-300x300.png\" class=\"attachment-medium size-medium wp-post-image\" alt=\"\" srcset=\"https:\/\/psihodrama.lv\/wp-content\/uploads\/2024\/04\/Ievads-Sirrealaja-psihodrama-15-1-300x300.png 300w, https:\/\/psihodrama.lv\/wp-content\/uploads\/2024\/04\/Ievads-Sirrealaja-psihodrama-15-1-1024x1024.png 1024w, https:\/\/psihodrama.lv\/wp-content\/uploads\/2024\/04\/Ievads-Sirrealaja-psihodrama-15-1-150x150.png 150w, https:\/\/psihodrama.lv\/wp-content\/uploads\/2024\/04\/Ievads-Sirrealaja-psihodrama-15-1-768x768.png 768w, https:\/\/psihodrama.lv\/wp-content\/uploads\/2024\/04\/Ievads-Sirrealaja-psihodrama-15-1-600x600.png 600w, https:\/\/psihodrama.lv\/wp-content\/uploads\/2024\/04\/Ievads-Sirrealaja-psihodrama-15-1.png 1080w\" sizes=\"(max-width: 300px) 100vw, 300px\" \/><\/a> <a class=\"title\" href=\"https:\/\/psihodrama.lv\/lv\/spontanitate-un-kreativitate\/\">Spontanit\u0101te un kreativit\u0101te<\/a> <span class=\"date\">20.04.2024<\/span><\/div><div class=\"listing-item\"><a class=\"image\" href=\"https:\/\/psihodrama.lv\/lv\/lomu-teorija\/\"><img decoding=\"async\" width=\"300\" height=\"300\" src=\"https:\/\/psihodrama.lv\/wp-content\/uploads\/2024\/03\/Ievads-Sirrealaja-psihodrama-13-1-300x300.png\" class=\"attachment-medium size-medium wp-post-image\" alt=\"\" srcset=\"https:\/\/psihodrama.lv\/wp-content\/uploads\/2024\/03\/Ievads-Sirrealaja-psihodrama-13-1-300x300.png 300w, https:\/\/psihodrama.lv\/wp-content\/uploads\/2024\/03\/Ievads-Sirrealaja-psihodrama-13-1-1024x1024.png 1024w, https:\/\/psihodrama.lv\/wp-content\/uploads\/2024\/03\/Ievads-Sirrealaja-psihodrama-13-1-150x150.png 150w, https:\/\/psihodrama.lv\/wp-content\/uploads\/2024\/03\/Ievads-Sirrealaja-psihodrama-13-1-768x768.png 768w, https:\/\/psihodrama.lv\/wp-content\/uploads\/2024\/03\/Ievads-Sirrealaja-psihodrama-13-1-600x600.png 600w, https:\/\/psihodrama.lv\/wp-content\/uploads\/2024\/03\/Ievads-Sirrealaja-psihodrama-13-1.png 1080w\" sizes=\"(max-width: 300px) 100vw, 300px\" \/><\/a> <a class=\"title\" href=\"https:\/\/psihodrama.lv\/lv\/lomu-teorija\/\">Lomu teorija<\/a> <span class=\"date\">14.03.2024<\/span><\/div><div class=\"listing-item\"><a class=\"image\" href=\"https:\/\/psihodrama.lv\/lv\/garigums-psihodrama\/\"><img decoding=\"async\" width=\"300\" height=\"300\" src=\"https:\/\/psihodrama.lv\/wp-content\/uploads\/2023\/12\/Garigums-psihodrama-1-1-300x300.png\" class=\"attachment-medium size-medium wp-post-image\" alt=\"\" srcset=\"https:\/\/psihodrama.lv\/wp-content\/uploads\/2023\/12\/Garigums-psihodrama-1-1-300x300.png 300w, https:\/\/psihodrama.lv\/wp-content\/uploads\/2023\/12\/Garigums-psihodrama-1-1-1024x1024.png 1024w, https:\/\/psihodrama.lv\/wp-content\/uploads\/2023\/12\/Garigums-psihodrama-1-1-150x150.png 150w, https:\/\/psihodrama.lv\/wp-content\/uploads\/2023\/12\/Garigums-psihodrama-1-1-768x768.png 768w, https:\/\/psihodrama.lv\/wp-content\/uploads\/2023\/12\/Garigums-psihodrama-1-1-600x600.png 600w, https:\/\/psihodrama.lv\/wp-content\/uploads\/2023\/12\/Garigums-psihodrama-1-1.png 1080w\" sizes=\"(max-width: 300px) 100vw, 300px\" \/><\/a> <a class=\"title\" href=\"https:\/\/psihodrama.lv\/lv\/garigums-psihodrama\/\">Gar\u012bgums psihodr\u0101m\u0101<\/a> <span class=\"date\">27.12.2023<\/span><\/div><div class=\"listing-item\"><a class=\"image\" href=\"https:\/\/psihodrama.lv\/lv\/erasmus-projekts-no-es-uz-mes\/\"><img loading=\"lazy\" decoding=\"async\" width=\"300\" height=\"169\" src=\"https:\/\/psihodrama.lv\/wp-content\/uploads\/2023\/09\/i2wliet-1-300x169.jpg\" class=\"attachment-medium size-medium wp-post-image\" alt=\"\" srcset=\"https:\/\/psihodrama.lv\/wp-content\/uploads\/2023\/09\/i2wliet-1-300x169.jpg 300w, https:\/\/psihodrama.lv\/wp-content\/uploads\/2023\/09\/i2wliet-1.jpg 600w\" sizes=\"(max-width: 300px) 100vw, 300px\" \/><\/a> <a class=\"title\" href=\"https:\/\/psihodrama.lv\/lv\/erasmus-projekts-no-es-uz-mes\/\">Erasmus + projekts &#8220;No Es uz M\u0113s&#8221;<\/a> <span class=\"date\">20.09.2023<\/span><\/div><div class=\"listing-item\"><a class=\"image\" href=\"https:\/\/psihodrama.lv\/lv\/terminu-vardnica\/\"><img loading=\"lazy\" decoding=\"async\" width=\"300\" height=\"158\" src=\"https:\/\/psihodrama.lv\/wp-content\/uploads\/2022\/10\/book-1-300x158.jpg\" class=\"attachment-medium size-medium wp-post-image\" alt=\"\" srcset=\"https:\/\/psihodrama.lv\/wp-content\/uploads\/2022\/10\/book-1-300x158.jpg 300w, https:\/\/psihodrama.lv\/wp-content\/uploads\/2022\/10\/book-1-600x315.jpg 600w, https:\/\/psihodrama.lv\/wp-content\/uploads\/2022\/10\/book-1.jpg 647w\" sizes=\"(max-width: 300px) 100vw, 300px\" \/><\/a> <a class=\"title\" href=\"https:\/\/psihodrama.lv\/lv\/terminu-vardnica\/\">Terminu v\u0101rdn\u012bca<\/a> <span class=\"date\">22.10.2022<\/span><\/div><div class=\"listing-item\"><a class=\"image\" href=\"https:\/\/psihodrama.lv\/lv\/psihodramas-pamattehnikas\/\"><img loading=\"lazy\" decoding=\"async\" width=\"300\" height=\"225\" src=\"https:\/\/psihodrama.lv\/wp-content\/uploads\/2021\/10\/Pielaikosana_2015_12-073-300x225-1-1.jpeg\" class=\"attachment-medium size-medium wp-post-image\" alt=\"\" \/><\/a> <a class=\"title\" href=\"https:\/\/psihodrama.lv\/lv\/psihodramas-pamattehnikas\/\">Psihodr\u0101mas pamattehnikas<\/a> <span class=\"date\">25.10.2021<\/span><\/div><div class=\"listing-item\"><a class=\"image\" href=\"https:\/\/psihodrama.lv\/lv\/jakoba-levi-moreno-biografija\/\"><img loading=\"lazy\" decoding=\"async\" width=\"300\" height=\"200\" src=\"https:\/\/psihodrama.lv\/wp-content\/uploads\/2021\/10\/word-biography-typed-inscription-gray-sheet-pappier-word-biography-typed-inscription-gray-169803732-1-300x200.jpeg\" class=\"attachment-medium size-medium wp-post-image\" alt=\"\" srcset=\"https:\/\/psihodrama.lv\/wp-content\/uploads\/2021\/10\/word-biography-typed-inscription-gray-sheet-pappier-word-biography-typed-inscription-gray-169803732-1-300x200.jpeg 300w, https:\/\/psihodrama.lv\/wp-content\/uploads\/2021\/10\/word-biography-typed-inscription-gray-sheet-pappier-word-biography-typed-inscription-gray-169803732-1-600x400.jpeg 600w, https:\/\/psihodrama.lv\/wp-content\/uploads\/2021\/10\/word-biography-typed-inscription-gray-sheet-pappier-word-biography-typed-inscription-gray-169803732-1-768x512.jpeg 768w, https:\/\/psihodrama.lv\/wp-content\/uploads\/2021\/10\/word-biography-typed-inscription-gray-sheet-pappier-word-biography-typed-inscription-gray-169803732-1.jpeg 800w\" sizes=\"(max-width: 300px) 100vw, 300px\" \/><\/a> <a class=\"title\" href=\"https:\/\/psihodrama.lv\/lv\/jakoba-levi-moreno-biografija\/\">Jakoba Levi Moreno biogr\u0101fija<\/a> <span class=\"date\">25.10.2021<\/span><\/div><div class=\"listing-item\"><a class=\"image\" href=\"https:\/\/psihodrama.lv\/lv\/sapni\/\"><img loading=\"lazy\" decoding=\"async\" width=\"300\" height=\"200\" src=\"https:\/\/psihodrama.lv\/wp-content\/uploads\/2016\/11\/img_02589641-1-300x200.jpg\" class=\"attachment-medium size-medium wp-post-image\" alt=\"\" srcset=\"https:\/\/psihodrama.lv\/wp-content\/uploads\/2016\/11\/img_02589641-1-300x200.jpg 300w, https:\/\/psihodrama.lv\/wp-content\/uploads\/2016\/11\/img_02589641-1-600x400.jpg 600w, https:\/\/psihodrama.lv\/wp-content\/uploads\/2016\/11\/img_02589641-1-1024x683.jpg 1024w, https:\/\/psihodrama.lv\/wp-content\/uploads\/2016\/11\/img_02589641-1-768x512.jpg 768w, https:\/\/psihodrama.lv\/wp-content\/uploads\/2016\/11\/img_02589641-1.jpg 1200w\" sizes=\"(max-width: 300px) 100vw, 300px\" \/><\/a> <a class=\"title\" href=\"https:\/\/psihodrama.lv\/lv\/sapni\/\">Sap\u0146i<\/a> <span class=\"date\">19.05.2020<\/span><\/div><\/div><\/div>\n\t\t\t\t\t\t<\/div>\n\t\t\t\t<\/div>\n\t\t\t\t\t<\/div>\n\t\t<\/div>\n\t\t\t\t\t<\/div>\n\t\t<\/section>\n\t\t\t\t<\/div>\n\t\t","protected":false},"excerpt":{"rendered":"<p>\/*! elementor &#8211; v3.10.2 &#8211; 29-01-2023 *\/ .elementor-heading-title{padding:0;margin:0;line-height:1}.elementor-widget-heading .elementor-heading-title[class*=elementor-size-]&gt;a{color:inherit;font-size:inherit;line-height:inherit}.elementor-widget-heading .elementor-heading-title.elementor-size-small{font-size:15px}.elementor-widget-heading .elementor-heading-title.elementor-size-medium{font-size:19px}.elementor-widget-heading .elementor-heading-title.elementor-size-large{font-size:29px}.elementor-widget-heading .elementor-heading-title.elementor-size-xl{font-size:39px}.elementor-widget-heading .elementor-heading-title.elementor-size-xxl{font-size:59px} Raksti \/*! elementor &#8211; v3.10.2 &#8211; 29-01-2023 *\/ .elementor-column .elementor-spacer-inner{height:var(&#8211;spacer-size)}.e-con{&#8211;container-widget-width:100%}.e-con-inner&gt;.elementor-widget-spacer,.e-con&gt;.elementor-widget-spacer{width:var(&#8211;container-widget-width,var(&#8211;spacer-size));&#8211;align-self:var(&#8211;container-widget-align-self,initial);&#8211;flex-shrink:0}.e-con-inner&gt;.elementor-widget-spacer&gt;.elementor-widget-container,.e-con-inner&gt;.elementor-widget-spacer&gt;.elementor-widget-container&gt;.elementor-spacer,.e-con&gt;.elementor-widget-spacer&gt;.elementor-widget-container,.e-con&gt;.elementor-widget-spacer&gt;.elementor-widget-container&gt;.elementor-spacer{height:100%}.e-con-inner&gt;.elementor-widget-spacer&gt;.elementor-widget-container&gt;.elementor-spacer&gt;.elementor-spacer-inner,.e-con&gt;.elementor-widget-spacer&gt;.elementor-widget-container&gt;.elementor-spacer&gt;.elementor-spacer-inner{height:var(&#8211;container-widget-height,var(&#8211;spacer-size))}<\/p>\n","protected":false},"author":1,"featured_media":0,"parent":0,"menu_order":0,"comment_status":"closed","ping_status":"closed","template":"","meta":{"ocean_post_layout":"","ocean_both_sidebars_style":"","ocean_both_sidebars_content_width":0,"ocean_both_sidebars_sidebars_width":0,"ocean_sidebar":"0","ocean_second_sidebar":"0","ocean_disable_margins":"enable","ocean_add_body_class":"","ocean_shortcode_before_top_bar":"","ocean_shortcode_after_top_bar":"","ocean_shortcode_before_header":"","ocean_shortcode_after_header":"","ocean_has_shortcode":"","ocean_shortcode_after_title":"","ocean_shortcode_before_footer_widgets":"","ocean_shortcode_after_footer_widgets":"","ocean_shortcode_before_footer_bottom":"","ocean_shortcode_after_footer_bottom":"","ocean_display_top_bar":"default","ocean_display_header":"default","ocean_header_style":"","ocean_center_header_left_menu":"0","ocean_custom_header_template":"0","ocean_custom_logo":0,"ocean_custom_retina_logo":0,"ocean_custom_logo_max_width":0,"ocean_custom_logo_tablet_max_width":0,"ocean_custom_logo_mobile_max_width":0,"ocean_custom_logo_max_height":0,"ocean_custom_logo_tablet_max_height":0,"ocean_custom_logo_mobile_max_height":0,"ocean_header_custom_menu":"0","ocean_menu_typo_font_family":"0","ocean_menu_typo_font_subset":"","ocean_menu_typo_font_size":0,"ocean_menu_typo_font_size_tablet":0,"ocean_menu_typo_font_size_mobile":0,"ocean_menu_typo_font_size_unit":"px","ocean_menu_typo_font_weight":"","ocean_menu_typo_font_weight_tablet":"","ocean_menu_typo_font_weight_mobile":"","ocean_menu_typo_transform":"","ocean_menu_typo_transform_tablet":"","ocean_menu_typo_transform_mobile":"","ocean_menu_typo_line_height":0,"ocean_menu_typo_line_height_tablet":0,"ocean_menu_typo_line_height_mobile":0,"ocean_menu_typo_line_height_unit":"","ocean_menu_typo_spacing":0,"ocean_menu_typo_spacing_tablet":0,"ocean_menu_typo_spacing_mobile":0,"ocean_menu_typo_spacing_unit":"","ocean_menu_link_color":"","ocean_menu_link_color_hover":"","ocean_menu_link_color_active":"","ocean_menu_link_background":"","ocean_menu_link_hover_background":"","ocean_menu_link_active_background":"","ocean_menu_social_links_bg":"","ocean_menu_social_hover_links_bg":"","ocean_menu_social_links_color":"","ocean_menu_social_hover_links_color":"","ocean_disable_title":"default","ocean_disable_heading":"default","ocean_post_title":"","ocean_post_subheading":"","ocean_post_title_style":"","ocean_post_title_background_color":"","ocean_post_title_background":0,"ocean_post_title_bg_image_position":"","ocean_post_title_bg_image_attachment":"","ocean_post_title_bg_image_repeat":"","ocean_post_title_bg_image_size":"","ocean_post_title_height":0,"ocean_post_title_bg_overlay":0.5,"ocean_post_title_bg_overlay_color":"","ocean_disable_breadcrumbs":"default","ocean_breadcrumbs_color":"","ocean_breadcrumbs_separator_color":"","ocean_breadcrumbs_links_color":"","ocean_breadcrumbs_links_hover_color":"","ocean_display_footer_widgets":"default","ocean_display_footer_bottom":"default","ocean_custom_footer_template":"0","footnotes":""},"class_list":["post-88","page","type-page","status-publish","hentry","entry","has-media","owp-thumbs-layout-horizontal","owp-btn-normal","owp-tabs-layout-horizontal","has-no-thumbnails","circle-sale"],"_links":{"self":[{"href":"https:\/\/psihodrama.lv\/lv\/wp-json\/wp\/v2\/pages\/88","targetHints":{"allow":["GET"]}}],"collection":[{"href":"https:\/\/psihodrama.lv\/lv\/wp-json\/wp\/v2\/pages"}],"about":[{"href":"https:\/\/psihodrama.lv\/lv\/wp-json\/wp\/v2\/types\/page"}],"author":[{"embeddable":true,"href":"https:\/\/psihodrama.lv\/lv\/wp-json\/wp\/v2\/users\/1"}],"replies":[{"embeddable":true,"href":"https:\/\/psihodrama.lv\/lv\/wp-json\/wp\/v2\/comments?post=88"}],"version-history":[{"count":0,"href":"https:\/\/psihodrama.lv\/lv\/wp-json\/wp\/v2\/pages\/88\/revisions"}],"wp:attachment":[{"href":"https:\/\/psihodrama.lv\/lv\/wp-json\/wp\/v2\/media?parent=88"}],"curies":[{"name":"wp","href":"https:\/\/api.w.org\/{rel}","templated":true}]}}