{"id":3700,"date":"2024-03-14T17:20:40","date_gmt":"2024-03-14T15:20:40","guid":{"rendered":"https:\/\/psihodrama.lv\/?page_id=3700"},"modified":"2024-03-14T17:20:40","modified_gmt":"2024-03-14T15:20:40","slug":"moreno-instituts-latvija-avize","status":"publish","type":"page","link":"https:\/\/psihodrama.lv\/lv\/raksti\/moreno-instituts-latvija-avize\/","title":{"rendered":"Moreno instit\u016bts Latvij\u0101 av\u012bze"},"content":{"rendered":"\t\t<div data-elementor-type=\"wp-page\" data-elementor-id=\"3700\" class=\"elementor elementor-3700\">\n\t\t\t\t\t\t<section class=\"elementor-section elementor-top-section elementor-element elementor-element-7478f8a elementor-section-boxed elementor-section-height-default elementor-section-height-default\" data-id=\"7478f8a\" data-element_type=\"section\">\n\t\t\t\t\t\t<div class=\"elementor-container elementor-column-gap-default\">\n\t\t\t\t\t<div class=\"elementor-column elementor-col-33 elementor-top-column elementor-element elementor-element-f9cba63\" data-id=\"f9cba63\" data-element_type=\"column\">\n\t\t\t<div class=\"elementor-widget-wrap elementor-element-populated\">\n\t\t\t\t\t\t<div class=\"elementor-element elementor-element-b343e17 elementor-widget elementor-widget-heading\" data-id=\"b343e17\" data-element_type=\"widget\" data-widget_type=\"heading.default\">\n\t\t\t\t<div class=\"elementor-widget-container\">\n\t\t\t\t\t<h4 class=\"elementor-heading-title elementor-size-medium\">Dr\u012bzum\u0101 b\u016bs jaun\u0101kais av\u012bzes numurs...<\/h4>\t\t\t\t<\/div>\n\t\t\t\t<\/div>\n\t\t\t\t\t<\/div>\n\t\t<\/div>\n\t\t\t\t<div class=\"elementor-column elementor-col-33 elementor-top-column elementor-element elementor-element-f8c62a5\" data-id=\"f8c62a5\" data-element_type=\"column\">\n\t\t\t<div class=\"elementor-widget-wrap elementor-element-populated\">\n\t\t\t\t\t\t<div class=\"elementor-element elementor-element-1cd6535 elementor-widget elementor-widget-image\" data-id=\"1cd6535\" data-element_type=\"widget\" data-widget_type=\"image.default\">\n\t\t\t\t<div class=\"elementor-widget-container\">\n\t\t\t\t\t\t\t\t\t\t\t\t\t\t\t\t<a href=\"https:\/\/psihodrama.lv\/wp-content\/uploads\/sites\/2\/2023\/12\/Avize-5.pdf\">\n\t\t\t\t\t\t\t<img fetchpriority=\"high\" decoding=\"async\" width=\"724\" height=\"1024\" src=\"https:\/\/psihodrama.lv\/wp-content\/uploads\/2023\/12\/Avize-1-724x1024.jpg\" class=\"attachment-large size-large wp-image-3534\" alt=\"\" srcset=\"https:\/\/psihodrama.lv\/wp-content\/uploads\/2023\/12\/Avize-1-724x1024.jpg 724w, https:\/\/psihodrama.lv\/wp-content\/uploads\/2023\/12\/Avize-1-212x300.jpg 212w, https:\/\/psihodrama.lv\/wp-content\/uploads\/2023\/12\/Avize-1-768x1086.jpg 768w, https:\/\/psihodrama.lv\/wp-content\/uploads\/2023\/12\/Avize-1-1086x1536.jpg 1086w, https:\/\/psihodrama.lv\/wp-content\/uploads\/2023\/12\/Avize-1-1320x1867.jpg 1320w, https:\/\/psihodrama.lv\/wp-content\/uploads\/2023\/12\/Avize-1.jpg 1414w\" sizes=\"(max-width: 724px) 100vw, 724px\" \/>\t\t\t\t\t\t\t\t<\/a>\n\t\t\t\t\t\t\t\t\t\t\t\t\t\t\t<\/div>\n\t\t\t\t<\/div>\n\t\t\t\t\t<\/div>\n\t\t<\/div>\n\t\t\t\t<div class=\"elementor-column elementor-col-33 elementor-top-column elementor-element elementor-element-b2020d8\" data-id=\"b2020d8\" data-element_type=\"column\">\n\t\t\t<div class=\"elementor-widget-wrap elementor-element-populated\">\n\t\t\t\t\t\t<div class=\"elementor-element elementor-element-f75b055 elementor-widget elementor-widget-image\" data-id=\"f75b055\" data-element_type=\"widget\" data-widget_type=\"image.default\">\n\t\t\t\t<div class=\"elementor-widget-container\">\n\t\t\t\t\t\t\t\t\t\t\t\t\t\t\t\t<a href=\"https:\/\/psihodrama.lv\/wp-content\/uploads\/sites\/2\/2023\/09\/Avize-3.pdf\">\n\t\t\t\t\t\t\t<img decoding=\"async\" width=\"724\" height=\"1024\" src=\"https:\/\/psihodrama.lv\/wp-content\/uploads\/2023\/09\/Avize-3-1-724x1024.png\" class=\"attachment-large size-large wp-image-3282\" alt=\"\" srcset=\"https:\/\/psihodrama.lv\/wp-content\/uploads\/2023\/09\/Avize-3-1-724x1024.png 724w, https:\/\/psihodrama.lv\/wp-content\/uploads\/2023\/09\/Avize-3-1-600x849.png 600w, https:\/\/psihodrama.lv\/wp-content\/uploads\/2023\/09\/Avize-3-1-212x300.png 212w, https:\/\/psihodrama.lv\/wp-content\/uploads\/2023\/09\/Avize-3-1-768x1086.png 768w, https:\/\/psihodrama.lv\/wp-content\/uploads\/2023\/09\/Avize-3-1-1086x1536.png 1086w, https:\/\/psihodrama.lv\/wp-content\/uploads\/2023\/09\/Avize-3-1-1320x1867.png 1320w, https:\/\/psihodrama.lv\/wp-content\/uploads\/2023\/09\/Avize-3-1.png 1414w\" sizes=\"(max-width: 724px) 100vw, 724px\" \/>\t\t\t\t\t\t\t\t<\/a>\n\t\t\t\t\t\t\t\t\t\t\t\t\t\t\t<\/div>\n\t\t\t\t<\/div>\n\t\t\t\t\t<\/div>\n\t\t<\/div>\n\t\t\t\t\t<\/div>\n\t\t<\/section>\n\t\t\t\t<section class=\"elementor-section elementor-top-section elementor-element elementor-element-99f8c43 elementor-section-boxed elementor-section-height-default elementor-section-height-default\" data-id=\"99f8c43\" data-element_type=\"section\">\n\t\t\t\t\t\t<div class=\"elementor-container elementor-column-gap-default\">\n\t\t\t\t\t<div class=\"elementor-column elementor-col-33 elementor-top-column elementor-element elementor-element-23bc479\" data-id=\"23bc479\" data-element_type=\"column\">\n\t\t\t<div class=\"elementor-widget-wrap elementor-element-populated\">\n\t\t\t\t\t\t<div class=\"elementor-element elementor-element-e2c0068 elementor-widget elementor-widget-image\" data-id=\"e2c0068\" data-element_type=\"widget\" data-widget_type=\"image.default\">\n\t\t\t\t<div class=\"elementor-widget-container\">\n\t\t\t\t\t\t\t\t\t\t\t\t\t\t\t\t<a href=\"https:\/\/psihodrama.lv\/wp-content\/uploads\/sites\/2\/2023\/05\/Avize.2023.J-Apdf.pdf\">\n\t\t\t\t\t\t\t<img decoding=\"async\" width=\"724\" height=\"1024\" src=\"https:\/\/psihodrama.lv\/wp-content\/uploads\/2023\/07\/Avize-3-724x1024.png\" class=\"attachment-large size-large wp-image-2709\" alt=\"\" srcset=\"https:\/\/psihodrama.lv\/wp-content\/uploads\/2023\/07\/Avize-3-724x1024.png 724w, https:\/\/psihodrama.lv\/wp-content\/uploads\/2023\/07\/Avize-3-600x849.png 600w, https:\/\/psihodrama.lv\/wp-content\/uploads\/2023\/07\/Avize-3-212x300.png 212w, https:\/\/psihodrama.lv\/wp-content\/uploads\/2023\/07\/Avize-3-768x1086.png 768w, https:\/\/psihodrama.lv\/wp-content\/uploads\/2023\/07\/Avize-3-1086x1536.png 1086w, https:\/\/psihodrama.lv\/wp-content\/uploads\/2023\/07\/Avize-3-1320x1867.png 1320w, https:\/\/psihodrama.lv\/wp-content\/uploads\/2023\/07\/Avize-3.png 1414w\" sizes=\"(max-width: 724px) 100vw, 724px\" \/>\t\t\t\t\t\t\t\t<\/a>\n\t\t\t\t\t\t\t\t\t\t\t\t\t\t\t<\/div>\n\t\t\t\t<\/div>\n\t\t\t\t\t<\/div>\n\t\t<\/div>\n\t\t\t\t<div class=\"elementor-column elementor-col-33 elementor-top-column elementor-element elementor-element-dd36f03\" data-id=\"dd36f03\" data-element_type=\"column\">\n\t\t\t<div class=\"elementor-widget-wrap elementor-element-populated\">\n\t\t\t\t\t\t<div class=\"elementor-element elementor-element-aca9ae4 elementor-widget elementor-widget-image\" data-id=\"aca9ae4\" data-element_type=\"widget\" data-widget_type=\"image.default\">\n\t\t\t\t<div class=\"elementor-widget-container\">\n\t\t\t\t\t\t\t\t\t\t\t\t\t\t\t\t<a href=\"https:\/\/psihodrama.lv\/wp-content\/uploads\/sites\/2\/2023\/02\/avize2022sep-dec.pdf\">\n\t\t\t\t\t\t\t<img loading=\"lazy\" decoding=\"async\" width=\"724\" height=\"1024\" src=\"https:\/\/psihodrama.lv\/wp-content\/uploads\/2023\/07\/Avize-1-1-724x1024.png\" class=\"attachment-large size-large wp-image-2696\" alt=\"\" srcset=\"https:\/\/psihodrama.lv\/wp-content\/uploads\/2023\/07\/Avize-1-1-724x1024.png 724w, https:\/\/psihodrama.lv\/wp-content\/uploads\/2023\/07\/Avize-1-1-600x849.png 600w, https:\/\/psihodrama.lv\/wp-content\/uploads\/2023\/07\/Avize-1-1-212x300.png 212w, https:\/\/psihodrama.lv\/wp-content\/uploads\/2023\/07\/Avize-1-1-768x1086.png 768w, https:\/\/psihodrama.lv\/wp-content\/uploads\/2023\/07\/Avize-1-1-1086x1536.png 1086w, https:\/\/psihodrama.lv\/wp-content\/uploads\/2023\/07\/Avize-1-1-1320x1867.png 1320w, https:\/\/psihodrama.lv\/wp-content\/uploads\/2023\/07\/Avize-1-1.png 1414w\" sizes=\"(max-width: 724px) 100vw, 724px\" \/>\t\t\t\t\t\t\t\t<\/a>\n\t\t\t\t\t\t\t\t\t\t\t\t\t\t\t<\/div>\n\t\t\t\t<\/div>\n\t\t\t\t\t<\/div>\n\t\t<\/div>\n\t\t\t\t<div class=\"elementor-column elementor-col-33 elementor-top-column elementor-element elementor-element-09a5e9e\" data-id=\"09a5e9e\" data-element_type=\"column\">\n\t\t\t<div class=\"elementor-widget-wrap elementor-element-populated\">\n\t\t\t\t\t\t<div class=\"elementor-element elementor-element-9ee783d elementor-widget elementor-widget-image\" data-id=\"9ee783d\" data-element_type=\"widget\" data-widget_type=\"image.default\">\n\t\t\t\t<div class=\"elementor-widget-container\">\n\t\t\t\t\t\t\t\t\t\t\t\t\t\t\t\t<a href=\"https:\/\/psihodrama.lv\/wp-content\/uploads\/sites\/2\/2022\/09\/Avi%CC%84zePDF.pdf\">\n\t\t\t\t\t\t\t<img loading=\"lazy\" decoding=\"async\" width=\"724\" height=\"1024\" src=\"https:\/\/psihodrama.lv\/wp-content\/uploads\/2023\/07\/Avize-2-1-724x1024.png\" class=\"attachment-large size-large wp-image-2692\" alt=\"\" srcset=\"https:\/\/psihodrama.lv\/wp-content\/uploads\/2023\/07\/Avize-2-1-724x1024.png 724w, https:\/\/psihodrama.lv\/wp-content\/uploads\/2023\/07\/Avize-2-1-600x849.png 600w, https:\/\/psihodrama.lv\/wp-content\/uploads\/2023\/07\/Avize-2-1-212x300.png 212w, https:\/\/psihodrama.lv\/wp-content\/uploads\/2023\/07\/Avize-2-1-768x1086.png 768w, https:\/\/psihodrama.lv\/wp-content\/uploads\/2023\/07\/Avize-2-1-1086x1536.png 1086w, https:\/\/psihodrama.lv\/wp-content\/uploads\/2023\/07\/Avize-2-1-1320x1867.png 1320w, https:\/\/psihodrama.lv\/wp-content\/uploads\/2023\/07\/Avize-2-1.png 1414w\" sizes=\"(max-width: 724px) 100vw, 724px\" \/>\t\t\t\t\t\t\t\t<\/a>\n\t\t\t\t\t\t\t\t\t\t\t\t\t\t\t<\/div>\n\t\t\t\t<\/div>\n\t\t\t\t\t<\/div>\n\t\t<\/div>\n\t\t\t\t\t<\/div>\n\t\t<\/section>\n\t\t\t\t<\/div>\n\t\t","protected":false},"excerpt":{"rendered":"<p>\/*! elementor &#8211; v3.10.2 &#8211; 29-01-2023 *\/ .elementor-heading-title{padding:0;margin:0;line-height:1}.elementor-widget-heading .elementor-heading-title[class*=elementor-size-]&gt;a{color:inherit;font-size:inherit;line-height:inherit}.elementor-widget-heading .elementor-heading-title.elementor-size-small{font-size:15px}.elementor-widget-heading .elementor-heading-title.elementor-size-medium{font-size:19px}.elementor-widget-heading .elementor-heading-title.elementor-size-large{font-size:29px}.elementor-widget-heading .elementor-heading-title.elementor-size-xl{font-size:39px}.elementor-widget-heading .elementor-heading-title.elementor-size-xxl{font-size:59px} Dr\u012bzum\u0101 b\u016bs jaun\u0101kais av\u012bzes numurs&#8230; \/*! elementor &#8211; v3.10.2 &#8211; 29-01-2023 *\/ .elementor-widget-image{text-align:center}.elementor-widget-image a{display:inline-block}.elementor-widget-image a img[src$=&#8221;.svg&#8221;]{width:48px}.elementor-widget-image img{vertical-align:middle;display:inline-block}<\/p>\n","protected":false},"author":1,"featured_media":0,"parent":88,"menu_order":0,"comment_status":"closed","ping_status":"closed","template":"","meta":{"ocean_post_layout":"","ocean_both_sidebars_style":"","ocean_both_sidebars_content_width":0,"ocean_both_sidebars_sidebars_width":0,"ocean_sidebar":"","ocean_second_sidebar":"","ocean_disable_margins":"enable","ocean_add_body_class":"","ocean_shortcode_before_top_bar":"","ocean_shortcode_after_top_bar":"","ocean_shortcode_before_header":"","ocean_shortcode_after_header":"","ocean_has_shortcode":"","ocean_shortcode_after_title":"","ocean_shortcode_before_footer_widgets":"","ocean_shortcode_after_footer_widgets":"","ocean_shortcode_before_footer_bottom":"","ocean_shortcode_after_footer_bottom":"","ocean_display_top_bar":"default","ocean_display_header":"default","ocean_header_style":"","ocean_center_header_left_menu":"","ocean_custom_header_template":"","ocean_custom_logo":0,"ocean_custom_retina_logo":0,"ocean_custom_logo_max_width":0,"ocean_custom_logo_tablet_max_width":0,"ocean_custom_logo_mobile_max_width":0,"ocean_custom_logo_max_height":0,"ocean_custom_logo_tablet_max_height":0,"ocean_custom_logo_mobile_max_height":0,"ocean_header_custom_menu":"","ocean_menu_typo_font_family":"","ocean_menu_typo_font_subset":"","ocean_menu_typo_font_size":0,"ocean_menu_typo_font_size_tablet":0,"ocean_menu_typo_font_size_mobile":0,"ocean_menu_typo_font_size_unit":"px","ocean_menu_typo_font_weight":"","ocean_menu_typo_font_weight_tablet":"","ocean_menu_typo_font_weight_mobile":"","ocean_menu_typo_transform":"","ocean_menu_typo_transform_tablet":"","ocean_menu_typo_transform_mobile":"","ocean_menu_typo_line_height":0,"ocean_menu_typo_line_height_tablet":0,"ocean_menu_typo_line_height_mobile":0,"ocean_menu_typo_line_height_unit":"","ocean_menu_typo_spacing":0,"ocean_menu_typo_spacing_tablet":0,"ocean_menu_typo_spacing_mobile":0,"ocean_menu_typo_spacing_unit":"","ocean_menu_link_color":"","ocean_menu_link_color_hover":"","ocean_menu_link_color_active":"","ocean_menu_link_background":"","ocean_menu_link_hover_background":"","ocean_menu_link_active_background":"","ocean_menu_social_links_bg":"","ocean_menu_social_hover_links_bg":"","ocean_menu_social_links_color":"","ocean_menu_social_hover_links_color":"","ocean_disable_title":"default","ocean_disable_heading":"default","ocean_post_title":"","ocean_post_subheading":"","ocean_post_title_style":"","ocean_post_title_background_color":"","ocean_post_title_background":0,"ocean_post_title_bg_image_position":"","ocean_post_title_bg_image_attachment":"","ocean_post_title_bg_image_repeat":"","ocean_post_title_bg_image_size":"","ocean_post_title_height":0,"ocean_post_title_bg_overlay":0.5,"ocean_post_title_bg_overlay_color":"","ocean_disable_breadcrumbs":"default","ocean_breadcrumbs_color":"","ocean_breadcrumbs_separator_color":"","ocean_breadcrumbs_links_color":"","ocean_breadcrumbs_links_hover_color":"","ocean_display_footer_widgets":"default","ocean_display_footer_bottom":"default","ocean_custom_footer_template":"","footnotes":""},"class_list":["post-3700","page","type-page","status-publish","hentry","entry","owp-thumbs-layout-horizontal","owp-btn-normal","owp-tabs-layout-horizontal","has-no-thumbnails","circle-sale"],"_links":{"self":[{"href":"https:\/\/psihodrama.lv\/lv\/wp-json\/wp\/v2\/pages\/3700","targetHints":{"allow":["GET"]}}],"collection":[{"href":"https:\/\/psihodrama.lv\/lv\/wp-json\/wp\/v2\/pages"}],"about":[{"href":"https:\/\/psihodrama.lv\/lv\/wp-json\/wp\/v2\/types\/page"}],"author":[{"embeddable":true,"href":"https:\/\/psihodrama.lv\/lv\/wp-json\/wp\/v2\/users\/1"}],"replies":[{"embeddable":true,"href":"https:\/\/psihodrama.lv\/lv\/wp-json\/wp\/v2\/comments?post=3700"}],"version-history":[{"count":0,"href":"https:\/\/psihodrama.lv\/lv\/wp-json\/wp\/v2\/pages\/3700\/revisions"}],"up":[{"embeddable":true,"href":"https:\/\/psihodrama.lv\/lv\/wp-json\/wp\/v2\/pages\/88"}],"wp:attachment":[{"href":"https:\/\/psihodrama.lv\/lv\/wp-json\/wp\/v2\/media?parent=3700"}],"curies":[{"name":"wp","href":"https:\/\/api.w.org\/{rel}","templated":true}]}}