{"id":2572,"date":"2023-07-24T14:29:30","date_gmt":"2023-07-24T11:29:30","guid":{"rendered":"https:\/\/psihodrama.lv\/?page_id=2572"},"modified":"2026-02-06T20:14:21","modified_gmt":"2026-02-06T18:14:21","slug":"psihologijas-seminari-ikvienam","status":"publish","type":"page","link":"https:\/\/psihodrama.lv\/lv\/psihologijas-seminari-ikvienam\/","title":{"rendered":"Psiholo\u0123ijas semin\u0101ri ikvienam"},"content":{"rendered":"\t\t<div data-elementor-type=\"wp-page\" data-elementor-id=\"2572\" class=\"elementor elementor-2572\">\n\t\t\t\t<div class=\"elementor-element elementor-element-85e3e1e e-flex e-con-boxed e-con e-parent\" data-id=\"85e3e1e\" data-element_type=\"container\">\n\t\t\t\t\t<div class=\"e-con-inner\">\n\t\t\t\t<div class=\"elementor-element elementor-element-6d68d18 elementor-widget elementor-widget-heading\" data-id=\"6d68d18\" data-element_type=\"widget\" data-widget_type=\"heading.default\">\n\t\t\t\t<div class=\"elementor-widget-container\">\n\t\t\t\t\t<h2 class=\"elementor-heading-title elementor-size-default\">Apr\u012blis<\/h2>\t\t\t\t<\/div>\n\t\t\t\t<\/div>\n\t\t\t\t\t<\/div>\n\t\t\t\t<\/div>\n\t\t<div class=\"elementor-element elementor-element-76a5037 e-flex e-con-boxed e-con e-parent\" data-id=\"76a5037\" data-element_type=\"container\">\n\t\t\t\t\t<div class=\"e-con-inner\">\n\t\t\t\t<div class=\"elementor-element elementor-element-d88d974 elementor-widget elementor-widget-text-editor\" data-id=\"d88d974\" data-element_type=\"widget\" data-widget_type=\"text-editor.default\">\n\t\t\t\t<div class=\"elementor-widget-container\">\n\t\t\t\t\t\t\t\t\t<div><strong>Foto &#8211; psihoterapija<\/strong><\/div><div>\u00a0<\/div><div><strong>11.04.2026.- 12.04.2026. 10:00-17:00<\/strong><\/div><div><strong>Nodarb\u012bbas notiks L\u0101\u010dpl\u0113\u0161a iela 87, R\u012bg\u0101.<\/strong><\/div><div>\u00a0<\/div><div class=\"x11i5rnm xat24cr x1mh8g0r x1vvkbs xtlvy1s\"><div class=\"xdj266r x14z9mp xat24cr x1lziwak x1vvkbs\">Aicin\u0101m piedal\u012bties apm\u0101c\u012bbu semin\u0101r\u0101 Foto-psihoterapija.<\/div><div>\u00a0<\/div><div class=\"x14z9mp xat24cr x1lziwak x1vvkbs xtlvy1s\">Semin\u0101ra m\u0113r\u0137is \u2013 apg\u016bt darbu gan ar dal\u012bbnieku person\u012bg\u0101 fotoarh\u012bva att\u0113liem, gan ar simboliskiem fotogr\u0101fiskiem t\u0113liem un to rais\u012btaj\u0101m asoci\u0101cij\u0101m (da\u017e\u0101da veida fotokart\u0113m).<\/div><div>\u00a0<\/div><div class=\"x14z9mp xat24cr x1lziwak x1vvkbs xtlvy1s\">Semin\u0101ra programma:<\/div><div class=\"x14z9mp xat24cr x1lziwak x1vvkbs xtlvy1s\">* Fotogr\u0101fijas psiholo\u0123isk\u0101s funkcijas;<br class=\"html-br\" \/>* Fototerapijas teor\u0113tiskie un metodolo\u0123iskie pamati;<br class=\"html-br\" \/>* Fotogr\u0101fijas izmanto\u0161ana m\u0101kslas terapij\u0101 un psiholo\u0123iskaj\u0101 konsult\u0113\u0161an\u0101;<br class=\"html-br\" \/>* Autobiogr\u0101fisku att\u0113lu noz\u012bme;<br class=\"html-br\" \/>* Pa\u0161monitorings fototerapij\u0101;<br class=\"html-br\" \/>* Gatavas fotogr\u0101fijas izmanto\u0161ana projekt\u012bvaj\u0101 diagnostik\u0101;<br class=\"html-br\" \/>* Rekonstru\u0113jo\u0161\u0101 fotogr\u0101fija;<br class=\"html-br\" \/>* Atbalsto\u0161\u0101 fotogr\u0101fija;<br class=\"html-br\" \/>* \u0122imenes v\u0113stures veido\u0161ana ar fotokol\u0101\u017eas metodi;<br class=\"html-br\" \/>* Fotogr\u0101fija grupu darb\u0101;<br class=\"html-br\" \/>* Da\u017e\u0101di fotogr\u0101fijas izmanto\u0161anas veidi un m\u0113r\u0137i grupu darb\u0101;<br class=\"html-br\" \/>* Sp\u0113les un vingrin\u0101jumi darbam p\u0101ros;<br class=\"html-br\" \/>* Person\u012bg\u0101 arh\u012bva fotogr\u0101fiju un fotokar\u0161u izmanto\u0161ana psihodr\u0101m\u0101 (dz\u012bves l\u012bnijas veido\u0161ana, saruna ar \u201ciek\u0161\u0113jo karalieni\u201d, metaforisks pa\u0161portrets u.c.).<br class=\"html-br\" \/>* Fotomaratons;<br class=\"html-br\" \/>* Foto report\u0101\u017eas izveide par noteiktu t\u0113mu, dal\u012bbnieku darbu apsprie\u0161ana;<br class=\"html-br\" \/>* Fotokar\u0161u izmanto\u0161ana individu\u0101laj\u0101 un grupu darb\u0101;<br class=\"html-br\" \/>* Fotokar\u0161u ra\u0161an\u0101s v\u0113sture;<br class=\"html-br\" \/>* Fotolange un D\u017eoela Vokera vizu\u0101lie foto stimulu materi\u0101li;<br class=\"html-br\" \/>* Iepaz\u012b\u0161an\u0101s ar da\u017e\u0101diem fotokar\u0161u veidiem (Ullas Halkolas \u201cSpektrokartes\u201d, izdevniec\u012bbas Genesis fotokartes, autorkomplekti \u201cM\u0101ko\u0146i\u201d, \u201cLogi, durvis un tilti\u201d, \u201cDivsejainais J\u0101nuss\u201d, \u201cFotokartes\u201d).<\/div><div class=\"x14z9mp xat24cr x1lziwak x1vvkbs xtlvy1s\">Lai piedal\u012btos semin\u0101r\u0101, nepiecie\u0161ams:<\/div><div class=\"x14z9mp xat24cr x1lziwak x1vvkbs xtlvy1s\">* Fotogr\u0101fijas no person\u012bg\u0101 arh\u012bva (s\u0101kot no b\u0113rn\u012bbas; ne tikai \u0123imenes, bet ar\u012b no cit\u0101m dz\u012bves jom\u0101m).<\/div><div class=\"x14z9mp xat24cr x1lziwak x1vvkbs xtlvy1s\">* Digit\u0101lais fotoapar\u0101ts vai telefons ar kameru + vads fotogr\u0101fiju p\u0101rs\u016bt\u012b\u0161anai uz datoru.<\/div><div>\u00a0<\/div><div class=\"x14z9mp xat24cr x1lziwak x1vvkbs xtlvy1s\">Semin\u0101ra vad\u012bt\u0101ja \u2014 Je\u013cena Belinska<br class=\"html-br\" \/>Psiholo\u0123ijas ma\u0123istre, sertific\u0113ta psihodr\u0101mas terapeite, m\u0101kslas terapijas, pasaku terapijas un smil\u0161u terapijas apm\u0101c\u012bbu programmu autore un vad\u012bt\u0101ja. Daudzu rakstu un gr\u0101matu par psiholo\u0123isko darbu ar b\u0113rniem un pieaugu\u0161ajiem autore.<br class=\"html-br\" \/>Dz\u012bvo un str\u0101d\u0101 Polij\u0101 (Var\u0161av\u0101), ar pla\u0161u pieredzi grupu un individu\u0101laj\u0101 darb\u0101.<\/div><div>\u00a0<\/div><div class=\"x14z9mp xat24cr x1lziwak x1vvkbs xtlvy1s\">Semin\u0101ra valoda &#8211; krievu, ar tulkojumu uz latvie\u0161u valodu p\u0113c nepiecie\u0161am\u012bbas<\/div><div>\u00a0<\/div><div class=\"x14z9mp xat24cr x1lziwak x1vvkbs xtlvy1s\">Samaksa &#8211; 180.00 Eur<\/div><div>\u00a0<\/div><div class=\"x14z9mp xat24cr x1lziwak x1vvkbs xtlvy1s\">Re\u0123istr\u0101cija semin\u0101ram:\u00a0<a class=\"x1i10hfl xjbqb8w x1ejq31n x18oe1m7 x1sy0etr xstzfhl x972fbf x10w94by x1qhh985 x14e42zd x9f619 x1ypdohk xt0psk2 x3ct3a4 xdj266r x14z9mp xat24cr x1lziwak xexx8yu xyri2b x18d9i69 x1c1uobl x16tdsg8 x1hl2dhg xggy1nq x1a2a7pz xkrqix3 x1sur9pj x1fey0fg x1s688f\" tabindex=\"0\" role=\"link\" href=\"https:\/\/forms.gle\/o5GwCRK51sUqMoFY6?fbclid=IwZXh0bgNhZW0CMTAAYnJpZBExbmNiOWtTeHdpYWJDSGFrQgEe_5cmRyYEi4gp5tc8F0K0gfOpl_rORm6IlyyE2THD67EM5vVzlqpWqV0YpsU_aem__hYZ7mAl9oTiUk4jj8b29Q\" target=\"_blank\" rel=\"nofollow noopener\">https:\/\/forms.gle\/o5GwCRK51sUqMoFY6<\/a><\/div><\/div>\t\t\t\t\t\t\t\t<\/div>\n\t\t\t\t<\/div>\n\t\t\t\t\t<\/div>\n\t\t\t\t<\/div>\n\t\t<div class=\"elementor-element elementor-element-a9a2e51 e-flex e-con-boxed e-con e-parent\" data-id=\"a9a2e51\" data-element_type=\"container\">\n\t\t\t\t\t<div class=\"e-con-inner\">\n\t\t\t\t\t<\/div>\n\t\t\t\t<\/div>\n\t\t\t\t<\/div>\n\t\t","protected":false},"excerpt":{"rendered":"<p>Apr\u012blis Foto &#8211; psihoterapija\u00a011.04.2026.- 12.04.2026. 10:00-17:00Nodarb\u012bbas notiks L\u0101\u010dpl\u0113\u0161a iela 87, R\u012bg\u0101.\u00a0Aicin\u0101m piedal\u012bties apm\u0101c\u012bbu semin\u0101r\u0101 Foto-psihoterapija.\u00a0Semin\u0101ra m\u0113r\u0137is \u2013 apg\u016bt darbu gan ar dal\u012bbnieku person\u012bg\u0101 fotoarh\u012bva att\u0113liem, gan ar simboliskiem fotogr\u0101fiskiem t\u0113liem un to rais\u012btaj\u0101m asoci\u0101cij\u0101m (da\u017e\u0101da veida fotokart\u0113m).\u00a0Semin\u0101ra programma:* Fotogr\u0101fijas psiholo\u0123isk\u0101s funkcijas;* Fototerapijas teor\u0113tiskie un metodolo\u0123iskie pamati;* Fotogr\u0101fijas izmanto\u0161ana m\u0101kslas terapij\u0101 un psiholo\u0123iskaj\u0101 konsult\u0113\u0161an\u0101;* Autobiogr\u0101fisku att\u0113lu [&hellip;]<\/p>\n","protected":false},"author":1,"featured_media":0,"parent":0,"menu_order":0,"comment_status":"closed","ping_status":"closed","template":"","meta":{"ocean_post_layout":"","ocean_both_sidebars_style":"","ocean_both_sidebars_content_width":0,"ocean_both_sidebars_sidebars_width":0,"ocean_sidebar":"","ocean_second_sidebar":"","ocean_disable_margins":"enable","ocean_add_body_class":"","ocean_shortcode_before_top_bar":"","ocean_shortcode_after_top_bar":"","ocean_shortcode_before_header":"","ocean_shortcode_after_header":"","ocean_has_shortcode":"","ocean_shortcode_after_title":"","ocean_shortcode_before_footer_widgets":"","ocean_shortcode_after_footer_widgets":"","ocean_shortcode_before_footer_bottom":"","ocean_shortcode_after_footer_bottom":"","ocean_display_top_bar":"default","ocean_display_header":"default","ocean_header_style":"","ocean_center_header_left_menu":"","ocean_custom_header_template":"","ocean_custom_logo":0,"ocean_custom_retina_logo":0,"ocean_custom_logo_max_width":0,"ocean_custom_logo_tablet_max_width":0,"ocean_custom_logo_mobile_max_width":0,"ocean_custom_logo_max_height":0,"ocean_custom_logo_tablet_max_height":0,"ocean_custom_logo_mobile_max_height":0,"ocean_header_custom_menu":"","ocean_menu_typo_font_family":"","ocean_menu_typo_font_subset":"","ocean_menu_typo_font_size":0,"ocean_menu_typo_font_size_tablet":0,"ocean_menu_typo_font_size_mobile":0,"ocean_menu_typo_font_size_unit":"px","ocean_menu_typo_font_weight":"","ocean_menu_typo_font_weight_tablet":"","ocean_menu_typo_font_weight_mobile":"","ocean_menu_typo_transform":"","ocean_menu_typo_transform_tablet":"","ocean_menu_typo_transform_mobile":"","ocean_menu_typo_line_height":0,"ocean_menu_typo_line_height_tablet":0,"ocean_menu_typo_line_height_mobile":0,"ocean_menu_typo_line_height_unit":"","ocean_menu_typo_spacing":0,"ocean_menu_typo_spacing_tablet":0,"ocean_menu_typo_spacing_mobile":0,"ocean_menu_typo_spacing_unit":"","ocean_menu_link_color":"","ocean_menu_link_color_hover":"","ocean_menu_link_color_active":"","ocean_menu_link_background":"","ocean_menu_link_hover_background":"","ocean_menu_link_active_background":"","ocean_menu_social_links_bg":"","ocean_menu_social_hover_links_bg":"","ocean_menu_social_links_color":"","ocean_menu_social_hover_links_color":"","ocean_disable_title":"default","ocean_disable_heading":"default","ocean_post_title":"","ocean_post_subheading":"","ocean_post_title_style":"","ocean_post_title_background_color":"","ocean_post_title_background":0,"ocean_post_title_bg_image_position":"","ocean_post_title_bg_image_attachment":"","ocean_post_title_bg_image_repeat":"","ocean_post_title_bg_image_size":"","ocean_post_title_height":0,"ocean_post_title_bg_overlay":0.5,"ocean_post_title_bg_overlay_color":"","ocean_disable_breadcrumbs":"default","ocean_breadcrumbs_color":"","ocean_breadcrumbs_separator_color":"","ocean_breadcrumbs_links_color":"","ocean_breadcrumbs_links_hover_color":"","ocean_display_footer_widgets":"default","ocean_display_footer_bottom":"default","ocean_custom_footer_template":"","footnotes":""},"class_list":["post-2572","page","type-page","status-publish","hentry","entry","owp-thumbs-layout-horizontal","owp-btn-normal","owp-tabs-layout-horizontal","has-no-thumbnails","circle-sale"],"_links":{"self":[{"href":"https:\/\/psihodrama.lv\/lv\/wp-json\/wp\/v2\/pages\/2572","targetHints":{"allow":["GET"]}}],"collection":[{"href":"https:\/\/psihodrama.lv\/lv\/wp-json\/wp\/v2\/pages"}],"about":[{"href":"https:\/\/psihodrama.lv\/lv\/wp-json\/wp\/v2\/types\/page"}],"author":[{"embeddable":true,"href":"https:\/\/psihodrama.lv\/lv\/wp-json\/wp\/v2\/users\/1"}],"replies":[{"embeddable":true,"href":"https:\/\/psihodrama.lv\/lv\/wp-json\/wp\/v2\/comments?post=2572"}],"version-history":[{"count":45,"href":"https:\/\/psihodrama.lv\/lv\/wp-json\/wp\/v2\/pages\/2572\/revisions"}],"predecessor-version":[{"id":4812,"href":"https:\/\/psihodrama.lv\/lv\/wp-json\/wp\/v2\/pages\/2572\/revisions\/4812"}],"wp:attachment":[{"href":"https:\/\/psihodrama.lv\/lv\/wp-json\/wp\/v2\/media?parent=2572"}],"curies":[{"name":"wp","href":"https:\/\/api.w.org\/{rel}","templated":true}]}}