{"id":2528,"date":"2023-07-24T13:51:19","date_gmt":"2023-07-24T10:51:19","guid":{"rendered":"https:\/\/psihodrama.lv\/?page_id=2528"},"modified":"2026-02-26T12:44:16","modified_gmt":"2026-02-26T10:44:16","slug":"psihodrama-sociometrija-un-grupu-psihoterapija-2","status":"publish","type":"page","link":"https:\/\/psihodrama.lv\/lv\/apmacibas\/psihodrama-sociometrija-un-grupu-psihoterapija-2\/","title":{"rendered":"Psihodr\u0101ma, sociometrija un grupu psihoterapija"},"content":{"rendered":"\t\t<div data-elementor-type=\"wp-page\" data-elementor-id=\"2528\" class=\"elementor elementor-2528\">\n\t\t\t\t\t\t<section class=\"elementor-section elementor-top-section elementor-element elementor-element-c807a2c elementor-section-boxed elementor-section-height-default elementor-section-height-default\" data-id=\"c807a2c\" data-element_type=\"section\">\n\t\t\t\t\t\t<div class=\"elementor-container elementor-column-gap-default\">\n\t\t\t\t\t<div class=\"elementor-column elementor-col-100 elementor-top-column elementor-element elementor-element-94e56a5\" data-id=\"94e56a5\" data-element_type=\"column\">\n\t\t\t<div class=\"elementor-widget-wrap elementor-element-populated\">\n\t\t\t\t\t\t<div class=\"elementor-element elementor-element-4cd6144 elementor-widget elementor-widget-text-editor\" data-id=\"4cd6144\" data-element_type=\"widget\" data-widget_type=\"text-editor.default\">\n\t\t\t\t<div class=\"elementor-widget-container\">\n\t\t\t\t\t\t\t\t\t<div data-id=\"6321560\" data-element_type=\"widget\" data-widget_type=\"heading.default\"><div><h1 style=\"text-align: center;\">N\u0101kam\u0101s apm\u0101c\u012bbas grupas psihodr\u0101m\u0101, sociometrij\u0101 un grupu psihoterapij\u0101:<\/h1><\/div><\/div><div data-id=\"4ef8647\" data-element_type=\"widget\" data-widget_type=\"text-editor.default\"><div><p style=\"text-align: justify;\"><strong style=\"font-size: 15px; letter-spacing: 0.1px;\">2026.gada 4.septembr\u012b<\/strong><span style=\"font-size: 15px; letter-spacing: 0.1px;\">\u00a0studijas uzs\u0101ks jauna grupa &#8211; Psihodr\u0101mas, sociometrijas un grupu psihoterapijas speci\u0101lists (2.l\u012bmenis).<\/span><\/p><p style=\"text-align: justify;\"><b>2026.gada 16.oktobr\u012b<\/b> studijas uzs\u0101ks jauna grupa &#8211;\u00a0<span style=\"font-family: 'Lucida Sans Unicode', 'Lucida Grande', sans-serif; font-size: 15px; font-style: normal; font-weight: 300; letter-spacing: 0.1px;\">Psihodr\u0101mas, sociometrijas un grupu psihoterapijas asistents (1.l\u012bmenis).<\/span><\/p><\/div><\/div>\t\t\t\t\t\t\t\t<\/div>\n\t\t\t\t<\/div>\n\t\t\t\t\t<\/div>\n\t\t<\/div>\n\t\t\t\t\t<\/div>\n\t\t<\/section>\n\t\t\t\t<section class=\"elementor-section elementor-top-section elementor-element elementor-element-f32c105 elementor-section-boxed elementor-section-height-default elementor-section-height-default\" data-id=\"f32c105\" data-element_type=\"section\">\n\t\t\t\t\t\t<div class=\"elementor-container elementor-column-gap-default\">\n\t\t\t\t\t<div class=\"elementor-column elementor-col-100 elementor-top-column elementor-element elementor-element-7aab16b\" data-id=\"7aab16b\" data-element_type=\"column\">\n\t\t\t<div class=\"elementor-widget-wrap elementor-element-populated\">\n\t\t\t\t\t\t<div class=\"elementor-element elementor-element-c962d9b elementor-widget elementor-widget-heading\" data-id=\"c962d9b\" data-element_type=\"widget\" data-widget_type=\"heading.default\">\n\t\t\t\t<div class=\"elementor-widget-container\">\n\t\t\t\t\t<h2 class=\"elementor-heading-title elementor-size-default\"><span>Pieejam\u0101s apm\u0101c\u012bbas programmas psihodr\u0101m\u0101, sociodr\u0101m\u0101 un grupu psihoterapij\u0101<\/span><\/h2>\t\t\t\t<\/div>\n\t\t\t\t<\/div>\n\t\t\t\t\t<\/div>\n\t\t<\/div>\n\t\t\t\t\t<\/div>\n\t\t<\/section>\n\t\t\t\t<section class=\"elementor-section elementor-top-section elementor-element elementor-element-a9e06b2 elementor-section-boxed elementor-section-height-default elementor-section-height-default\" data-id=\"a9e06b2\" data-element_type=\"section\">\n\t\t\t\t\t\t<div class=\"elementor-container elementor-column-gap-default\">\n\t\t\t\t\t<div class=\"elementor-column elementor-col-100 elementor-top-column elementor-element elementor-element-51c8191\" data-id=\"51c8191\" data-element_type=\"column\">\n\t\t\t<div class=\"elementor-widget-wrap elementor-element-populated\">\n\t\t\t\t\t\t<div class=\"elementor-element elementor-element-e22b6e2 elementor-widget elementor-widget-toggle\" data-id=\"e22b6e2\" data-element_type=\"widget\" data-widget_type=\"toggle.default\">\n\t\t\t\t<div class=\"elementor-widget-container\">\n\t\t\t\t\t\t\t<div class=\"elementor-toggle\">\n\t\t\t\t\t\t\t<div class=\"elementor-toggle-item\">\n\t\t\t\t\t<div id=\"elementor-tab-title-2371\" class=\"elementor-tab-title\" data-tab=\"1\" role=\"button\" aria-controls=\"elementor-tab-content-2371\" aria-expanded=\"false\">\n\t\t\t\t\t\t\t\t\t\t\t\t<span class=\"elementor-toggle-icon elementor-toggle-icon-left\" aria-hidden=\"true\">\n\t\t\t\t\t\t\t\t\t\t\t\t\t\t\t<span class=\"elementor-toggle-icon-closed\"><svg class=\"e-font-icon-svg e-fas-caret-right\" viewBox=\"0 0 192 512\" xmlns=\"http:\/\/www.w3.org\/2000\/svg\"><path d=\"M0 384.662V127.338c0-17.818 21.543-26.741 34.142-14.142l128.662 128.662c7.81 7.81 7.81 20.474 0 28.284L34.142 398.804C21.543 411.404 0 402.48 0 384.662z\"><\/path><\/svg><\/span>\n\t\t\t\t\t\t\t\t<span class=\"elementor-toggle-icon-opened\"><svg class=\"elementor-toggle-icon-opened e-font-icon-svg e-fas-caret-up\" viewBox=\"0 0 320 512\" xmlns=\"http:\/\/www.w3.org\/2000\/svg\"><path d=\"M288.662 352H31.338c-17.818 0-26.741-21.543-14.142-34.142l128.662-128.662c7.81-7.81 20.474-7.81 28.284 0l128.662 128.662c12.6 12.599 3.676 34.142-14.142 34.142z\"><\/path><\/svg><\/span>\n\t\t\t\t\t\t\t\t\t\t\t\t\t<\/span>\n\t\t\t\t\t\t\t\t\t\t\t\t<a class=\"elementor-toggle-title\" tabindex=\"0\">Psihodr\u0101mas asistents<\/a>\n\t\t\t\t\t<\/div>\n\n\t\t\t\t\t<div id=\"elementor-tab-content-2371\" class=\"elementor-tab-content elementor-clearfix\" data-tab=\"1\" role=\"region\" aria-labelledby=\"elementor-tab-title-2371\"><div class=\"kvgmc6g5 cxmmr5t8 oygrvhab hcukyx3x c1et5uql\" style=\"text-align: justify;\">Psihodr\u0101ma ir Latvij\u0101 un pasaul\u0113 atz\u012bts psihoterapijas virziens, kur\u0101 izmanto darb\u012bbas metodes, lai klients dinamisk\u0101k sasniegtu savu izvirz\u012bto m\u0113r\u0137i.<\/div><div class=\"o9v6fnle cxmmr5t8 oygrvhab hcukyx3x c1et5uql\" style=\"text-align: justify;\">Ieg\u016bt\u0101s zin\u0101\u0161anas un prasmes var izmantot da\u017e\u0101d\u0101s profesion\u0101l\u0101s sf\u0113r\u0101s \u2013 organiz\u0101cij\u0101s, kl\u012bnik\u0101s, pedago\u0123ij\u0101, konsult\u0113\u0161ana u.c.<\/div><div style=\"text-align: justify;\">\u00a0<\/div><div class=\"o9v6fnle cxmmr5t8 oygrvhab hcukyx3x c1et5uql\" style=\"text-align: justify;\">Moreno Instit\u016bta Latvij\u0101 m\u0101c\u012bbu programma paredz\u0113ta speci\u0101listiem ar augst\u0101ko izgl\u012bt\u012bbu medic\u012bn\u0101, humanit\u0101raj\u0101s un soci\u0101laj\u0101s zin\u0101tn\u0113s (\u0101rsti, psihologi, pedagogi, soci\u0101lie darbinieki, u.c.).<\/div><div class=\"o9v6fnle cxmmr5t8 oygrvhab hcukyx3x c1et5uql\" style=\"text-align: justify;\">M\u0101c\u012bbu programma atbilst starptautisk\u0101m psihoterapeitu apm\u0101c\u012bbas pras\u012bb\u0101m un standartiem.\u00a0<\/div><div style=\"text-align: justify;\">\u00a0<\/div><div class=\"o9v6fnle cxmmr5t8 oygrvhab hcukyx3x c1et5uql\" style=\"text-align: justify;\"><strong>M\u0101c\u012bbu ilgums:<\/strong>\u00a02 gadi; kopum\u0101 izgl\u012bt\u012bba dod 660 izgl\u012bt\u012bbas stundas<\/div><div style=\"text-align: justify;\">\u00a0<\/div><div class=\"o9v6fnle cxmmr5t8 oygrvhab hcukyx3x c1et5uql\" style=\"text-align: justify;\"><strong>Darba pl\u0101ns:<\/strong>\u00a0apm\u0101c\u012bba notiks semin\u0101ru veid\u0101 1 reizi m\u0113nes\u012b \u2013 ned\u0113\u013cas nogal\u0113 (no piektdienas p\u0113cpusdienas l\u012bdz sv\u0113tdienas p\u0113cpusdienai). Gad\u0101: 9-10 semin\u0101ri, vasar\u0101 p\u0101rtraukums ( 2.m\u0113n.). Kop\u0101 izgl\u012bt\u012bb\u0101 \u2013 19. semin\u0101ri.<\/div><div style=\"text-align: justify;\">\u00a0<\/div><div class=\"o9v6fnle cxmmr5t8 oygrvhab hcukyx3x c1et5uql\" style=\"text-align: justify;\"><strong>Ieguvumi:<\/strong>\u00a0\u0160\u012b izgl\u012bt\u012bba dos jums pa\u0161pieredzi, kura ir k\u0101 noteikums, lai var\u0113tu metodes izmantot atbild\u012bgi. K\u0101 psihodr\u0101mas Asistents j\u016bs var\u0113siet pal\u012bdz\u0113t terapeitiskaj\u0101s psihodr\u0101mas grup\u0101s un izmantot da\u017eas tehnikas j\u016bsu darb\u0101 ar klientiem, pacientiem un grup\u0101m.<\/div><div style=\"text-align: justify;\">\u00a0<\/div><div class=\"o9v6fnle cxmmr5t8 oygrvhab hcukyx3x c1et5uql\" style=\"text-align: justify;\"><strong>Maksa:<\/strong>\u00a0220 EUR par semin\u0101ru (tai skait\u0101 PVN, kafijas pauzes)<\/div><div style=\"text-align: justify;\">\u00a0<\/div><div class=\"o9v6fnle cxmmr5t8 oygrvhab hcukyx3x c1et5uql\" style=\"text-align: justify;\"><strong>Uz\u0146em\u0161ana:<\/strong><\/div><div class=\"o9v6fnle cxmmr5t8 oygrvhab hcukyx3x c1et5uql\" style=\"text-align: justify;\"><strong><a href=\"https:\/\/forms.gle\/HWk8SXbCEjwtWsVM7\">Re\u0123istr\u0101cijas veidlapa<\/a><\/strong><\/div><div>Motiv\u0101cijas v\u0113stule, j\u0101nos\u016bta uz e-pasta adresi moreno.instituts@gmail.com<\/div><div class=\"o9v6fnle cxmmr5t8 oygrvhab hcukyx3x c1et5uql\" style=\"text-align: justify;\">Individu\u0101l\u0101s p\u0101rrunas<br \/>Dokumenti \u2013 Diploma kopiju par augst\u0101ko izgl\u012bt\u012bbu (vai izzi\u0146u par studij\u0101m augstskolas vec\u0101k\u0101 kurs\u0101)<\/div><div style=\"text-align: justify;\">\u00a0<\/div><div class=\"o9v6fnle cxmmr5t8 oygrvhab hcukyx3x c1et5uql\" style=\"text-align: justify;\"><strong>Papildus inform\u0101cija:<\/strong><\/div><div class=\"o9v6fnle cxmmr5t8 oygrvhab hcukyx3x c1et5uql\" style=\"text-align: justify;\">Jolanta Balti\u0146a\u00a0moreno.instituts@gmail.com\u00a0vai zvanot\u00a0<a href=\"tel:+37129357376\">+371 29357376<\/a><\/div><\/div>\n\t\t\t\t<\/div>\n\t\t\t\t\t\t\t<div class=\"elementor-toggle-item\">\n\t\t\t\t\t<div id=\"elementor-tab-title-2372\" class=\"elementor-tab-title\" data-tab=\"2\" role=\"button\" aria-controls=\"elementor-tab-content-2372\" aria-expanded=\"false\">\n\t\t\t\t\t\t\t\t\t\t\t\t<span class=\"elementor-toggle-icon elementor-toggle-icon-left\" aria-hidden=\"true\">\n\t\t\t\t\t\t\t\t\t\t\t\t\t\t\t<span class=\"elementor-toggle-icon-closed\"><svg class=\"e-font-icon-svg e-fas-caret-right\" viewBox=\"0 0 192 512\" xmlns=\"http:\/\/www.w3.org\/2000\/svg\"><path d=\"M0 384.662V127.338c0-17.818 21.543-26.741 34.142-14.142l128.662 128.662c7.81 7.81 7.81 20.474 0 28.284L34.142 398.804C21.543 411.404 0 402.48 0 384.662z\"><\/path><\/svg><\/span>\n\t\t\t\t\t\t\t\t<span class=\"elementor-toggle-icon-opened\"><svg class=\"elementor-toggle-icon-opened e-font-icon-svg e-fas-caret-up\" viewBox=\"0 0 320 512\" xmlns=\"http:\/\/www.w3.org\/2000\/svg\"><path d=\"M288.662 352H31.338c-17.818 0-26.741-21.543-14.142-34.142l128.662-128.662c7.81-7.81 20.474-7.81 28.284 0l128.662 128.662c12.6 12.599 3.676 34.142-14.142 34.142z\"><\/path><\/svg><\/span>\n\t\t\t\t\t\t\t\t\t\t\t\t\t<\/span>\n\t\t\t\t\t\t\t\t\t\t\t\t<a class=\"elementor-toggle-title\" tabindex=\"0\">Psihodr\u0101mas l\u012bderis\ufeff<\/a>\n\t\t\t\t\t<\/div>\n\n\t\t\t\t\t<div id=\"elementor-tab-content-2372\" class=\"elementor-tab-content elementor-clearfix\" data-tab=\"2\" role=\"region\" aria-labelledby=\"elementor-tab-title-2372\"><p style=\"text-align: justify;\"><strong>Pras\u012bbas:<\/strong>&nbsp;augst\u0101k\u0101 izgl\u012bt\u012bba un asistenta izgl\u012bt\u012bba psihodr\u0101m\u0101, sociometrij\u0101 un grupu psihoterapij\u0101<\/p>\n<p style=\"text-align: justify;\"><strong>M\u0101c\u012bbu ilgums:<\/strong>&nbsp;3.gadi<\/p>\n<p style=\"text-align: justify;\"><strong>M\u0101c\u012bbu stundas:<\/strong>&nbsp;940 stundas<\/p>\n<p style=\"text-align: justify;\"><strong>Tituls:<\/strong>&nbsp;Psihodr\u0101mas l\u012bderis \/ psihodr\u0101mas, sociometrijas un grupu psihoterapijas speci\u0101lists\/psihoterapeits<\/p>\n<p style=\"text-align: justify;\"><strong>Eks\u0101mens:<\/strong>&nbsp;Refer\u0101ts (supervizora vad\u012bb\u0101) un eks\u0101mens uz vietas.<\/p>\n<p style=\"text-align: justify;\"><strong>N\u0101kam\u0101s grupas s\u0101kums:<\/strong> 2026. gada 4.septembris<\/p>\n<p style=\"text-align: justify;\">Apm\u0101c\u012bbas nol\u016bks ir, lai nodro\u0161in\u0101tu studentus ar instrumentiem, zin\u0101\u0161an\u0101m un vair\u0101k dro\u0161\u012bbas labi vad\u012bt, b\u016bt gatavam pareizi un nesare\u017e\u0123\u012bti vad\u012bt psihodr\u0101mas darbaviet\u0101 un pa\u0161pieredzi grup\u0101s.<\/p>\n<p style=\"text-align: justify;\">Pastiprin\u0101ti piev\u0113rs\u012bsies padzi\u013cin\u0101tai J.L. Moreno teorijai un cit\u0101m noz\u012bm\u012bg\u0101m teorij\u0101m. Teor\u0113tiskie semin\u0101ri tiks pazi\u0146oti vienu gadu iepriek\u0161, lai studenti var\u0113tu sevi iepriek\u0161 sagatavot katram no tiem.<\/p>\n<p style=\"text-align: justify;\"><strong>M\u0101c\u012bbu programma:<br><\/strong>M\u0101c\u012bbu programma atbilst starptautisk\u0101m psihoterapeitu apm\u0101c\u012bbas pras\u012bb\u0101m un standartiem.&nbsp;<\/p>\n<p style=\"text-align: justify;\"><strong>Darba pl\u0101ns<\/strong>: apm\u0101c\u012bba notiks semin\u0101ru veid\u0101 1 reizi divos m\u0113ne\u0161os \u2013 ned\u0113\u013cas nogal\u0113 (no piektdienas p\u0113cpusdienas l\u012bdz sv\u0113tdienas p\u0113cpusdienai). Gad\u0101: 6-7 semin\u0101ri, vasar\u0101 p\u0101rtraukums ( 2.m\u0113n.).<\/p>\n<p style=\"text-align: justify;\"><strong>Maksa:<\/strong>&nbsp;220 EUR par semin\u0101ru (tai skait\u0101 PVN un kafijas pauzes)<\/p>\n<p style=\"text-align: justify;\"><strong>Pieteik\u0161an\u0101s studij\u0101m notiek&nbsp;<\/strong>elektroniski s\u016btot savu pieteikumu uz e-pastu&nbsp;<a href=\"mailto:jolanta.baltina@gmail.com\">moreno.instituts@gmail.com<\/a><\/p>\n<p style=\"text-align: justify;\"><strong>Uz\u0146em\u0161ana:<\/strong><\/p>\n<ol type=\"1\">\n<li style=\"text-align: justify;\">Pieteikuma veidlapa: <strong><a href=\"https:\/\/forms.gle\/5PS7kbJKPAt3C1SL9\">\u0160eit<\/a><\/strong>&nbsp;<\/li>\n<li style=\"text-align: justify;\">Dokumenti \u2013&nbsp; Iepriek\u0161 sekm\u012bgi apg\u016bta Psihodr\u0101mas, sociometrijas un grupu psihoterapeita \u2013 asistenta kvalifik\u0101cija<\/li>\n<li>Argument\u0113ta eseja<\/li>\n<\/ol><\/div>\n\t\t\t\t<\/div>\n\t\t\t\t\t\t\t<div class=\"elementor-toggle-item\">\n\t\t\t\t\t<div id=\"elementor-tab-title-2373\" class=\"elementor-tab-title\" data-tab=\"3\" role=\"button\" aria-controls=\"elementor-tab-content-2373\" aria-expanded=\"false\">\n\t\t\t\t\t\t\t\t\t\t\t\t<span class=\"elementor-toggle-icon elementor-toggle-icon-left\" aria-hidden=\"true\">\n\t\t\t\t\t\t\t\t\t\t\t\t\t\t\t<span class=\"elementor-toggle-icon-closed\"><svg class=\"e-font-icon-svg e-fas-caret-right\" viewBox=\"0 0 192 512\" xmlns=\"http:\/\/www.w3.org\/2000\/svg\"><path d=\"M0 384.662V127.338c0-17.818 21.543-26.741 34.142-14.142l128.662 128.662c7.81 7.81 7.81 20.474 0 28.284L34.142 398.804C21.543 411.404 0 402.48 0 384.662z\"><\/path><\/svg><\/span>\n\t\t\t\t\t\t\t\t<span class=\"elementor-toggle-icon-opened\"><svg class=\"elementor-toggle-icon-opened e-font-icon-svg e-fas-caret-up\" viewBox=\"0 0 320 512\" xmlns=\"http:\/\/www.w3.org\/2000\/svg\"><path d=\"M288.662 352H31.338c-17.818 0-26.741-21.543-14.142-34.142l128.662-128.662c7.81-7.81 20.474-7.81 28.284 0l128.662 128.662c12.6 12.599 3.676 34.142-14.142 34.142z\"><\/path><\/svg><\/span>\n\t\t\t\t\t\t\t\t\t\t\t\t\t<\/span>\n\t\t\t\t\t\t\t\t\t\t\t\t<a class=\"elementor-toggle-title\" tabindex=\"0\">CP Sertific\u0113ts prakti\u0137is<\/a>\n\t\t\t\t\t<\/div>\n\n\t\t\t\t\t<div id=\"elementor-tab-content-2373\" class=\"elementor-tab-content elementor-clearfix\" data-tab=\"3\" role=\"region\" aria-labelledby=\"elementor-tab-title-2373\"><p style=\"text-align: justify;\"><strong>Pras\u012bbas:\u00a0<\/strong>l\u012bdera eks\u0101mens un psihodr\u0101mas prakse divu gadu laik\u0101<\/p><p style=\"text-align: justify;\"><strong>L\u012bmenis:\u00a0<\/strong>profesion\u0101l\u0101 apm\u0101c\u012bba un superv\u012bzija<\/p><p style=\"text-align: justify;\"><strong>M\u0101c\u012bbu ilgums:<\/strong>\u00a0individu\u0101ls<\/p><p style=\"text-align: justify;\"><strong>M\u0101c\u012bbu stundas:<\/strong>\u00a0700 stundas (500 stundas pa\u0161vad\u012btas grupas, 100 stundas superv\u012bzijas \u2013 situ\u0101ciju superv\u012bzijas, superv\u012bzijas atra\u0161an\u0101s viet\u0101, diagnostic\u0113jo\u0161\u0101 superv\u012bzija, 100 stundas apm\u0101c\u012bba )<\/p><p style=\"text-align: justify;\"><strong>Tituls:\u00a0<\/strong>psihodr\u0101mas vad\u012bt\u0101js, treneris, superv\u012bzors<\/p><p style=\"text-align: justify;\"><strong>Eks\u0101mens:\u00a0<\/strong>Rakstiskais eks\u0101mens dienas garum\u0101 (sekojo\u0161\u0101s sf\u0113ras Moreno psiholo\u0123ij\u0101: v\u0113sture, filozofija, metodolo\u0123ija, sociometrija, \u0113tika, p\u0113t\u012bjumi un radniecisk\u0101s nozares). Un uz vietas sesija pus dienas garum\u0101 psihodr\u0101mas semin\u0101rs ar izv\u0113l\u0113tu t\u0113mu saist\u012btu ar studenta praktisko darbu (uzrunu, iesild\u012b\u0161anos, psihodr\u0101mu). Ir j\u0101piedal\u0101s TEP no cita instit\u016bta.<\/p><\/div>\n\t\t\t\t<\/div>\n\t\t\t\t\t\t\t<div class=\"elementor-toggle-item\">\n\t\t\t\t\t<div id=\"elementor-tab-title-2374\" class=\"elementor-tab-title\" data-tab=\"4\" role=\"button\" aria-controls=\"elementor-tab-content-2374\" aria-expanded=\"false\">\n\t\t\t\t\t\t\t\t\t\t\t\t<span class=\"elementor-toggle-icon elementor-toggle-icon-left\" aria-hidden=\"true\">\n\t\t\t\t\t\t\t\t\t\t\t\t\t\t\t<span class=\"elementor-toggle-icon-closed\"><svg class=\"e-font-icon-svg e-fas-caret-right\" viewBox=\"0 0 192 512\" xmlns=\"http:\/\/www.w3.org\/2000\/svg\"><path d=\"M0 384.662V127.338c0-17.818 21.543-26.741 34.142-14.142l128.662 128.662c7.81 7.81 7.81 20.474 0 28.284L34.142 398.804C21.543 411.404 0 402.48 0 384.662z\"><\/path><\/svg><\/span>\n\t\t\t\t\t\t\t\t<span class=\"elementor-toggle-icon-opened\"><svg class=\"elementor-toggle-icon-opened e-font-icon-svg e-fas-caret-up\" viewBox=\"0 0 320 512\" xmlns=\"http:\/\/www.w3.org\/2000\/svg\"><path d=\"M288.662 352H31.338c-17.818 0-26.741-21.543-14.142-34.142l128.662-128.662c7.81-7.81 20.474-7.81 28.284 0l128.662 128.662c12.6 12.599 3.676 34.142-14.142 34.142z\"><\/path><\/svg><\/span>\n\t\t\t\t\t\t\t\t\t\t\t\t\t<\/span>\n\t\t\t\t\t\t\t\t\t\t\t\t<a class=\"elementor-toggle-title\" tabindex=\"0\">TEP Treneris, Skolot\u0101js, Prakti\u0137is<\/a>\n\t\t\t\t\t<\/div>\n\n\t\t\t\t\t<div id=\"elementor-tab-content-2374\" class=\"elementor-tab-content elementor-clearfix\" data-tab=\"4\" role=\"region\" aria-labelledby=\"elementor-tab-title-2374\"><p style=\"text-align: justify;\"><strong>L\u012bmenis:<\/strong>\u00a0apm\u0101c\u012bbas speci\u0101lists<\/p><p style=\"text-align: justify;\"><strong>M\u0101c\u012bbu ilgums:\u00a0<\/strong>individu\u0101ls TEP supervizora vad\u012bb\u0101<\/p><p style=\"text-align: justify;\"><strong>Tituls:\u00a0<\/strong>TEP ar ties\u012bb\u0101m izveidot instit\u016btu vai apm\u0101c\u012bbas programmu, kas b\u016btu atz\u012bts no NBBE ( Zieme\u013cvalstu un Baltijas valstu Eksamin\u0101cijas valde psihodr\u0101m\u0101, sociometrij\u0101 un grupu psihoterapij\u0101), ja tai ir t\u0101di pa\u0161i standarti.<\/p><p style=\"text-align: justify;\"><strong>Pras\u012bbas:\u00a0<\/strong>\u00a03 gadu superv\u012bzija darbojoties psihodr\u0101mas, sociometrijas, sociodr\u0101mas un grupu psihoterapijas apm\u0101c\u012bb\u0101 p\u0113c CP l\u012bme\u0146a.<\/p><ul style=\"text-align: justify;\"><li>Minimums 600 stundas notieko\u0161as psihodr\u0101mas grupas vad\u012b\u0161ana<\/li><li>Minimums 200 stundas psihodr\u0101mas apm\u0101c\u012bba, k\u0101d\u0101 no psihodr\u0101mas apm\u0101c\u012bbas programm\u0101m<\/li><li>Superv\u012bzijas 200 stundas (minimums) triju gadu laik\u0101. Superv\u012bzijai ir j\u0101notiek TEPs vad\u012bb\u0101.<\/li><li>Dot superv\u012bzijas komandas vai grupas robe\u017e\u0101s gar\u012bg\u0101s vesel\u012bbas lauku, izgl\u012bt\u012bbu, komunik\u0101cij\u0101 vai biznes\u0101 \u2013 minimums 100 stundas<\/li><li>Kandid\u0101tam ir j\u0101izstr\u0101d\u0101, j\u0101\u012bsteno un j\u0101nov\u0113rt\u0113 m\u0101c\u012bbu programma TEP supervizora uzraudz\u012bb\u0101<\/li><li>Uzrakst\u012bt rakstu par trenera lomu (apm\u0113ram 10 lapas)<\/li><li>Sociometrija: kandid\u0101tam ir j\u0101nodemonstr\u0113 prasmes sociogramas veido\u0161an\u0101, t\u0101s anal\u012bz\u0113 un pielietojumu grup\u0101 un grupas terapij\u0101. (minimums 100 stundas)<\/li><li>Rekomend\u0101cija: kandid\u0101tam ir j\u0101b\u016bt div\u0101m rekomend\u0101cij\u0101m no cilv\u0113kiem, kuriem ir TEP tituls, no Baltijas, Skandin\u0101vu, Austr\u0101lijas, Be-Ne-Luks vai Amerikas ekspertu biedr\u012bbas.<\/li><\/ul><p style=\"text-align: justify;\"><strong>Eks\u0101mens:<\/strong><\/p><ul><li style=\"text-align: justify;\"><strong>Rakstiskais<\/strong>\u00a0eks\u0101mens dienas garum\u0101 (12 stundas pa 45 min\u016bt\u0113m). \u0160is tests\u00a0 prasa daudz dzi\u013c\u0101kas zin\u0101\u0161anas p\u0113t\u0101maj\u0101 nozar\u0113 \u2013 testa l\u012bmenis ir b\u016btiski augst\u0101ks t\u0101d\u0101 pa\u0161\u0101 nozar\u0113 k\u0101 CP \u2013 l\u012bmenis.<\/li><li style=\"text-align: justify;\"><strong>Uz vietas<\/strong>\u00a0pilnas dienas prezent\u0101cija un demonstr\u0101cija, kur\u0101 students par\u0101da savas zin\u0101\u0161anas, prasmes k\u0101d\u0101 specifisk\u0101 t\u0113m\u0101 kas attiecas uz psihodr\u0101mu, sociodr\u0101mu, sociometriju vai grupu psihoterapiju (kop\u0101 gan teor\u0113tisko da\u013cu, gan praktisko da\u013cu).<\/li><li style=\"text-align: justify;\"><strong>Uz vietas intervija:\u00a0<\/strong>saist\u012bb\u0101 ar savu demonstr\u0113to sesiju studentam ir j\u0101vada intervija ar k\u0101du no valdes locek\u013ciem.<\/li><\/ul><\/div>\n\t\t\t\t<\/div>\n\t\t\t\t\t\t\t\t<\/div>\n\t\t\t\t\t\t<\/div>\n\t\t\t\t<\/div>\n\t\t\t\t\t<\/div>\n\t\t<\/div>\n\t\t\t\t\t<\/div>\n\t\t<\/section>\n\t\t\t\t<\/div>\n\t\t","protected":false},"excerpt":{"rendered":"<p>N\u0101kam\u0101s apm\u0101c\u012bbas grupas psihodr\u0101m\u0101, sociometrij\u0101 un grupu psihoterapij\u0101: 2026.gada 4.septembr\u012b\u00a0studijas uzs\u0101ks jauna grupa &#8211; Psihodr\u0101mas, sociometrijas un grupu psihoterapijas speci\u0101lists (2.l\u012bmenis). 2026.gada 16.oktobr\u012b studijas uzs\u0101ks jauna grupa &#8211;\u00a0Psihodr\u0101mas, sociometrijas un grupu psihoterapijas asistents (1.l\u012bmenis). Pieejam\u0101s apm\u0101c\u012bbas programmas psihodr\u0101m\u0101, sociodr\u0101m\u0101 un grupu psihoterapij\u0101 Psihodr\u0101mas asistents Psihodr\u0101ma ir Latvij\u0101 un pasaul\u0113 atz\u012bts psihoterapijas virziens, kur\u0101 izmanto darb\u012bbas [&hellip;]<\/p>\n","protected":false},"author":1,"featured_media":0,"parent":178,"menu_order":0,"comment_status":"closed","ping_status":"closed","template":"","meta":{"ocean_post_layout":"","ocean_both_sidebars_style":"","ocean_both_sidebars_content_width":0,"ocean_both_sidebars_sidebars_width":0,"ocean_sidebar":"0","ocean_second_sidebar":"0","ocean_disable_margins":"enable","ocean_add_body_class":"","ocean_shortcode_before_top_bar":"","ocean_shortcode_after_top_bar":"","ocean_shortcode_before_header":"","ocean_shortcode_after_header":"","ocean_has_shortcode":"","ocean_shortcode_after_title":"","ocean_shortcode_before_footer_widgets":"","ocean_shortcode_after_footer_widgets":"","ocean_shortcode_before_footer_bottom":"","ocean_shortcode_after_footer_bottom":"","ocean_display_top_bar":"default","ocean_display_header":"default","ocean_header_style":"","ocean_center_header_left_menu":"0","ocean_custom_header_template":"0","ocean_custom_logo":0,"ocean_custom_retina_logo":0,"ocean_custom_logo_max_width":0,"ocean_custom_logo_tablet_max_width":0,"ocean_custom_logo_mobile_max_width":0,"ocean_custom_logo_max_height":0,"ocean_custom_logo_tablet_max_height":0,"ocean_custom_logo_mobile_max_height":0,"ocean_header_custom_menu":"0","ocean_menu_typo_font_family":"0","ocean_menu_typo_font_subset":"","ocean_menu_typo_font_size":0,"ocean_menu_typo_font_size_tablet":0,"ocean_menu_typo_font_size_mobile":0,"ocean_menu_typo_font_size_unit":"px","ocean_menu_typo_font_weight":"","ocean_menu_typo_font_weight_tablet":"","ocean_menu_typo_font_weight_mobile":"","ocean_menu_typo_transform":"","ocean_menu_typo_transform_tablet":"","ocean_menu_typo_transform_mobile":"","ocean_menu_typo_line_height":0,"ocean_menu_typo_line_height_tablet":0,"ocean_menu_typo_line_height_mobile":0,"ocean_menu_typo_line_height_unit":"","ocean_menu_typo_spacing":0,"ocean_menu_typo_spacing_tablet":0,"ocean_menu_typo_spacing_mobile":0,"ocean_menu_typo_spacing_unit":"","ocean_menu_link_color":"","ocean_menu_link_color_hover":"","ocean_menu_link_color_active":"","ocean_menu_link_background":"","ocean_menu_link_hover_background":"","ocean_menu_link_active_background":"","ocean_menu_social_links_bg":"","ocean_menu_social_hover_links_bg":"","ocean_menu_social_links_color":"","ocean_menu_social_hover_links_color":"","ocean_disable_title":"default","ocean_disable_heading":"default","ocean_post_title":"","ocean_post_subheading":"","ocean_post_title_style":"","ocean_post_title_background_color":"","ocean_post_title_background":0,"ocean_post_title_bg_image_position":"","ocean_post_title_bg_image_attachment":"","ocean_post_title_bg_image_repeat":"","ocean_post_title_bg_image_size":"","ocean_post_title_height":0,"ocean_post_title_bg_overlay":0.5,"ocean_post_title_bg_overlay_color":"","ocean_disable_breadcrumbs":"default","ocean_breadcrumbs_color":"","ocean_breadcrumbs_separator_color":"","ocean_breadcrumbs_links_color":"","ocean_breadcrumbs_links_hover_color":"","ocean_display_footer_widgets":"default","ocean_display_footer_bottom":"default","ocean_custom_footer_template":"0","footnotes":""},"class_list":["post-2528","page","type-page","status-publish","hentry","entry","owp-thumbs-layout-horizontal","owp-btn-normal","owp-tabs-layout-horizontal","has-no-thumbnails","circle-sale"],"_links":{"self":[{"href":"https:\/\/psihodrama.lv\/lv\/wp-json\/wp\/v2\/pages\/2528","targetHints":{"allow":["GET"]}}],"collection":[{"href":"https:\/\/psihodrama.lv\/lv\/wp-json\/wp\/v2\/pages"}],"about":[{"href":"https:\/\/psihodrama.lv\/lv\/wp-json\/wp\/v2\/types\/page"}],"author":[{"embeddable":true,"href":"https:\/\/psihodrama.lv\/lv\/wp-json\/wp\/v2\/users\/1"}],"replies":[{"embeddable":true,"href":"https:\/\/psihodrama.lv\/lv\/wp-json\/wp\/v2\/comments?post=2528"}],"version-history":[{"count":12,"href":"https:\/\/psihodrama.lv\/lv\/wp-json\/wp\/v2\/pages\/2528\/revisions"}],"predecessor-version":[{"id":4834,"href":"https:\/\/psihodrama.lv\/lv\/wp-json\/wp\/v2\/pages\/2528\/revisions\/4834"}],"up":[{"embeddable":true,"href":"https:\/\/psihodrama.lv\/lv\/wp-json\/wp\/v2\/pages\/178"}],"wp:attachment":[{"href":"https:\/\/psihodrama.lv\/lv\/wp-json\/wp\/v2\/media?parent=2528"}],"curies":[{"name":"wp","href":"https:\/\/api.w.org\/{rel}","templated":true}]}}