{"id":2235,"date":"2023-01-25T17:32:39","date_gmt":"2023-01-25T15:32:39","guid":{"rendered":"https:\/\/psihodrama.lv\/?page_id=2235"},"modified":"2023-01-25T17:32:39","modified_gmt":"2023-01-25T15:32:39","slug":"biedriba","status":"publish","type":"page","link":"https:\/\/psihodrama.lv\/lv\/biedriba\/","title":{"rendered":"Biedr\u012bba"},"content":{"rendered":"\t\t<div data-elementor-type=\"wp-page\" data-elementor-id=\"2235\" class=\"elementor elementor-2235\">\n\t\t\t\t\t\t<section class=\"elementor-section elementor-top-section elementor-element elementor-element-547bdda elementor-section-boxed elementor-section-height-default elementor-section-height-default\" data-id=\"547bdda\" data-element_type=\"section\">\n\t\t\t\t\t\t<div class=\"elementor-container elementor-column-gap-default\">\n\t\t\t\t\t<div class=\"elementor-column elementor-col-100 elementor-top-column elementor-element elementor-element-63f8b70\" data-id=\"63f8b70\" data-element_type=\"column\">\n\t\t\t<div class=\"elementor-widget-wrap elementor-element-populated\">\n\t\t\t\t\t\t<div class=\"elementor-element elementor-element-19069a0 elementor-widget elementor-widget-image\" data-id=\"19069a0\" data-element_type=\"widget\" data-widget_type=\"image.default\">\n\t\t\t\t<div class=\"elementor-widget-container\">\n\t\t\t\t\t\t\t\t\t\t\t\t\t\t\t<img fetchpriority=\"high\" decoding=\"async\" width=\"1024\" height=\"290\" src=\"https:\/\/psihodrama.lv\/wp-content\/uploads\/2023\/02\/pspb_logo_web_baneri_majaslapai-1-1024x290.jpg\" class=\"attachment-large size-large wp-image-2298\" alt=\"\" srcset=\"https:\/\/psihodrama.lv\/wp-content\/uploads\/2023\/02\/pspb_logo_web_baneri_majaslapai-1-1024x290.jpg 1024w, https:\/\/psihodrama.lv\/wp-content\/uploads\/2023\/02\/pspb_logo_web_baneri_majaslapai-1-600x170.jpg 600w, https:\/\/psihodrama.lv\/wp-content\/uploads\/2023\/02\/pspb_logo_web_baneri_majaslapai-1-300x85.jpg 300w, https:\/\/psihodrama.lv\/wp-content\/uploads\/2023\/02\/pspb_logo_web_baneri_majaslapai-1-768x217.jpg 768w, https:\/\/psihodrama.lv\/wp-content\/uploads\/2023\/02\/pspb_logo_web_baneri_majaslapai-1-1320x374.jpg 1320w, https:\/\/psihodrama.lv\/wp-content\/uploads\/2023\/02\/pspb_logo_web_baneri_majaslapai-1.jpg 1403w\" sizes=\"(max-width: 1024px) 100vw, 1024px\" \/>\t\t\t\t\t\t\t\t\t\t\t\t\t\t\t<\/div>\n\t\t\t\t<\/div>\n\t\t\t\t<div class=\"elementor-element elementor-element-ea28b5e elementor-widget elementor-widget-text-editor\" data-id=\"ea28b5e\" data-element_type=\"widget\" data-widget_type=\"text-editor.default\">\n\t\t\t\t<div class=\"elementor-widget-container\">\n\t\t\t\t\t\t\t\t\t<p>Psihodr\u0101mas un sociometrijas profesion\u0101l\u0101s biedr\u012bbas visi darb\u012bbas m\u0113r\u0137i ir defin\u0113ti t\u0101s stat\u016btos. \u0160eit v\u0113lamies izcelt b\u016btisk\u0101kos &#8211;<\/p><ul><li>\u00a0veicin\u0101t psihodr\u0101mas, sociometrijas un grupu psihoterapijas att\u012bst\u012bbu Latvij\u0101;<\/li><li>apvienot psihoterapeitus (psihoterapijas speci\u0101listus) \u2013 profesion\u0101\u013cus, kuri ieguvu\u0161i profesion\u0101lo izgl\u012bt\u012bbu psihodr\u0101m\u0101, sociometrij\u0101 un grupu psihoterapij\u0101 un veic praktisku psihoterapeitisku darbu;<\/li><li>veicin\u0101t augstu \u0113tikas standartu psihoterapij\u0101 iev\u0113ro\u0161anu, kas atbilst Eiropas Psihoterapijas asoci\u0101cijas (European Association of Psychotherapy) \u0113tikas kodeksa un vadl\u012bniju pras\u012bb\u0101m.<\/li><\/ul><p>\u0160aj\u0101 lap\u0101 atrad\u012bsiet visus Psihodr\u0101mas un sociometrijas profesion\u0101l\u0101s biedr\u012bbas saisto\u0161os dokumentus. Par t\u0101s aktivit\u0101t\u0113m varat uzzin\u0101t Facebook lap\u0101 ar t\u0101du pa\u0161u nosaukumu &#8211; Psihodr\u0101mas un sociometrijas profesion\u0101l\u0101 biedr\u012bba.<\/p><p><strong><a href=\"https:\/\/psihodrama.lv\/wp-content\/uploads\/sites\/2\/2023\/01\/biedribas-statuti.pdf\">Stat\u016bti<\/a><\/strong><\/p><p>\u0112tikas kodeks (dr\u012bzum\u0101 tiks public\u0113ts)<\/p><p><strong><a href=\"https:\/\/forms.gle\/zqCc9ErX27qiFCzHA\">K\u0101 k\u013c\u016bt par biedru<\/a><\/strong><\/p><p>Sertifik\u0101cijas k\u0101rt\u012bba (dr\u012bzum\u0101 tiks public\u0113ts)<\/p><p><strong><span style=\"text-decoration: underline\">Rekviz\u012bti:<\/span><br \/>Psihodr\u0101mas un sociometrijas profesion\u0101l\u0101 biedr\u012bba<\/strong><br \/>Juridisk\u0101 un ofisa adrese: L\u0101\u010dpl\u0113\u0161a iela 87, R\u012bga, LV 1011<br \/>Re\u0123istr\u0101cijas nr. 40008320489<br \/>Banka: Swedbank<br \/>Bankas konta numurs: LV92HABA0551053912610\u00a0<\/p><p><strong>Sazi\u0146ai:<\/strong> psihodramasbiedriba@gmail.com<\/p>\t\t\t\t\t\t\t\t<\/div>\n\t\t\t\t<\/div>\n\t\t\t\t\t<\/div>\n\t\t<\/div>\n\t\t\t\t\t<\/div>\n\t\t<\/section>\n\t\t\t\t<\/div>\n\t\t","protected":false},"excerpt":{"rendered":"<p>\/*! elementor &#8211; v3.10.2 &#8211; 29-01-2023 *\/ .elementor-widget-image{text-align:center}.elementor-widget-image a{display:inline-block}.elementor-widget-image a img[src$=&#8221;.svg&#8221;]{width:48px}.elementor-widget-image img{vertical-align:middle;display:inline-block} Psihodr\u0101mas un sociometrijas profesion\u0101l\u0101s biedr\u012bbas visi darb\u012bbas m\u0113r\u0137i ir defin\u0113ti t\u0101s stat\u016btos. \u0160eit v\u0113lamies izcelt b\u016btisk\u0101kos &#8211; \u00a0veicin\u0101t psihodr\u0101mas, sociometrijas un grupu psihoterapijas att\u012bst\u012bbu Latvij\u0101; apvienot psihoterapeitus (psihoterapijas speci\u0101listus) \u2013 profesion\u0101\u013cus, kuri ieguvu\u0161i profesion\u0101lo izgl\u012bt\u012bbu psihodr\u0101m\u0101, sociometrij\u0101 un grupu psihoterapij\u0101 un veic praktisku [&hellip;]<\/p>\n","protected":false},"author":1,"featured_media":0,"parent":0,"menu_order":0,"comment_status":"closed","ping_status":"closed","template":"","meta":{"ocean_post_layout":"","ocean_both_sidebars_style":"","ocean_both_sidebars_content_width":0,"ocean_both_sidebars_sidebars_width":0,"ocean_sidebar":"0","ocean_second_sidebar":"0","ocean_disable_margins":"enable","ocean_add_body_class":"","ocean_shortcode_before_top_bar":"","ocean_shortcode_after_top_bar":"","ocean_shortcode_before_header":"","ocean_shortcode_after_header":"","ocean_has_shortcode":"","ocean_shortcode_after_title":"","ocean_shortcode_before_footer_widgets":"","ocean_shortcode_after_footer_widgets":"","ocean_shortcode_before_footer_bottom":"","ocean_shortcode_after_footer_bottom":"","ocean_display_top_bar":"default","ocean_display_header":"default","ocean_header_style":"","ocean_center_header_left_menu":"0","ocean_custom_header_template":"0","ocean_custom_logo":0,"ocean_custom_retina_logo":0,"ocean_custom_logo_max_width":0,"ocean_custom_logo_tablet_max_width":0,"ocean_custom_logo_mobile_max_width":0,"ocean_custom_logo_max_height":0,"ocean_custom_logo_tablet_max_height":0,"ocean_custom_logo_mobile_max_height":0,"ocean_header_custom_menu":"0","ocean_menu_typo_font_family":"0","ocean_menu_typo_font_subset":"","ocean_menu_typo_font_size":0,"ocean_menu_typo_font_size_tablet":0,"ocean_menu_typo_font_size_mobile":0,"ocean_menu_typo_font_size_unit":"px","ocean_menu_typo_font_weight":"","ocean_menu_typo_font_weight_tablet":"","ocean_menu_typo_font_weight_mobile":"","ocean_menu_typo_transform":"","ocean_menu_typo_transform_tablet":"","ocean_menu_typo_transform_mobile":"","ocean_menu_typo_line_height":0,"ocean_menu_typo_line_height_tablet":0,"ocean_menu_typo_line_height_mobile":0,"ocean_menu_typo_line_height_unit":"","ocean_menu_typo_spacing":0,"ocean_menu_typo_spacing_tablet":0,"ocean_menu_typo_spacing_mobile":0,"ocean_menu_typo_spacing_unit":"","ocean_menu_link_color":"","ocean_menu_link_color_hover":"","ocean_menu_link_color_active":"","ocean_menu_link_background":"","ocean_menu_link_hover_background":"","ocean_menu_link_active_background":"","ocean_menu_social_links_bg":"","ocean_menu_social_hover_links_bg":"","ocean_menu_social_links_color":"","ocean_menu_social_hover_links_color":"","ocean_disable_title":"default","ocean_disable_heading":"default","ocean_post_title":"","ocean_post_subheading":"","ocean_post_title_style":"","ocean_post_title_background_color":"","ocean_post_title_background":0,"ocean_post_title_bg_image_position":"","ocean_post_title_bg_image_attachment":"","ocean_post_title_bg_image_repeat":"","ocean_post_title_bg_image_size":"","ocean_post_title_height":0,"ocean_post_title_bg_overlay":0.5,"ocean_post_title_bg_overlay_color":"","ocean_disable_breadcrumbs":"default","ocean_breadcrumbs_color":"","ocean_breadcrumbs_separator_color":"","ocean_breadcrumbs_links_color":"","ocean_breadcrumbs_links_hover_color":"","ocean_display_footer_widgets":"default","ocean_display_footer_bottom":"default","ocean_custom_footer_template":"0","footnotes":""},"class_list":["post-2235","page","type-page","status-publish","hentry","entry","owp-thumbs-layout-horizontal","owp-btn-normal","owp-tabs-layout-horizontal","has-no-thumbnails","circle-sale"],"_links":{"self":[{"href":"https:\/\/psihodrama.lv\/lv\/wp-json\/wp\/v2\/pages\/2235","targetHints":{"allow":["GET"]}}],"collection":[{"href":"https:\/\/psihodrama.lv\/lv\/wp-json\/wp\/v2\/pages"}],"about":[{"href":"https:\/\/psihodrama.lv\/lv\/wp-json\/wp\/v2\/types\/page"}],"author":[{"embeddable":true,"href":"https:\/\/psihodrama.lv\/lv\/wp-json\/wp\/v2\/users\/1"}],"replies":[{"embeddable":true,"href":"https:\/\/psihodrama.lv\/lv\/wp-json\/wp\/v2\/comments?post=2235"}],"version-history":[{"count":0,"href":"https:\/\/psihodrama.lv\/lv\/wp-json\/wp\/v2\/pages\/2235\/revisions"}],"wp:attachment":[{"href":"https:\/\/psihodrama.lv\/lv\/wp-json\/wp\/v2\/media?parent=2235"}],"curies":[{"name":"wp","href":"https:\/\/api.w.org\/{rel}","templated":true}]}}