{"id":1861,"date":"2022-09-22T12:54:40","date_gmt":"2022-09-22T10:54:40","guid":{"rendered":"https:\/\/psihodrama.lv\/?page_id=1861"},"modified":"2022-09-22T12:54:40","modified_gmt":"2022-09-22T10:54:40","slug":"instituta-vesture","status":"publish","type":"page","link":"https:\/\/psihodrama.lv\/lv\/instituta-vesture\/","title":{"rendered":"Instit\u016bta v\u0113sture"},"content":{"rendered":"\t\t<div data-elementor-type=\"wp-page\" data-elementor-id=\"1861\" class=\"elementor elementor-1861\">\n\t\t\t\t\t\t<section class=\"elementor-section elementor-top-section elementor-element elementor-element-570a84a elementor-section-boxed elementor-section-height-default elementor-section-height-default\" data-id=\"570a84a\" data-element_type=\"section\">\n\t\t\t\t\t\t<div class=\"elementor-container elementor-column-gap-default\">\n\t\t\t\t\t<div class=\"elementor-column elementor-col-100 elementor-top-column elementor-element elementor-element-b5d64ef\" data-id=\"b5d64ef\" data-element_type=\"column\">\n\t\t\t<div class=\"elementor-widget-wrap elementor-element-populated\">\n\t\t\t\t\t\t<div class=\"elementor-element elementor-element-904132b elementor-widget elementor-widget-text-editor\" data-id=\"904132b\" data-element_type=\"widget\" data-widget_type=\"text-editor.default\">\n\t\t\t\t<div class=\"elementor-widget-container\">\n\t\t\t\t\t\t\t\t\t<div class=\"elementor-element elementor-element-65766760 elementor-widget elementor-widget-text-editor\" data-id=\"65766760\" data-element_type=\"widget\" data-widget_type=\"text-editor.default\"><div class=\"elementor-widget-container\"><p>2001. gad\u0101 In\u0101ra Erdmanis, Zviedrij\u0101 dz\u012bvojo\u0161\u0101 latviete, ar Zerkas Moreno (Jakoba Levi Moreno dz\u012bves biedre) at\u013cauju Latvij\u0101 nodibin\u0101ja Moreno Instit\u016btu Latvij\u0101.<\/p><\/div><\/div>\t\t\t\t\t\t\t\t<\/div>\n\t\t\t\t<\/div>\n\t\t\t\t\t<\/div>\n\t\t<\/div>\n\t\t\t\t\t<\/div>\n\t\t<\/section>\n\t\t\t\t<section class=\"elementor-section elementor-top-section elementor-element elementor-element-9e86b9b elementor-section-boxed elementor-section-height-default elementor-section-height-default\" data-id=\"9e86b9b\" data-element_type=\"section\">\n\t\t\t\t\t\t<div class=\"elementor-container elementor-column-gap-default\">\n\t\t\t\t\t<div class=\"elementor-column elementor-col-50 elementor-top-column elementor-element elementor-element-06b8113\" data-id=\"06b8113\" data-element_type=\"column\">\n\t\t\t<div class=\"elementor-widget-wrap elementor-element-populated\">\n\t\t\t\t\t\t<div class=\"elementor-element elementor-element-852311f elementor-widget elementor-widget-image\" data-id=\"852311f\" data-element_type=\"widget\" data-widget_type=\"image.default\">\n\t\t\t\t<div class=\"elementor-widget-container\">\n\t\t\t\t\t\t\t\t\t\t\t\t<figure class=\"wp-caption\">\n\t\t\t\t\t\t\t\t\t\t\t<a href=\"https:\/\/psihodrama.lv\/wp-content\/uploads\/sites\/2\/2021\/10\/inara.jpg\" data-elementor-open-lightbox=\"yes\" data-elementor-lightbox-title=\"inara\" data-e-action-hash=\"#elementor-action%3Aaction%3Dlightbox%26settings%3DeyJpZCI6IjEyNjMiLCJ1cmwiOiJodHRwczpcL1wvcHNpaG9kcmFtYS5sdlwvd3AtY29udGVudFwvdXBsb2Fkc1wvMjAyMVwvMTBcL2luYXJhLTEuanBnIn0%3D\">\n\t\t\t\t\t\t\t<img fetchpriority=\"high\" decoding=\"async\" width=\"768\" height=\"578\" src=\"https:\/\/psihodrama.lv\/wp-content\/uploads\/2021\/10\/inara-1-768x578.jpg\" class=\"attachment-medium_large size-medium_large wp-image-1263\" alt=\"\" srcset=\"https:\/\/psihodrama.lv\/wp-content\/uploads\/2021\/10\/inara-1-768x578.jpg 768w, https:\/\/psihodrama.lv\/wp-content\/uploads\/2021\/10\/inara-1-600x451.jpg 600w, https:\/\/psihodrama.lv\/wp-content\/uploads\/2021\/10\/inara-1-300x226.jpg 300w, https:\/\/psihodrama.lv\/wp-content\/uploads\/2021\/10\/inara-1-1024x770.jpg 1024w, https:\/\/psihodrama.lv\/wp-content\/uploads\/2021\/10\/inara-1.jpg 1316w\" sizes=\"(max-width: 768px) 100vw, 768px\" \/>\t\t\t\t\t\t\t\t<\/a>\n\t\t\t\t\t\t\t\t\t\t\t<figcaption class=\"widget-image-caption wp-caption-text\">In\u0101ra Erdmane Moreno instit\u016bts Latvij\u0101 dibin\u0101t\u0101ja <\/figcaption>\n\t\t\t\t\t\t\t\t\t\t<\/figure>\n\t\t\t\t\t\t\t\t\t<\/div>\n\t\t\t\t<\/div>\n\t\t\t\t\t<\/div>\n\t\t<\/div>\n\t\t\t\t<div class=\"elementor-column elementor-col-50 elementor-top-column elementor-element elementor-element-3d0fb7a\" data-id=\"3d0fb7a\" data-element_type=\"column\">\n\t\t\t<div class=\"elementor-widget-wrap elementor-element-populated\">\n\t\t\t\t\t\t<div class=\"elementor-element elementor-element-3036dff elementor-widget elementor-widget-image\" data-id=\"3036dff\" data-element_type=\"widget\" data-widget_type=\"image.default\">\n\t\t\t\t<div class=\"elementor-widget-container\">\n\t\t\t\t\t\t\t\t\t\t\t\t<figure class=\"wp-caption\">\n\t\t\t\t\t\t\t\t\t\t\t<a href=\"https:\/\/psihodrama.lv\/wp-content\/uploads\/sites\/2\/2021\/10\/1980-b.jpg\" data-elementor-open-lightbox=\"yes\" data-elementor-lightbox-title=\"1980 b\" data-e-action-hash=\"#elementor-action%3Aaction%3Dlightbox%26settings%3DeyJpZCI6IjEyNjIiLCJ1cmwiOiJodHRwczpcL1wvcHNpaG9kcmFtYS5sdlwvd3AtY29udGVudFwvdXBsb2Fkc1wvMjAyMVwvMTBcLzE5ODAtYi0xLmpwZyJ9\">\n\t\t\t\t\t\t\t<img decoding=\"async\" width=\"634\" height=\"394\" src=\"https:\/\/psihodrama.lv\/wp-content\/uploads\/2021\/10\/1980-b-1.jpg\" class=\"attachment-medium_large size-medium_large wp-image-1262\" alt=\"\" srcset=\"https:\/\/psihodrama.lv\/wp-content\/uploads\/2021\/10\/1980-b-1.jpg 634w, https:\/\/psihodrama.lv\/wp-content\/uploads\/2021\/10\/1980-b-1-600x373.jpg 600w, https:\/\/psihodrama.lv\/wp-content\/uploads\/2021\/10\/1980-b-1-300x186.jpg 300w\" sizes=\"(max-width: 634px) 100vw, 634px\" \/>\t\t\t\t\t\t\t\t<\/a>\n\t\t\t\t\t\t\t\t\t\t\t<figcaption class=\"widget-image-caption wp-caption-text\">In\u0101ra Erdmane kop\u0101 ar Zerka Moreno<\/figcaption>\n\t\t\t\t\t\t\t\t\t\t<\/figure>\n\t\t\t\t\t\t\t\t\t<\/div>\n\t\t\t\t<\/div>\n\t\t\t\t\t<\/div>\n\t\t<\/div>\n\t\t\t\t\t<\/div>\n\t\t<\/section>\n\t\t\t\t<section class=\"elementor-section elementor-top-section elementor-element elementor-element-6a0520f elementor-section-boxed elementor-section-height-default elementor-section-height-default\" data-id=\"6a0520f\" data-element_type=\"section\">\n\t\t\t\t\t\t<div class=\"elementor-container elementor-column-gap-default\">\n\t\t\t\t\t<div class=\"elementor-column elementor-col-100 elementor-top-column elementor-element elementor-element-6f9e091\" data-id=\"6f9e091\" data-element_type=\"column\">\n\t\t\t<div class=\"elementor-widget-wrap elementor-element-populated\">\n\t\t\t\t\t\t<div class=\"elementor-element elementor-element-7b6b1c7 elementor-widget elementor-widget-text-editor\" data-id=\"7b6b1c7\" data-element_type=\"widget\" data-widget_type=\"text-editor.default\">\n\t\t\t\t<div class=\"elementor-widget-container\">\n\t\t\t\t\t\t\t\t\t<p>Savu ce\u013cojumu uz valsti, kur\u0101 In\u0101ra Erdmane ir dzimusi, vi\u0146a uzs\u0101ka jau daudz sen\u0101k. In\u0101ra Erdmanis vad\u012bja apm\u0101c\u012bbas \u0101rstiem un psihologiem s\u0101kot ar\u00a0 1989. gadu grupu un \u0123imenes psihoterapij\u0101.<\/p><p>Pirm\u0101 pamatizgl\u012bt\u012bba grupa psihodr\u0101m\u0101, sociometrij\u0101 un grupu psihoterapij\u0101 notika no 1994. l\u012bdz 1995.gadam. Kop\u0161 t\u0101 laika regul\u0101ri notiek apm\u0101c\u012bbu grupas Psihodr\u0101m\u0101, sociometrij\u0101 un grupu psihoterapij\u0101.<\/p><p>In\u0101rai Erdmanei bija un ir noz\u012bm\u012bgi populariz\u0113t Latviju un t\u0101s speci\u0101listus Psihodr\u0101mas, sociometrijas un grupu psihoterapijas starptautiskaj\u0101 pasaul\u0113. In\u0101ra Erdmanis uz Latviju ir aicin\u0101jusi da\u017e\u0101du valstu vado\u0161os speci\u0101listus, k\u0101 ar\u012b mudin\u0101jusi Latvijas speci\u0101listus apmekl\u0113t starptautisk\u0101s konferences cit\u0101s zem\u0113s.<\/p><p>Lai apvienotu abas ieceres In\u0101rai Erdmanis rad\u0101s ideja par Baltijas Moreno dien\u0101m, starptautisku Psihodr\u0101mas konferenci, kura katru otro gadu tiktu r\u012bkota k\u0101d\u0101 no Baltijas valst\u012bm. \u0160\u012b aizs\u0101kt\u0101 trad\u012bcija turpin\u0101s v\u0113l \u0161odien. Sada\u013c\u0101 Konferences ir iesp\u0113jams iepaz\u012bties ar Latvij\u0101 notiku\u0161aj\u0101m konferenc\u0113m.<\/p><p>L\u012bdz \u0161im Moreno instit\u016bts Latvij\u0101 vad\u012bju\u0161i:<\/p><p>In\u0101ra Erdmanis (pla\u0161\u0101ku inform\u0101ciju dibin\u0101t\u0101ju lasiet sada\u013c\u0101 Dibin\u0101t\u0101js In\u0101ra Erdmanis)<br \/>Viesturs Rudz\u012btis<br \/>In\u0101ra V\u0101rpa<\/p>\t\t\t\t\t\t\t\t<\/div>\n\t\t\t\t<\/div>\n\t\t\t\t\t<\/div>\n\t\t<\/div>\n\t\t\t\t\t<\/div>\n\t\t<\/section>\n\t\t\t\t<\/div>\n\t\t","protected":false},"excerpt":{"rendered":"<p>2001. gad\u0101 In\u0101ra Erdmanis, Zviedrij\u0101 dz\u012bvojo\u0161\u0101 latviete, ar Zerkas Moreno (Jakoba Levi Moreno dz\u012bves biedre) at\u013cauju Latvij\u0101 nodibin\u0101ja Moreno Instit\u016btu Latvij\u0101. \/*! elementor &#8211; v3.7.7 &#8211; 20-09-2022 *\/ .elementor-widget-image{text-align:center}.elementor-widget-image a{display:inline-block}.elementor-widget-image a img[src$=&#8221;.svg&#8221;]{width:48px}.elementor-widget-image img{vertical-align:middle;display:inline-block} In\u0101ra Erdmane Moreno instit\u016bts Latvij\u0101 dibin\u0101t\u0101ja In\u0101ra Erdmane kop\u0101 ar Zerka Moreno Savu ce\u013cojumu uz valsti, kur\u0101 In\u0101ra Erdmane ir dzimusi, vi\u0146a [&hellip;]<\/p>\n","protected":false},"author":1,"featured_media":0,"parent":0,"menu_order":0,"comment_status":"closed","ping_status":"closed","template":"","meta":{"ocean_post_layout":"","ocean_both_sidebars_style":"","ocean_both_sidebars_content_width":0,"ocean_both_sidebars_sidebars_width":0,"ocean_sidebar":"0","ocean_second_sidebar":"0","ocean_disable_margins":"enable","ocean_add_body_class":"","ocean_shortcode_before_top_bar":"","ocean_shortcode_after_top_bar":"","ocean_shortcode_before_header":"","ocean_shortcode_after_header":"","ocean_has_shortcode":"","ocean_shortcode_after_title":"","ocean_shortcode_before_footer_widgets":"","ocean_shortcode_after_footer_widgets":"","ocean_shortcode_before_footer_bottom":"","ocean_shortcode_after_footer_bottom":"","ocean_display_top_bar":"default","ocean_display_header":"default","ocean_header_style":"","ocean_center_header_left_menu":"0","ocean_custom_header_template":"0","ocean_custom_logo":0,"ocean_custom_retina_logo":0,"ocean_custom_logo_max_width":0,"ocean_custom_logo_tablet_max_width":0,"ocean_custom_logo_mobile_max_width":0,"ocean_custom_logo_max_height":0,"ocean_custom_logo_tablet_max_height":0,"ocean_custom_logo_mobile_max_height":0,"ocean_header_custom_menu":"0","ocean_menu_typo_font_family":"0","ocean_menu_typo_font_subset":"","ocean_menu_typo_font_size":0,"ocean_menu_typo_font_size_tablet":0,"ocean_menu_typo_font_size_mobile":0,"ocean_menu_typo_font_size_unit":"px","ocean_menu_typo_font_weight":"","ocean_menu_typo_font_weight_tablet":"","ocean_menu_typo_font_weight_mobile":"","ocean_menu_typo_transform":"","ocean_menu_typo_transform_tablet":"","ocean_menu_typo_transform_mobile":"","ocean_menu_typo_line_height":0,"ocean_menu_typo_line_height_tablet":0,"ocean_menu_typo_line_height_mobile":0,"ocean_menu_typo_line_height_unit":"","ocean_menu_typo_spacing":0,"ocean_menu_typo_spacing_tablet":0,"ocean_menu_typo_spacing_mobile":0,"ocean_menu_typo_spacing_unit":"","ocean_menu_link_color":"","ocean_menu_link_color_hover":"","ocean_menu_link_color_active":"","ocean_menu_link_background":"","ocean_menu_link_hover_background":"","ocean_menu_link_active_background":"","ocean_menu_social_links_bg":"","ocean_menu_social_hover_links_bg":"","ocean_menu_social_links_color":"","ocean_menu_social_hover_links_color":"","ocean_disable_title":"default","ocean_disable_heading":"default","ocean_post_title":"","ocean_post_subheading":"","ocean_post_title_style":"","ocean_post_title_background_color":"","ocean_post_title_background":0,"ocean_post_title_bg_image_position":"","ocean_post_title_bg_image_attachment":"","ocean_post_title_bg_image_repeat":"","ocean_post_title_bg_image_size":"","ocean_post_title_height":0,"ocean_post_title_bg_overlay":0.5,"ocean_post_title_bg_overlay_color":"","ocean_disable_breadcrumbs":"default","ocean_breadcrumbs_color":"","ocean_breadcrumbs_separator_color":"","ocean_breadcrumbs_links_color":"","ocean_breadcrumbs_links_hover_color":"","ocean_display_footer_widgets":"default","ocean_display_footer_bottom":"default","ocean_custom_footer_template":"0","footnotes":""},"class_list":["post-1861","page","type-page","status-publish","hentry","entry","owp-thumbs-layout-horizontal","owp-btn-normal","owp-tabs-layout-horizontal","has-no-thumbnails","circle-sale"],"_links":{"self":[{"href":"https:\/\/psihodrama.lv\/lv\/wp-json\/wp\/v2\/pages\/1861","targetHints":{"allow":["GET"]}}],"collection":[{"href":"https:\/\/psihodrama.lv\/lv\/wp-json\/wp\/v2\/pages"}],"about":[{"href":"https:\/\/psihodrama.lv\/lv\/wp-json\/wp\/v2\/types\/page"}],"author":[{"embeddable":true,"href":"https:\/\/psihodrama.lv\/lv\/wp-json\/wp\/v2\/users\/1"}],"replies":[{"embeddable":true,"href":"https:\/\/psihodrama.lv\/lv\/wp-json\/wp\/v2\/comments?post=1861"}],"version-history":[{"count":0,"href":"https:\/\/psihodrama.lv\/lv\/wp-json\/wp\/v2\/pages\/1861\/revisions"}],"wp:attachment":[{"href":"https:\/\/psihodrama.lv\/lv\/wp-json\/wp\/v2\/media?parent=1861"}],"curies":[{"name":"wp","href":"https:\/\/api.w.org\/{rel}","templated":true}]}}