{"id":178,"date":"2020-05-19T15:03:59","date_gmt":"2020-05-19T12:03:59","guid":{"rendered":"https:\/\/psihodrama.lv\/wordpress\/?page_id=42"},"modified":"2020-05-19T15:03:59","modified_gmt":"2020-05-19T12:03:59","slug":"apmacibas","status":"publish","type":"page","link":"https:\/\/psihodrama.lv\/lv\/apmacibas\/","title":{"rendered":"Apm\u0101c\u012bbas"},"content":{"rendered":"\t\t<div data-elementor-type=\"wp-page\" data-elementor-id=\"178\" class=\"elementor elementor-178\">\n\t\t\t\t\t\t<section class=\"elementor-section elementor-top-section elementor-element elementor-element-5114afc elementor-section-height-min-height elementor-section-boxed elementor-section-height-default elementor-section-items-middle\" data-id=\"5114afc\" data-element_type=\"section\" data-settings=\"{&quot;background_background&quot;:&quot;classic&quot;}\">\n\t\t\t\t\t\t\t<div class=\"elementor-background-overlay\"><\/div>\n\t\t\t\t\t\t\t<div class=\"elementor-container elementor-column-gap-default\">\n\t\t\t\t\t<div class=\"elementor-column elementor-col-100 elementor-top-column elementor-element elementor-element-2709fe7\" data-id=\"2709fe7\" data-element_type=\"column\">\n\t\t\t<div class=\"elementor-widget-wrap elementor-element-populated\">\n\t\t\t\t\t\t<div class=\"elementor-element elementor-element-3334a68 elementor-widget elementor-widget-heading\" data-id=\"3334a68\" data-element_type=\"widget\" data-widget_type=\"heading.default\">\n\t\t\t\t<div class=\"elementor-widget-container\">\n\t\t\t\t\t<h2 class=\"elementor-heading-title elementor-size-default\">APM\u0100C\u012aBAS<\/h2>\t\t\t\t<\/div>\n\t\t\t\t<\/div>\n\t\t\t\t\t<\/div>\n\t\t<\/div>\n\t\t\t\t\t<\/div>\n\t\t<\/section>\n\t\t\t\t<section class=\"elementor-section elementor-top-section elementor-element elementor-element-3772743 elementor-section-boxed elementor-section-height-default elementor-section-height-default\" data-id=\"3772743\" data-element_type=\"section\">\n\t\t\t\t\t\t<div class=\"elementor-container elementor-column-gap-default\">\n\t\t\t\t\t<div class=\"elementor-column elementor-col-100 elementor-top-column elementor-element elementor-element-fedfb86\" data-id=\"fedfb86\" data-element_type=\"column\">\n\t\t\t<div class=\"elementor-widget-wrap\">\n\t\t\t\t\t\t\t<\/div>\n\t\t<\/div>\n\t\t\t\t\t<\/div>\n\t\t<\/section>\n\t\t\t\t<section class=\"elementor-section elementor-top-section elementor-element elementor-element-a537f79 elementor-section-boxed elementor-section-height-default elementor-section-height-default\" data-id=\"a537f79\" data-element_type=\"section\">\n\t\t\t\t\t\t<div class=\"elementor-container elementor-column-gap-default\">\n\t\t\t\t\t<div class=\"elementor-column elementor-col-100 elementor-top-column elementor-element elementor-element-a4c8d44\" data-id=\"a4c8d44\" data-element_type=\"column\">\n\t\t\t<div class=\"elementor-widget-wrap elementor-element-populated\">\n\t\t\t\t\t\t<div class=\"elementor-element elementor-element-0a04507 elementor-widget elementor-widget-text-editor\" data-id=\"0a04507\" data-element_type=\"widget\" data-widget_type=\"text-editor.default\">\n\t\t\t\t<div class=\"elementor-widget-container\">\n\t\t\t\t\t\t\t\t\t<p>Profesion\u0101lais t\u0101l\u0101kizgl\u012bt\u012bbas centrs &#8220;Moreno psihodr\u0101mas izgl\u012bt\u012bbas centrs&#8221; pied\u0101v\u0101 apm\u0101c\u012bbu psihodr\u0101m\u0101, sociometrij\u0101 un grupu psihoterapij\u0101 Eirop\u0101, Anglij\u0101 un Amerik\u0101 atz\u012btos \u010detros apm\u0101c\u012bbas l\u012bme\u0146os, kuri sev\u012b ietver gan psihodr\u0101mas asistenta l\u012bmeni, gan psihodr\u0101mas skolot\u0101ja\/superv\u012bzora l\u012bmeni.<\/p><p>K\u0101 ar\u012b uzskat\u0101m, ka psiholo\u0123iska rakstura zin\u0101\u0161anas ir noder\u012bgas ikvienam gan profesion\u0101laj\u0101 gan ikdienas dz\u012bv\u0113 un t\u0101d\u0113\u013c pied\u0101v\u0101jam semin\u0101rus par da\u017e\u0101d\u0101m psiholo\u0123ijas t\u0113m\u0101m. K\u0101 ar\u012b organiz\u0113jam un vad\u0101m semin\u0101rus kvalifik\u0101cijas paaugstin\u0101\u0161anai speci\u0101listiem, kuri darbojas humanit\u0101raj\u0101s un soci\u0101laj\u0101s nozar\u0113s.\u00a0<\/p>\t\t\t\t\t\t\t\t<\/div>\n\t\t\t\t<\/div>\n\t\t\t\t\t<\/div>\n\t\t<\/div>\n\t\t\t\t\t<\/div>\n\t\t<\/section>\n\t\t\t\t<section class=\"elementor-section elementor-top-section elementor-element elementor-element-c6f7f86 elementor-section-boxed elementor-section-height-default elementor-section-height-default\" data-id=\"c6f7f86\" data-element_type=\"section\">\n\t\t\t\t\t\t<div class=\"elementor-container elementor-column-gap-default\">\n\t\t\t\t\t<div class=\"elementor-column elementor-col-33 elementor-top-column elementor-element elementor-element-3caa8e7\" data-id=\"3caa8e7\" data-element_type=\"column\">\n\t\t\t<div class=\"elementor-widget-wrap elementor-element-populated\">\n\t\t\t\t\t\t<div class=\"elementor-element elementor-element-1c5ae6d elementor-widget elementor-widget-image\" data-id=\"1c5ae6d\" data-element_type=\"widget\" data-widget_type=\"image.default\">\n\t\t\t\t<div class=\"elementor-widget-container\">\n\t\t\t\t\t\t\t\t\t\t\t\t\t\t\t\t<a href=\"https:\/\/psihodrama.lv\/lv\/apmacibas\/psihodrama-sociometrija-un-grupu-psihoterapija-2\/\">\n\t\t\t\t\t\t\t<img fetchpriority=\"high\" decoding=\"async\" width=\"1024\" height=\"1024\" src=\"https:\/\/psihodrama.lv\/wp-content\/uploads\/2023\/07\/Psihodrama-sociometrija-un-grupu-psihoterapija-2-1024x1024.png\" class=\"attachment-large size-large wp-image-2505\" alt=\"\" srcset=\"https:\/\/psihodrama.lv\/wp-content\/uploads\/2023\/07\/Psihodrama-sociometrija-un-grupu-psihoterapija-2-1024x1024.png 1024w, https:\/\/psihodrama.lv\/wp-content\/uploads\/2023\/07\/Psihodrama-sociometrija-un-grupu-psihoterapija-2-300x300.png 300w, https:\/\/psihodrama.lv\/wp-content\/uploads\/2023\/07\/Psihodrama-sociometrija-un-grupu-psihoterapija-2-100x100.png 100w, https:\/\/psihodrama.lv\/wp-content\/uploads\/2023\/07\/Psihodrama-sociometrija-un-grupu-psihoterapija-2-600x600.png 600w, https:\/\/psihodrama.lv\/wp-content\/uploads\/2023\/07\/Psihodrama-sociometrija-un-grupu-psihoterapija-2-150x150.png 150w, https:\/\/psihodrama.lv\/wp-content\/uploads\/2023\/07\/Psihodrama-sociometrija-un-grupu-psihoterapija-2-768x768.png 768w, https:\/\/psihodrama.lv\/wp-content\/uploads\/2023\/07\/Psihodrama-sociometrija-un-grupu-psihoterapija-2.png 1080w\" sizes=\"(max-width: 1024px) 100vw, 1024px\" \/>\t\t\t\t\t\t\t\t<\/a>\n\t\t\t\t\t\t\t\t\t\t\t\t\t\t\t<\/div>\n\t\t\t\t<\/div>\n\t\t\t\t<div class=\"elementor-element elementor-element-44cfaf2 elementor-button-success elementor-align-left elementor-widget elementor-widget-button\" data-id=\"44cfaf2\" data-element_type=\"widget\" data-widget_type=\"button.default\">\n\t\t\t\t<div class=\"elementor-widget-container\">\n\t\t\t\t\t\t\t\t\t<div class=\"elementor-button-wrapper\">\n\t\t\t\t\t<a class=\"elementor-button elementor-button-link elementor-size-sm\" href=\"https:\/\/psihodrama.lv\/lv\/apmacibas\/psihodrama-sociometrija-un-grupu-psihoterapija-2\/\" target=\"_blank\">\n\t\t\t\t\t\t<span class=\"elementor-button-content-wrapper\">\n\t\t\t\t\t\t\t\t\t<span class=\"elementor-button-text\">Uzzini vair\u0101k<\/span>\n\t\t\t\t\t<\/span>\n\t\t\t\t\t<\/a>\n\t\t\t\t<\/div>\n\t\t\t\t\t\t\t\t<\/div>\n\t\t\t\t<\/div>\n\t\t\t\t\t<\/div>\n\t\t<\/div>\n\t\t\t\t<div class=\"elementor-column elementor-col-33 elementor-top-column elementor-element elementor-element-e00a77d\" data-id=\"e00a77d\" data-element_type=\"column\">\n\t\t\t<div class=\"elementor-widget-wrap elementor-element-populated\">\n\t\t\t\t\t\t<div class=\"elementor-element elementor-element-359d7e8 elementor-widget elementor-widget-image\" data-id=\"359d7e8\" data-element_type=\"widget\" data-widget_type=\"image.default\">\n\t\t\t\t<div class=\"elementor-widget-container\">\n\t\t\t\t\t\t\t\t\t\t\t\t\t\t\t\t<a href=\"https:\/\/psihodrama.lv\/lv\/psihologijas-seminari-ikvienam\/\">\n\t\t\t\t\t\t\t<img decoding=\"async\" width=\"1024\" height=\"1024\" src=\"https:\/\/psihodrama.lv\/wp-content\/uploads\/2023\/07\/2-1-1-1024x1024.png\" class=\"attachment-large size-large wp-image-2503\" alt=\"\" srcset=\"https:\/\/psihodrama.lv\/wp-content\/uploads\/2023\/07\/2-1-1-1024x1024.png 1024w, https:\/\/psihodrama.lv\/wp-content\/uploads\/2023\/07\/2-1-1-300x300.png 300w, https:\/\/psihodrama.lv\/wp-content\/uploads\/2023\/07\/2-1-1-100x100.png 100w, https:\/\/psihodrama.lv\/wp-content\/uploads\/2023\/07\/2-1-1-600x600.png 600w, https:\/\/psihodrama.lv\/wp-content\/uploads\/2023\/07\/2-1-1-150x150.png 150w, https:\/\/psihodrama.lv\/wp-content\/uploads\/2023\/07\/2-1-1-768x768.png 768w, https:\/\/psihodrama.lv\/wp-content\/uploads\/2023\/07\/2-1-1.png 1080w\" sizes=\"(max-width: 1024px) 100vw, 1024px\" \/>\t\t\t\t\t\t\t\t<\/a>\n\t\t\t\t\t\t\t\t\t\t\t\t\t\t\t<\/div>\n\t\t\t\t<\/div>\n\t\t\t\t<div class=\"elementor-element elementor-element-b8bf203 elementor-button-success elementor-widget elementor-widget-button\" data-id=\"b8bf203\" data-element_type=\"widget\" data-widget_type=\"button.default\">\n\t\t\t\t<div class=\"elementor-widget-container\">\n\t\t\t\t\t\t\t\t\t<div class=\"elementor-button-wrapper\">\n\t\t\t\t\t<a class=\"elementor-button elementor-button-link elementor-size-sm\" href=\"https:\/\/psihodrama.lv\/lv\/psihologijas-seminari-ikvienam\/\">\n\t\t\t\t\t\t<span class=\"elementor-button-content-wrapper\">\n\t\t\t\t\t\t\t\t\t<span class=\"elementor-button-text\">Uzzini vair\u0101k<\/span>\n\t\t\t\t\t<\/span>\n\t\t\t\t\t<\/a>\n\t\t\t\t<\/div>\n\t\t\t\t\t\t\t\t<\/div>\n\t\t\t\t<\/div>\n\t\t\t\t\t<\/div>\n\t\t<\/div>\n\t\t\t\t<div class=\"elementor-column elementor-col-33 elementor-top-column elementor-element elementor-element-589e12d\" data-id=\"589e12d\" data-element_type=\"column\">\n\t\t\t<div class=\"elementor-widget-wrap elementor-element-populated\">\n\t\t\t\t\t\t<div class=\"elementor-element elementor-element-22eeaba elementor-widget elementor-widget-image\" data-id=\"22eeaba\" data-element_type=\"widget\" data-widget_type=\"image.default\">\n\t\t\t\t<div class=\"elementor-widget-container\">\n\t\t\t\t\t\t\t\t\t\t\t\t\t\t\t\t<a href=\"https:\/\/psihodrama.lv\/apmacibas\/seminari-specialistiem\/\">\n\t\t\t\t\t\t\t<img decoding=\"async\" width=\"1024\" height=\"1024\" src=\"https:\/\/psihodrama.lv\/wp-content\/uploads\/2023\/07\/3-1-1-1024x1024.png\" class=\"attachment-large size-large wp-image-2504\" alt=\"\" srcset=\"https:\/\/psihodrama.lv\/wp-content\/uploads\/2023\/07\/3-1-1-1024x1024.png 1024w, https:\/\/psihodrama.lv\/wp-content\/uploads\/2023\/07\/3-1-1-300x300.png 300w, https:\/\/psihodrama.lv\/wp-content\/uploads\/2023\/07\/3-1-1-100x100.png 100w, https:\/\/psihodrama.lv\/wp-content\/uploads\/2023\/07\/3-1-1-600x600.png 600w, https:\/\/psihodrama.lv\/wp-content\/uploads\/2023\/07\/3-1-1-150x150.png 150w, https:\/\/psihodrama.lv\/wp-content\/uploads\/2023\/07\/3-1-1-768x768.png 768w, https:\/\/psihodrama.lv\/wp-content\/uploads\/2023\/07\/3-1-1.png 1080w\" sizes=\"(max-width: 1024px) 100vw, 1024px\" \/>\t\t\t\t\t\t\t\t<\/a>\n\t\t\t\t\t\t\t\t\t\t\t\t\t\t\t<\/div>\n\t\t\t\t<\/div>\n\t\t\t\t<div class=\"elementor-element elementor-element-de93516 elementor-button-success elementor-widget elementor-widget-button\" data-id=\"de93516\" data-element_type=\"widget\" data-widget_type=\"button.default\">\n\t\t\t\t<div class=\"elementor-widget-container\">\n\t\t\t\t\t\t\t\t\t<div class=\"elementor-button-wrapper\">\n\t\t\t\t\t<a class=\"elementor-button elementor-button-link elementor-size-sm\" href=\"#\">\n\t\t\t\t\t\t<span class=\"elementor-button-content-wrapper\">\n\t\t\t\t\t\t\t\t\t<span class=\"elementor-button-text\">Uzzini vair\u0101k<\/span>\n\t\t\t\t\t<\/span>\n\t\t\t\t\t<\/a>\n\t\t\t\t<\/div>\n\t\t\t\t\t\t\t\t<\/div>\n\t\t\t\t<\/div>\n\t\t\t\t\t<\/div>\n\t\t<\/div>\n\t\t\t\t\t<\/div>\n\t\t<\/section>\n\t\t\t\t<\/div>\n\t\t","protected":false},"excerpt":{"rendered":"<p>\/*! elementor &#8211; v3.10.2 &#8211; 29-01-2023 *\/ .elementor-heading-title{padding:0;margin:0;line-height:1}.elementor-widget-heading .elementor-heading-title[class*=elementor-size-]&gt;a{color:inherit;font-size:inherit;line-height:inherit}.elementor-widget-heading .elementor-heading-title.elementor-size-small{font-size:15px}.elementor-widget-heading .elementor-heading-title.elementor-size-medium{font-size:19px}.elementor-widget-heading .elementor-heading-title.elementor-size-large{font-size:29px}.elementor-widget-heading .elementor-heading-title.elementor-size-xl{font-size:39px}.elementor-widget-heading .elementor-heading-title.elementor-size-xxl{font-size:59px} APM\u0100C\u012aBAS Profesion\u0101lais t\u0101l\u0101kizgl\u012bt\u012bbas centrs &#8220;Moreno psihodr\u0101mas izgl\u012bt\u012bbas centrs&#8221; pied\u0101v\u0101 apm\u0101c\u012bbu psihodr\u0101m\u0101, sociometrij\u0101 un grupu psihoterapij\u0101 Eirop\u0101, Anglij\u0101 un Amerik\u0101 atz\u012btos \u010detros apm\u0101c\u012bbas l\u012bme\u0146os, kuri sev\u012b ietver gan psihodr\u0101mas asistenta l\u012bmeni, gan psihodr\u0101mas skolot\u0101ja\/superv\u012bzora l\u012bmeni. K\u0101 ar\u012b uzskat\u0101m, ka psiholo\u0123iska rakstura zin\u0101\u0161anas [&hellip;]<\/p>\n","protected":false},"author":1,"featured_media":0,"parent":0,"menu_order":0,"comment_status":"closed","ping_status":"closed","template":"","meta":{"ocean_post_layout":"","ocean_both_sidebars_style":"","ocean_both_sidebars_content_width":0,"ocean_both_sidebars_sidebars_width":0,"ocean_sidebar":"0","ocean_second_sidebar":"0","ocean_disable_margins":"enable","ocean_add_body_class":"","ocean_shortcode_before_top_bar":"","ocean_shortcode_after_top_bar":"","ocean_shortcode_before_header":"","ocean_shortcode_after_header":"","ocean_has_shortcode":"","ocean_shortcode_after_title":"","ocean_shortcode_before_footer_widgets":"","ocean_shortcode_after_footer_widgets":"","ocean_shortcode_before_footer_bottom":"","ocean_shortcode_after_footer_bottom":"","ocean_display_top_bar":"default","ocean_display_header":"default","ocean_header_style":"","ocean_center_header_left_menu":"0","ocean_custom_header_template":"0","ocean_custom_logo":0,"ocean_custom_retina_logo":0,"ocean_custom_logo_max_width":0,"ocean_custom_logo_tablet_max_width":0,"ocean_custom_logo_mobile_max_width":0,"ocean_custom_logo_max_height":0,"ocean_custom_logo_tablet_max_height":0,"ocean_custom_logo_mobile_max_height":0,"ocean_header_custom_menu":"0","ocean_menu_typo_font_family":"0","ocean_menu_typo_font_subset":"","ocean_menu_typo_font_size":0,"ocean_menu_typo_font_size_tablet":0,"ocean_menu_typo_font_size_mobile":0,"ocean_menu_typo_font_size_unit":"px","ocean_menu_typo_font_weight":"","ocean_menu_typo_font_weight_tablet":"","ocean_menu_typo_font_weight_mobile":"","ocean_menu_typo_transform":"","ocean_menu_typo_transform_tablet":"","ocean_menu_typo_transform_mobile":"","ocean_menu_typo_line_height":0,"ocean_menu_typo_line_height_tablet":0,"ocean_menu_typo_line_height_mobile":0,"ocean_menu_typo_line_height_unit":"","ocean_menu_typo_spacing":0,"ocean_menu_typo_spacing_tablet":0,"ocean_menu_typo_spacing_mobile":0,"ocean_menu_typo_spacing_unit":"","ocean_menu_link_color":"","ocean_menu_link_color_hover":"","ocean_menu_link_color_active":"","ocean_menu_link_background":"","ocean_menu_link_hover_background":"","ocean_menu_link_active_background":"","ocean_menu_social_links_bg":"","ocean_menu_social_hover_links_bg":"","ocean_menu_social_links_color":"","ocean_menu_social_hover_links_color":"","ocean_disable_title":"default","ocean_disable_heading":"default","ocean_post_title":"","ocean_post_subheading":"","ocean_post_title_style":"","ocean_post_title_background_color":"","ocean_post_title_background":0,"ocean_post_title_bg_image_position":"","ocean_post_title_bg_image_attachment":"","ocean_post_title_bg_image_repeat":"","ocean_post_title_bg_image_size":"","ocean_post_title_height":0,"ocean_post_title_bg_overlay":0.5,"ocean_post_title_bg_overlay_color":"","ocean_disable_breadcrumbs":"default","ocean_breadcrumbs_color":"","ocean_breadcrumbs_separator_color":"","ocean_breadcrumbs_links_color":"","ocean_breadcrumbs_links_hover_color":"","ocean_display_footer_widgets":"default","ocean_display_footer_bottom":"default","ocean_custom_footer_template":"0","footnotes":""},"class_list":["post-178","page","type-page","status-publish","hentry","entry","owp-thumbs-layout-horizontal","owp-btn-normal","owp-tabs-layout-horizontal","has-no-thumbnails","circle-sale"],"_links":{"self":[{"href":"https:\/\/psihodrama.lv\/lv\/wp-json\/wp\/v2\/pages\/178","targetHints":{"allow":["GET"]}}],"collection":[{"href":"https:\/\/psihodrama.lv\/lv\/wp-json\/wp\/v2\/pages"}],"about":[{"href":"https:\/\/psihodrama.lv\/lv\/wp-json\/wp\/v2\/types\/page"}],"author":[{"embeddable":true,"href":"https:\/\/psihodrama.lv\/lv\/wp-json\/wp\/v2\/users\/1"}],"replies":[{"embeddable":true,"href":"https:\/\/psihodrama.lv\/lv\/wp-json\/wp\/v2\/comments?post=178"}],"version-history":[{"count":0,"href":"https:\/\/psihodrama.lv\/lv\/wp-json\/wp\/v2\/pages\/178\/revisions"}],"wp:attachment":[{"href":"https:\/\/psihodrama.lv\/lv\/wp-json\/wp\/v2\/media?parent=178"}],"curies":[{"name":"wp","href":"https:\/\/api.w.org\/{rel}","templated":true}]}}