{"id":174,"date":"2020-05-19T14:54:21","date_gmt":"2020-05-19T11:54:21","guid":{"rendered":"https:\/\/psihodrama.lv\/wordpress\/?page_id=25"},"modified":"2025-04-02T14:32:04","modified_gmt":"2025-04-02T11:32:04","slug":"instituts","status":"publish","type":"page","link":"https:\/\/psihodrama.lv\/lv\/instituts\/","title":{"rendered":"Instit\u016bts"},"content":{"rendered":"\t\t<div data-elementor-type=\"wp-page\" data-elementor-id=\"174\" class=\"elementor elementor-174\">\n\t\t\t\t\t\t<section class=\"elementor-section elementor-top-section elementor-element elementor-element-5ceafac elementor-section-height-min-height elementor-section-boxed elementor-section-height-default elementor-section-items-middle\" data-id=\"5ceafac\" data-element_type=\"section\" data-settings=\"{&quot;background_background&quot;:&quot;classic&quot;}\">\n\t\t\t\t\t\t\t<div class=\"elementor-background-overlay\"><\/div>\n\t\t\t\t\t\t\t<div class=\"elementor-container elementor-column-gap-default\">\n\t\t\t\t\t<div class=\"elementor-column elementor-col-100 elementor-top-column elementor-element elementor-element-86fd6ca\" data-id=\"86fd6ca\" data-element_type=\"column\">\n\t\t\t<div class=\"elementor-widget-wrap elementor-element-populated\">\n\t\t\t\t\t\t<div class=\"elementor-element elementor-element-464f093 elementor-widget elementor-widget-heading\" data-id=\"464f093\" data-element_type=\"widget\" data-widget_type=\"heading.default\">\n\t\t\t\t<div class=\"elementor-widget-container\">\n\t\t\t\t\t<h2 class=\"elementor-heading-title elementor-size-default\">INSTIT\u016aTS<\/h2>\t\t\t\t<\/div>\n\t\t\t\t<\/div>\n\t\t\t\t\t<\/div>\n\t\t<\/div>\n\t\t\t\t\t<\/div>\n\t\t<\/section>\n\t\t\t\t<section class=\"elementor-section elementor-top-section elementor-element elementor-element-8b96c21 elementor-section-boxed elementor-section-height-default elementor-section-height-default\" data-id=\"8b96c21\" data-element_type=\"section\">\n\t\t\t\t\t\t<div class=\"elementor-container elementor-column-gap-default\">\n\t\t\t\t\t<div class=\"elementor-column elementor-col-100 elementor-top-column elementor-element elementor-element-91e13da\" data-id=\"91e13da\" data-element_type=\"column\">\n\t\t\t<div class=\"elementor-widget-wrap elementor-element-populated\">\n\t\t\t\t\t\t<div class=\"elementor-element elementor-element-a427662 elementor-widget elementor-widget-text-editor\" data-id=\"a427662\" data-element_type=\"widget\" data-widget_type=\"text-editor.default\">\n\t\t\t\t<div class=\"elementor-widget-container\">\n\t\t\t\t\t\t\t\t\t<p style=\"text-align: justify\">Sabiedr\u012bba ar ierobe\u017eotu atbild\u012bbu Moreno instit\u016bts Latvij\u0101 ir m\u0101jvieta diviem savstarp\u0113ji saist\u012btiem projektiem: 1. <strong>Profesion\u0101l\u0101s t\u0101l\u0101kizgl\u012bt\u012bbas centram &#8220;Moreno psihodr\u0101mas izgl\u012bt\u012bbas centrs&#8221;<\/strong>, kur\u0161 ir re\u0123istr\u0113ts Izgl\u012bt\u012bbas kvalit\u0101tes valsts dienest\u0101 un realiz\u0113 p\u0113cdiploma apm\u0101c\u012bbu, kvalifik\u0101cijas cel\u0161anu un person\u012bbas pilnveidi; un 2.\u00a0 <strong>profesion\u0101l\u0101s literat\u016bras bibliot\u0113kai<\/strong>.<\/p><p style=\"text-align: justify\">Moreno instit\u016bts Latvij\u0101\u00a0 m\u0101c\u012bbu iest\u0101de ir starptautiski atz\u012bta. T\u0101s darb\u012bbas kvalit\u0101ti starptautisk\u0101 m\u0113rog\u0101 uzrauga Zieme\u013cvalstu un Baltijas valstu eksamin\u0101cijas padome \u2013 Nordic Baltic Board of Examiners (NBBE <a href=\"https:\/\/www.nbbe.eu\/\">\u00a0(nbbe.eu)<\/a>), kur\u0101 standarti ir saska\u0146\u0101 ar Anglijas, ASV, Kan\u0101das un citu valstu apm\u0101c\u012bbu standartiem.\u00a0<\/p><p style=\"text-align: justify\">Moreno instit\u016bts Latvij\u0101 ir\u00a0 <a href=\"http:\/\/fepto.com\/\">FEPTO | The Federation of European Psychodrama Training Organisations<\/a>\u00a0biedrs, kas padara instit\u016bt\u0101 ieg\u016bto izgl\u012bt\u012bbu par starptautiski noz\u012bm\u012bgu.<\/p><p>\u0160obr\u012bd m\u016bsu organiz\u0101cija turpina augt un att\u012bst\u012bties. M\u0113s katra par to r\u016bp\u0113jamies sav\u0101 jom\u0101 un kompeten\u010du ietvaros:<\/p>\t\t\t\t\t\t\t\t<\/div>\n\t\t\t\t<\/div>\n\t\t\t\t\t<\/div>\n\t\t<\/div>\n\t\t\t\t\t<\/div>\n\t\t<\/section>\n\t\t\t\t<section class=\"elementor-section elementor-top-section elementor-element elementor-element-78b1cf4 elementor-section-boxed elementor-section-height-default elementor-section-height-default\" data-id=\"78b1cf4\" data-element_type=\"section\">\n\t\t\t\t\t\t<div class=\"elementor-container elementor-column-gap-default\">\n\t\t\t\t\t<div class=\"elementor-column elementor-col-50 elementor-top-column elementor-element elementor-element-5ffa3f0\" data-id=\"5ffa3f0\" data-element_type=\"column\">\n\t\t\t<div class=\"elementor-widget-wrap elementor-element-populated\">\n\t\t\t\t\t\t<div class=\"elementor-element elementor-element-e390d11 elementor-widget elementor-widget-image\" data-id=\"e390d11\" data-element_type=\"widget\" data-widget_type=\"image.default\">\n\t\t\t\t<div class=\"elementor-widget-container\">\n\t\t\t\t\t\t\t\t\t\t\t\t\t\t\t<img fetchpriority=\"high\" decoding=\"async\" width=\"300\" height=\"300\" src=\"https:\/\/psihodrama.lv\/wp-content\/uploads\/2023\/07\/1-3-1-300x300.png\" class=\"attachment-medium size-medium wp-image-2919\" alt=\"\" srcset=\"https:\/\/psihodrama.lv\/wp-content\/uploads\/2023\/07\/1-3-1-300x300.png 300w, https:\/\/psihodrama.lv\/wp-content\/uploads\/2023\/07\/1-3-1-100x100.png 100w, https:\/\/psihodrama.lv\/wp-content\/uploads\/2023\/07\/1-3-1-600x600.png 600w, https:\/\/psihodrama.lv\/wp-content\/uploads\/2023\/07\/1-3-1-1024x1024.png 1024w, https:\/\/psihodrama.lv\/wp-content\/uploads\/2023\/07\/1-3-1-150x150.png 150w, https:\/\/psihodrama.lv\/wp-content\/uploads\/2023\/07\/1-3-1-768x768.png 768w, https:\/\/psihodrama.lv\/wp-content\/uploads\/2023\/07\/1-3-1.png 1080w\" sizes=\"(max-width: 300px) 100vw, 300px\" \/>\t\t\t\t\t\t\t\t\t\t\t\t\t\t\t<\/div>\n\t\t\t\t<\/div>\n\t\t\t\t\t<\/div>\n\t\t<\/div>\n\t\t\t\t<div class=\"elementor-column elementor-col-50 elementor-top-column elementor-element elementor-element-1d85276\" data-id=\"1d85276\" data-element_type=\"column\">\n\t\t\t<div class=\"elementor-widget-wrap elementor-element-populated\">\n\t\t\t\t\t\t<div class=\"elementor-element elementor-element-0ea4dc5 elementor-widget elementor-widget-image\" data-id=\"0ea4dc5\" data-element_type=\"widget\" data-widget_type=\"image.default\">\n\t\t\t\t<div class=\"elementor-widget-container\">\n\t\t\t\t\t\t\t\t\t\t\t\t\t\t\t\t<a href=\"https:\/\/www.facebook.com\/profile.php?id=61571408985643\" target=\"_blank\">\n\t\t\t\t\t\t\t<img decoding=\"async\" width=\"300\" height=\"300\" src=\"https:\/\/psihodrama.lv\/wp-content\/uploads\/2024\/11\/MIL-1-1-300x300.png\" class=\"attachment-medium size-medium wp-image-4337\" alt=\"\" srcset=\"https:\/\/psihodrama.lv\/wp-content\/uploads\/2024\/11\/MIL-1-1-300x300.png 300w, https:\/\/psihodrama.lv\/wp-content\/uploads\/2024\/11\/MIL-1-1-1024x1024.png 1024w, https:\/\/psihodrama.lv\/wp-content\/uploads\/2024\/11\/MIL-1-1-150x150.png 150w, https:\/\/psihodrama.lv\/wp-content\/uploads\/2024\/11\/MIL-1-1-768x768.png 768w, https:\/\/psihodrama.lv\/wp-content\/uploads\/2024\/11\/MIL-1-1-600x600.png 600w, https:\/\/psihodrama.lv\/wp-content\/uploads\/2024\/11\/MIL-1-1.png 1080w\" sizes=\"(max-width: 300px) 100vw, 300px\" \/>\t\t\t\t\t\t\t\t<\/a>\n\t\t\t\t\t\t\t\t\t\t\t\t\t\t\t<\/div>\n\t\t\t\t<\/div>\n\t\t\t\t\t<\/div>\n\t\t<\/div>\n\t\t\t\t\t<\/div>\n\t\t<\/section>\n\t\t\t\t<section class=\"elementor-section elementor-top-section elementor-element elementor-element-fc9b872 elementor-section-boxed elementor-section-height-default elementor-section-height-default\" data-id=\"fc9b872\" data-element_type=\"section\">\n\t\t\t\t\t\t<div class=\"elementor-container elementor-column-gap-default\">\n\t\t\t\t\t<div class=\"elementor-column elementor-col-50 elementor-top-column elementor-element elementor-element-49428e7\" data-id=\"49428e7\" data-element_type=\"column\">\n\t\t\t<div class=\"elementor-widget-wrap elementor-element-populated\">\n\t\t\t\t\t\t<div class=\"elementor-element elementor-element-9e9372d elementor-widget elementor-widget-image\" data-id=\"9e9372d\" data-element_type=\"widget\" data-widget_type=\"image.default\">\n\t\t\t\t<div class=\"elementor-widget-container\">\n\t\t\t\t\t\t\t\t\t\t\t\t\t\t\t\t<a href=\"https:\/\/www.facebook.com\/psihodramasprakse\" target=\"_blank\">\n\t\t\t\t\t\t\t<img decoding=\"async\" width=\"300\" height=\"300\" src=\"https:\/\/psihodrama.lv\/wp-content\/uploads\/2023\/07\/5-1-1-300x300.png\" class=\"attachment-medium size-medium wp-image-2913\" alt=\"\" srcset=\"https:\/\/psihodrama.lv\/wp-content\/uploads\/2023\/07\/5-1-1-300x300.png 300w, https:\/\/psihodrama.lv\/wp-content\/uploads\/2023\/07\/5-1-1-100x100.png 100w, https:\/\/psihodrama.lv\/wp-content\/uploads\/2023\/07\/5-1-1-600x600.png 600w, https:\/\/psihodrama.lv\/wp-content\/uploads\/2023\/07\/5-1-1-1024x1024.png 1024w, https:\/\/psihodrama.lv\/wp-content\/uploads\/2023\/07\/5-1-1-150x150.png 150w, https:\/\/psihodrama.lv\/wp-content\/uploads\/2023\/07\/5-1-1-768x768.png 768w, https:\/\/psihodrama.lv\/wp-content\/uploads\/2023\/07\/5-1-1.png 1080w\" sizes=\"(max-width: 300px) 100vw, 300px\" \/>\t\t\t\t\t\t\t\t<\/a>\n\t\t\t\t\t\t\t\t\t\t\t\t\t\t\t<\/div>\n\t\t\t\t<\/div>\n\t\t\t\t\t<\/div>\n\t\t<\/div>\n\t\t\t\t<div class=\"elementor-column elementor-col-50 elementor-top-column elementor-element elementor-element-df87fd5\" data-id=\"df87fd5\" data-element_type=\"column\">\n\t\t\t<div class=\"elementor-widget-wrap elementor-element-populated\">\n\t\t\t\t\t\t<div class=\"elementor-element elementor-element-4a3dc04 elementor-widget elementor-widget-image\" data-id=\"4a3dc04\" data-element_type=\"widget\" data-widget_type=\"image.default\">\n\t\t\t\t<div class=\"elementor-widget-container\">\n\t\t\t\t\t\t\t\t\t\t\t\t\t\t\t<img loading=\"lazy\" decoding=\"async\" width=\"300\" height=\"300\" src=\"https:\/\/psihodrama.lv\/wp-content\/uploads\/2023\/07\/4-2-1-300x300.png\" class=\"attachment-medium size-medium wp-image-2926\" alt=\"\" srcset=\"https:\/\/psihodrama.lv\/wp-content\/uploads\/2023\/07\/4-2-1-300x300.png 300w, https:\/\/psihodrama.lv\/wp-content\/uploads\/2023\/07\/4-2-1-100x100.png 100w, https:\/\/psihodrama.lv\/wp-content\/uploads\/2023\/07\/4-2-1-600x600.png 600w, https:\/\/psihodrama.lv\/wp-content\/uploads\/2023\/07\/4-2-1-1024x1024.png 1024w, https:\/\/psihodrama.lv\/wp-content\/uploads\/2023\/07\/4-2-1-150x150.png 150w, https:\/\/psihodrama.lv\/wp-content\/uploads\/2023\/07\/4-2-1-768x768.png 768w, https:\/\/psihodrama.lv\/wp-content\/uploads\/2023\/07\/4-2-1.png 1080w\" sizes=\"(max-width: 300px) 100vw, 300px\" \/>\t\t\t\t\t\t\t\t\t\t\t\t\t\t\t<\/div>\n\t\t\t\t<\/div>\n\t\t\t\t\t<\/div>\n\t\t<\/div>\n\t\t\t\t\t<\/div>\n\t\t<\/section>\n\t\t\t\t<section class=\"elementor-section elementor-top-section elementor-element elementor-element-fec7a50 elementor-section-boxed elementor-section-height-default elementor-section-height-default\" data-id=\"fec7a50\" data-element_type=\"section\">\n\t\t\t\t\t\t<div class=\"elementor-container elementor-column-gap-default\">\n\t\t\t\t\t<div class=\"elementor-column elementor-col-50 elementor-top-column elementor-element elementor-element-30a1edc\" data-id=\"30a1edc\" data-element_type=\"column\">\n\t\t\t<div class=\"elementor-widget-wrap elementor-element-populated\">\n\t\t\t\t\t\t<div class=\"elementor-element elementor-element-a378f34 elementor-widget elementor-widget-image\" data-id=\"a378f34\" data-element_type=\"widget\" data-widget_type=\"image.default\">\n\t\t\t\t<div class=\"elementor-widget-container\">\n\t\t\t\t\t\t\t\t\t\t\t\t\t\t\t<img loading=\"lazy\" decoding=\"async\" width=\"300\" height=\"300\" src=\"https:\/\/psihodrama.lv\/wp-content\/uploads\/2024\/11\/MIL-2-1-300x300.png\" class=\"attachment-medium size-medium wp-image-4341\" alt=\"\" srcset=\"https:\/\/psihodrama.lv\/wp-content\/uploads\/2024\/11\/MIL-2-1-300x300.png 300w, https:\/\/psihodrama.lv\/wp-content\/uploads\/2024\/11\/MIL-2-1-1024x1024.png 1024w, https:\/\/psihodrama.lv\/wp-content\/uploads\/2024\/11\/MIL-2-1-150x150.png 150w, https:\/\/psihodrama.lv\/wp-content\/uploads\/2024\/11\/MIL-2-1-768x768.png 768w, https:\/\/psihodrama.lv\/wp-content\/uploads\/2024\/11\/MIL-2-1-600x600.png 600w, https:\/\/psihodrama.lv\/wp-content\/uploads\/2024\/11\/MIL-2-1.png 1080w\" sizes=\"(max-width: 300px) 100vw, 300px\" \/>\t\t\t\t\t\t\t\t\t\t\t\t\t\t\t<\/div>\n\t\t\t\t<\/div>\n\t\t\t\t\t<\/div>\n\t\t<\/div>\n\t\t\t\t<div class=\"elementor-column elementor-col-50 elementor-top-column elementor-element elementor-element-1bcc4c4\" data-id=\"1bcc4c4\" data-element_type=\"column\">\n\t\t\t<div class=\"elementor-widget-wrap elementor-element-populated\">\n\t\t\t\t\t\t<div class=\"elementor-element elementor-element-6b1d9cf elementor-widget elementor-widget-image\" data-id=\"6b1d9cf\" data-element_type=\"widget\" data-widget_type=\"image.default\">\n\t\t\t\t<div class=\"elementor-widget-container\">\n\t\t\t\t\t\t\t\t\t\t\t\t\t\t\t\t<a href=\"https:\/\/www.ligakalnina.lv\/\" target=\"_blank\">\n\t\t\t\t\t\t\t<img loading=\"lazy\" decoding=\"async\" width=\"300\" height=\"300\" src=\"https:\/\/psihodrama.lv\/wp-content\/uploads\/2025\/04\/MIL-3-300x300.png\" class=\"attachment-medium size-medium wp-image-4549\" alt=\"\" srcset=\"https:\/\/psihodrama.lv\/wp-content\/uploads\/2025\/04\/MIL-3-300x300.png 300w, https:\/\/psihodrama.lv\/wp-content\/uploads\/2025\/04\/MIL-3-1024x1024.png 1024w, https:\/\/psihodrama.lv\/wp-content\/uploads\/2025\/04\/MIL-3-150x150.png 150w, https:\/\/psihodrama.lv\/wp-content\/uploads\/2025\/04\/MIL-3-768x768.png 768w, https:\/\/psihodrama.lv\/wp-content\/uploads\/2025\/04\/MIL-3-12x12.png 12w, https:\/\/psihodrama.lv\/wp-content\/uploads\/2025\/04\/MIL-3-600x600.png 600w, https:\/\/psihodrama.lv\/wp-content\/uploads\/2025\/04\/MIL-3-100x100.png 100w, https:\/\/psihodrama.lv\/wp-content\/uploads\/2025\/04\/MIL-3.png 1080w\" sizes=\"(max-width: 300px) 100vw, 300px\" \/>\t\t\t\t\t\t\t\t<\/a>\n\t\t\t\t\t\t\t\t\t\t\t\t\t\t\t<\/div>\n\t\t\t\t<\/div>\n\t\t\t\t\t<\/div>\n\t\t<\/div>\n\t\t\t\t\t<\/div>\n\t\t<\/section>\n\t\t\t\t<\/div>\n\t\t","protected":false},"excerpt":{"rendered":"<p>INSTIT\u016aTS Sabiedr\u012bba ar ierobe\u017eotu atbild\u012bbu Moreno instit\u016bts Latvij\u0101 ir m\u0101jvieta diviem savstarp\u0113ji saist\u012btiem projektiem: 1. Profesion\u0101l\u0101s t\u0101l\u0101kizgl\u012bt\u012bbas centram &#8220;Moreno psihodr\u0101mas izgl\u012bt\u012bbas centrs&#8221;, kur\u0161 ir re\u0123istr\u0113ts Izgl\u012bt\u012bbas kvalit\u0101tes valsts dienest\u0101 un realiz\u0113 p\u0113cdiploma apm\u0101c\u012bbu, kvalifik\u0101cijas cel\u0161anu un person\u012bbas pilnveidi; un 2.\u00a0 profesion\u0101l\u0101s literat\u016bras bibliot\u0113kai. Moreno instit\u016bts Latvij\u0101\u00a0 m\u0101c\u012bbu iest\u0101de ir starptautiski atz\u012bta. T\u0101s darb\u012bbas kvalit\u0101ti starptautisk\u0101 [&hellip;]<\/p>\n","protected":false},"author":1,"featured_media":0,"parent":0,"menu_order":0,"comment_status":"closed","ping_status":"closed","template":"","meta":{"ocean_post_layout":"","ocean_both_sidebars_style":"","ocean_both_sidebars_content_width":0,"ocean_both_sidebars_sidebars_width":0,"ocean_sidebar":"0","ocean_second_sidebar":"0","ocean_disable_margins":"enable","ocean_add_body_class":"","ocean_shortcode_before_top_bar":"","ocean_shortcode_after_top_bar":"","ocean_shortcode_before_header":"","ocean_shortcode_after_header":"","ocean_has_shortcode":"","ocean_shortcode_after_title":"","ocean_shortcode_before_footer_widgets":"","ocean_shortcode_after_footer_widgets":"","ocean_shortcode_before_footer_bottom":"","ocean_shortcode_after_footer_bottom":"","ocean_display_top_bar":"default","ocean_display_header":"default","ocean_header_style":"","ocean_center_header_left_menu":"0","ocean_custom_header_template":"0","ocean_custom_logo":0,"ocean_custom_retina_logo":0,"ocean_custom_logo_max_width":0,"ocean_custom_logo_tablet_max_width":0,"ocean_custom_logo_mobile_max_width":0,"ocean_custom_logo_max_height":0,"ocean_custom_logo_tablet_max_height":0,"ocean_custom_logo_mobile_max_height":0,"ocean_header_custom_menu":"0","ocean_menu_typo_font_family":"0","ocean_menu_typo_font_subset":"","ocean_menu_typo_font_size":0,"ocean_menu_typo_font_size_tablet":0,"ocean_menu_typo_font_size_mobile":0,"ocean_menu_typo_font_size_unit":"px","ocean_menu_typo_font_weight":"","ocean_menu_typo_font_weight_tablet":"","ocean_menu_typo_font_weight_mobile":"","ocean_menu_typo_transform":"","ocean_menu_typo_transform_tablet":"","ocean_menu_typo_transform_mobile":"","ocean_menu_typo_line_height":0,"ocean_menu_typo_line_height_tablet":0,"ocean_menu_typo_line_height_mobile":0,"ocean_menu_typo_line_height_unit":"","ocean_menu_typo_spacing":0,"ocean_menu_typo_spacing_tablet":0,"ocean_menu_typo_spacing_mobile":0,"ocean_menu_typo_spacing_unit":"","ocean_menu_link_color":"","ocean_menu_link_color_hover":"","ocean_menu_link_color_active":"","ocean_menu_link_background":"","ocean_menu_link_hover_background":"","ocean_menu_link_active_background":"","ocean_menu_social_links_bg":"","ocean_menu_social_hover_links_bg":"","ocean_menu_social_links_color":"","ocean_menu_social_hover_links_color":"","ocean_disable_title":"default","ocean_disable_heading":"default","ocean_post_title":"","ocean_post_subheading":"","ocean_post_title_style":"","ocean_post_title_background_color":"","ocean_post_title_background":0,"ocean_post_title_bg_image_position":"","ocean_post_title_bg_image_attachment":"","ocean_post_title_bg_image_repeat":"","ocean_post_title_bg_image_size":"","ocean_post_title_height":0,"ocean_post_title_bg_overlay":0.5,"ocean_post_title_bg_overlay_color":"","ocean_disable_breadcrumbs":"default","ocean_breadcrumbs_color":"","ocean_breadcrumbs_separator_color":"","ocean_breadcrumbs_links_color":"","ocean_breadcrumbs_links_hover_color":"","ocean_display_footer_widgets":"default","ocean_display_footer_bottom":"default","ocean_custom_footer_template":"0","footnotes":""},"class_list":["post-174","page","type-page","status-publish","hentry","entry","owp-thumbs-layout-horizontal","owp-btn-normal","owp-tabs-layout-horizontal","has-no-thumbnails","circle-sale"],"_links":{"self":[{"href":"https:\/\/psihodrama.lv\/lv\/wp-json\/wp\/v2\/pages\/174","targetHints":{"allow":["GET"]}}],"collection":[{"href":"https:\/\/psihodrama.lv\/lv\/wp-json\/wp\/v2\/pages"}],"about":[{"href":"https:\/\/psihodrama.lv\/lv\/wp-json\/wp\/v2\/types\/page"}],"author":[{"embeddable":true,"href":"https:\/\/psihodrama.lv\/lv\/wp-json\/wp\/v2\/users\/1"}],"replies":[{"embeddable":true,"href":"https:\/\/psihodrama.lv\/lv\/wp-json\/wp\/v2\/comments?post=174"}],"version-history":[{"count":9,"href":"https:\/\/psihodrama.lv\/lv\/wp-json\/wp\/v2\/pages\/174\/revisions"}],"predecessor-version":[{"id":4558,"href":"https:\/\/psihodrama.lv\/lv\/wp-json\/wp\/v2\/pages\/174\/revisions\/4558"}],"wp:attachment":[{"href":"https:\/\/psihodrama.lv\/lv\/wp-json\/wp\/v2\/media?parent=174"}],"curies":[{"name":"wp","href":"https:\/\/api.w.org\/{rel}","templated":true}]}}