{"id":2155,"date":"2025-02-06T20:44:32","date_gmt":"2025-02-06T18:44:32","guid":{"rendered":"https:\/\/psihodrama.reinisp.id.lv\/?post_type=product&#038;p=2155"},"modified":"2025-02-06T20:44:37","modified_gmt":"2025-02-06T18:44:37","slug":"vienigais-autentiskais-sirrealas-psihodramas-pieraksts-sarakstijis-viens-no-tas-dibinatajiem-marks-tredvels","status":"publish","type":"product","link":"https:\/\/psihodrama.lv\/en\/product\/vienigais-autentiskais-sirrealas-psihodramas-pieraksts-sarakstijis-viens-no-tas-dibinatajiem-marks-tredvels\/","title":{"rendered":"Vien\u012bgais autentiskais Sirre\u0101l\u0101s psihodr\u0101mas pieraksts. Sarakst\u012bjis viens no t\u0101s dibin\u0101t\u0101jiem, Marks Tredvels"},"content":{"rendered":"<p>&#8220;Sirre\u0101l\u0101 psihodr\u0101ma ir lielisks jaunin\u0101jums psihodr\u0101mai un ienes taj\u0101 jaunu dimensiju. Tas ir rado\u0161s veids, k\u0101 tuvoties iek\u0161\u0113jai pasaulei un dot jaunas perspekt\u012bvas. Tas notiek, pievienojoties apzin\u0101tajam un iedzi\u013cinoties mums nezin\u0101maj\u0101, un rada saikni starp bezapzi\u0146u un apzin\u0101to.&#8221; In\u0101ra Erdmanis<\/p>","protected":false},"excerpt":{"rendered":"<p>&#8220;Sirre\u0101l\u0101 psihodr\u0101ma ir lielisks jaunin\u0101jums psihodr\u0101mai un ienes taj\u0101 jaunu dimensiju. Tas ir rado\u0161s veids, k\u0101 tuvoties iek\u0161\u0113jai pasaulei un dot jaunas perspekt\u012bvas. Tas notiek, pievienojoties apzin\u0101tajam un iedzi\u013cinoties mums nezin\u0101maj\u0101, un rada saikni starp bezapzi\u0146u un apzin\u0101to.&#8221; In\u0101ra Erdmanis<\/p>","protected":false},"featured_media":2157,"template":"","meta":{"ocean_post_layout":"","ocean_both_sidebars_style":"","ocean_both_sidebars_content_width":0,"ocean_both_sidebars_sidebars_width":0,"ocean_sidebar":"0","ocean_second_sidebar":"0","ocean_disable_margins":"enable","ocean_add_body_class":"","ocean_shortcode_before_top_bar":"","ocean_shortcode_after_top_bar":"","ocean_shortcode_before_header":"","ocean_shortcode_after_header":"","ocean_has_shortcode":"","ocean_shortcode_after_title":"","ocean_shortcode_before_footer_widgets":"","ocean_shortcode_after_footer_widgets":"","ocean_shortcode_before_footer_bottom":"","ocean_shortcode_after_footer_bottom":"","ocean_display_top_bar":"default","ocean_display_header":"default","ocean_header_style":"","ocean_center_header_left_menu":"0","ocean_custom_header_template":"0","ocean_custom_logo":0,"ocean_custom_retina_logo":0,"ocean_custom_logo_max_width":0,"ocean_custom_logo_tablet_max_width":0,"ocean_custom_logo_mobile_max_width":0,"ocean_custom_logo_max_height":0,"ocean_custom_logo_tablet_max_height":0,"ocean_custom_logo_mobile_max_height":0,"ocean_header_custom_menu":"0","ocean_menu_typo_font_family":"0","ocean_menu_typo_font_subset":"","ocean_menu_typo_font_size":0,"ocean_menu_typo_font_size_tablet":0,"ocean_menu_typo_font_size_mobile":0,"ocean_menu_typo_font_size_unit":"px","ocean_menu_typo_font_weight":"","ocean_menu_typo_font_weight_tablet":"","ocean_menu_typo_font_weight_mobile":"","ocean_menu_typo_transform":"","ocean_menu_typo_transform_tablet":"","ocean_menu_typo_transform_mobile":"","ocean_menu_typo_line_height":0,"ocean_menu_typo_line_height_tablet":0,"ocean_menu_typo_line_height_mobile":0,"ocean_menu_typo_line_height_unit":"","ocean_menu_typo_spacing":0,"ocean_menu_typo_spacing_tablet":0,"ocean_menu_typo_spacing_mobile":0,"ocean_menu_typo_spacing_unit":"","ocean_menu_link_color":"","ocean_menu_link_color_hover":"","ocean_menu_link_color_active":"","ocean_menu_link_background":"","ocean_menu_link_hover_background":"","ocean_menu_link_active_background":"","ocean_menu_social_links_bg":"","ocean_menu_social_hover_links_bg":"","ocean_menu_social_links_color":"","ocean_menu_social_hover_links_color":"","ocean_disable_title":"default","ocean_disable_heading":"default","ocean_post_title":"","ocean_post_subheading":"","ocean_post_title_style":"","ocean_post_title_background_color":"","ocean_post_title_background":0,"ocean_post_title_bg_image_position":"","ocean_post_title_bg_image_attachment":"","ocean_post_title_bg_image_repeat":"","ocean_post_title_bg_image_size":"","ocean_post_title_height":0,"ocean_post_title_bg_overlay":0.5,"ocean_post_title_bg_overlay_color":"","ocean_disable_breadcrumbs":"default","ocean_breadcrumbs_color":"","ocean_breadcrumbs_separator_color":"","ocean_breadcrumbs_links_color":"","ocean_breadcrumbs_links_hover_color":"","ocean_display_footer_widgets":"default","ocean_display_footer_bottom":"default","ocean_custom_footer_template":"0"},"product_brand":[],"product_cat":[27],"product_tag":[],"class_list":{"0":"post-2155","1":"product","2":"type-product","3":"status-publish","4":"has-post-thumbnail","6":"product_cat-gramatas","8":"entry","9":"has-media","11":"first","12":"instock","13":"shipping-taxable","14":"purchasable","15":"product-type-simple","16":"col","17":"span_1_of_4","18":"owp-content-center","19":"item-entry","20":"owp-thumbs-layout-horizontal","21":"owp-btn-normal","22":"owp-tabs-layout-horizontal","23":"has-no-thumbnails","24":"circle-sale"},"_links":{"self":[{"href":"https:\/\/psihodrama.lv\/en\/wp-json\/wp\/v2\/product\/2155","targetHints":{"allow":["GET"]}}],"collection":[{"href":"https:\/\/psihodrama.lv\/en\/wp-json\/wp\/v2\/product"}],"about":[{"href":"https:\/\/psihodrama.lv\/en\/wp-json\/wp\/v2\/types\/product"}],"wp:featuredmedia":[{"embeddable":true,"href":"https:\/\/psihodrama.lv\/en\/wp-json\/wp\/v2\/media\/2157"}],"wp:attachment":[{"href":"https:\/\/psihodrama.lv\/en\/wp-json\/wp\/v2\/media?parent=2155"}],"wp:term":[{"taxonomy":"product_brand","embeddable":true,"href":"https:\/\/psihodrama.lv\/en\/wp-json\/wp\/v2\/product_brand?post=2155"},{"taxonomy":"product_cat","embeddable":true,"href":"https:\/\/psihodrama.lv\/en\/wp-json\/wp\/v2\/product_cat?post=2155"},{"taxonomy":"product_tag","embeddable":true,"href":"https:\/\/psihodrama.lv\/en\/wp-json\/wp\/v2\/product_tag?post=2155"}],"curies":[{"name":"wp","href":"https:\/\/api.w.org\/{rel}","templated":true}]}}