{"id":2154,"date":"2025-02-06T20:44:31","date_gmt":"2025-02-06T18:44:31","guid":{"rendered":"https:\/\/psihodrama.reinisp.id.lv\/?post_type=product&#038;p=2154"},"modified":"2025-02-06T20:44:36","modified_gmt":"2025-02-06T18:44:36","slug":"jekabs-levijs-moreno-1889-1974","status":"publish","type":"product","link":"https:\/\/psihodrama.lv\/en\/product\/jekabs-levijs-moreno-1889-1974\/","title":{"rendered":"J\u0113kabs Levijs Moreno 1889-1974"},"content":{"rendered":"<p>Moreno bija j\u0101k\u013c\u016bst slavenam vis\u0101 pasaul\u0113 ar sociometrijas zin\u0101tnes att\u012bst\u012bbu, psihodr\u0101mas tehniku un savu novatorisko darbu grupu psihoterapij\u0101. \u0160aj\u0101, pirmaj\u0101 gr\u0101mat\u0101, kur\u0101 apl\u016bkots st\u0101sts par Moreno agr\u012bno dz\u012bvi Eirop\u0101, k\u0101 ar\u012b vi\u0146a Amerik\u0101 pavad\u012btajiem gadiem, Ren\u00e9 F. Marineau balst\u0101s uz saviem p\u0113t\u012bjumiem V\u012bnes arh\u012bvos, daudz\u0101m personisk\u0101m intervij\u0101m ar cilv\u0113kiem, kuri pazina Moreno un Moreno nepublic\u0113to autobiogr\u0101fiju, lai sniegtu mums pilnu \u0161\u012b \u012bpa\u0161i apd\u0101vin\u0101t\u0101 cilv\u0113ka portretu, kur\u0161 uzskat\u012bja sevi par &#8220;\u012bpa\u0161u Dieva gad\u012bjumu&#8221;.Atkl\u0101jot Moreno agr\u012bn\u0101s dz\u012bves v\u0113sturi un izsekojot st\u0101stam par vi\u0146a agr\u012bnajiem m\u0113\u0123in\u0101jumiem paust sp\u0113c\u012bgas intu\u012bcijas un uzskatus, kuru izcelsme ir mistiska, ar darb\u012bbu literat\u016br\u0101, te\u0101tr\u012b un medic\u012bn\u0101, autors rada pamatu Moreno kop\u0113j\u0101s filozofijas lab\u0101kai izpratnei.Pirm\u0101 da\u013ca ir aizraujo\u0161s, notikumu pilns st\u0101sts, kur\u0101 m\u0113s las\u0101m par Moreno b\u0113rn\u012bbas sp\u0113l\u0113m, sp\u0113l\u0113jot Dievu; savu studenta dz\u012bvi, kad vi\u0146\u0161 nodibin\u0101ja savu pirmo grupu \u2013 \u201cSatik\u0161an\u0101s m\u0101ja\u201d (&#8220;The House of Encounter&#8221;); vi\u0146a dal\u012bba ekspresionisma kust\u012bb\u0101 un intelektu\u0101laj\u0101s aprind\u0101s p\u0113ckara V\u012bn\u0113; vi\u0146a pirmie eksperimenti ar spont\u0101no un terapeitisko te\u0101tri; un, kas nav maz\u0101k svar\u012bgi, par atbr\u012bvojo\u0161o ietekmi, ko rada vi\u0146a tik\u0161an\u0101s ar savu pirmo &#8220;m\u016bzu&#8221;, Mariannu. Otraj\u0101 da\u013c\u0101 ir apl\u016bkoti gadi Amerik\u0101, kas bija vienl\u012bdz produkt\u012bvi, kad Moreno nostiprin\u0101ja savas teorijas, vad\u012bja savu kl\u012bniku un izdevniec\u012bbu un ar savas otr\u0101s &#8220;m\u016bzas&#8221; Zerkas pal\u012bdz\u012bbu redz\u0113ja, ka daudzas vi\u0146a drosm\u012bg\u0101s un neparast\u0101s koncepcijas ieguva atzin\u012bbu un atz\u012b\u0161anu.<\/p>\n<p>Moreno uzskat\u012bja, ka vi\u0146a ieguld\u012bjums cilv\u0113ces labkl\u0101j\u012bb\u0101 p\u0101rsniedz vi\u0146a tehniskos un teor\u0113tiskos jaunin\u0101jumus. Galu gal\u0101 vi\u0146\u0161 uzskat\u012bja sevi par sap\u0146ot\u0101ju un rad\u012bt\u0101ju, pied\u0101v\u0101jot cilv\u0113kam jaunu ce\u013cu uz sevis piepild\u012bjumu. Vi\u0146a st\u0101sts interes\u0113 ne tikai psihiatrus, psihologus un sociologus, bet ar\u012b ikvienu, kas v\u0113las izprast \u0123\u0113nija tap\u0161anas procesu un attiec\u012bbas starp indiv\u012bda person\u012bgo ce\u013cojumu un vi\u0146a mantojumu pasaulei.<\/p>\n<p>Par autoru: Ren\u00e9 F. Marineau: Psiholo\u0123ijas profesors Kvebekas Universit\u0101t\u0113 Trois-Rivi\u00e8res, specializ\u0113jies psiholo\u0123ijas, psihiatrijas un Kl\u012bnisk\u0101s grupu intervences v\u0113stur\u0113. T\u0101pat vi\u0146\u0161 pats sav\u0101 centr\u0101 (Centre international de psychoth\u00e9rapie expressive) praktiz\u0113 ekspres\u012bvo psihoterapiju (expressive therapy), pieeju, kur\u0101 iek\u013cautas Moreno, Freida, Reiha, Perla un Rod\u017eera (Rogers) teorijas un metodes. Autors, kur\u0161 sevi raksturo k\u0101 kl\u012bnisko psihosociolo\u0123isko terapeitu, tagad ir pension\u0113jies no akad\u0113misk\u0101s pasaules, bet turpina b\u016bt akt\u012bvs k\u0101 autors, lektors un treneris. Sav\u0101 gandr\u012bz se\u0161desmit gadus ilgaj\u0101 karjer\u0101 vi\u0146\u0161 ir str\u0101d\u0101jis piecos kontinentos un vair\u0101k nek\u0101 40 valst\u012bs.<\/p>","protected":false},"excerpt":{"rendered":"<div>Ren\u0113 F. Marineau<\/div>\n<div><\/div>\n<div>J\u0113kabs Levijs Moreno 1889-1974<br \/>\nPsihodr\u0101mas, sociometrijas un grupu psihoterapijas T\u0113vs<\/div>\n<div>Lapu\u0161u skaits 211<\/div>","protected":false},"featured_media":2156,"template":"","meta":{"ocean_post_layout":"","ocean_both_sidebars_style":"","ocean_both_sidebars_content_width":0,"ocean_both_sidebars_sidebars_width":0,"ocean_sidebar":"0","ocean_second_sidebar":"0","ocean_disable_margins":"enable","ocean_add_body_class":"","ocean_shortcode_before_top_bar":"","ocean_shortcode_after_top_bar":"","ocean_shortcode_before_header":"","ocean_shortcode_after_header":"","ocean_has_shortcode":"","ocean_shortcode_after_title":"","ocean_shortcode_before_footer_widgets":"","ocean_shortcode_after_footer_widgets":"","ocean_shortcode_before_footer_bottom":"","ocean_shortcode_after_footer_bottom":"","ocean_display_top_bar":"default","ocean_display_header":"default","ocean_header_style":"","ocean_center_header_left_menu":"0","ocean_custom_header_template":"0","ocean_custom_logo":0,"ocean_custom_retina_logo":0,"ocean_custom_logo_max_width":0,"ocean_custom_logo_tablet_max_width":0,"ocean_custom_logo_mobile_max_width":0,"ocean_custom_logo_max_height":0,"ocean_custom_logo_tablet_max_height":0,"ocean_custom_logo_mobile_max_height":0,"ocean_header_custom_menu":"0","ocean_menu_typo_font_family":"0","ocean_menu_typo_font_subset":"","ocean_menu_typo_font_size":0,"ocean_menu_typo_font_size_tablet":0,"ocean_menu_typo_font_size_mobile":0,"ocean_menu_typo_font_size_unit":"px","ocean_menu_typo_font_weight":"","ocean_menu_typo_font_weight_tablet":"","ocean_menu_typo_font_weight_mobile":"","ocean_menu_typo_transform":"","ocean_menu_typo_transform_tablet":"","ocean_menu_typo_transform_mobile":"","ocean_menu_typo_line_height":0,"ocean_menu_typo_line_height_tablet":0,"ocean_menu_typo_line_height_mobile":0,"ocean_menu_typo_line_height_unit":"","ocean_menu_typo_spacing":0,"ocean_menu_typo_spacing_tablet":0,"ocean_menu_typo_spacing_mobile":0,"ocean_menu_typo_spacing_unit":"","ocean_menu_link_color":"","ocean_menu_link_color_hover":"","ocean_menu_link_color_active":"","ocean_menu_link_background":"","ocean_menu_link_hover_background":"","ocean_menu_link_active_background":"","ocean_menu_social_links_bg":"","ocean_menu_social_hover_links_bg":"","ocean_menu_social_links_color":"","ocean_menu_social_hover_links_color":"","ocean_disable_title":"default","ocean_disable_heading":"default","ocean_post_title":"","ocean_post_subheading":"","ocean_post_title_style":"","ocean_post_title_background_color":"","ocean_post_title_background":0,"ocean_post_title_bg_image_position":"","ocean_post_title_bg_image_attachment":"","ocean_post_title_bg_image_repeat":"","ocean_post_title_bg_image_size":"","ocean_post_title_height":0,"ocean_post_title_bg_overlay":0.5,"ocean_post_title_bg_overlay_color":"","ocean_disable_breadcrumbs":"default","ocean_breadcrumbs_color":"","ocean_breadcrumbs_separator_color":"","ocean_breadcrumbs_links_color":"","ocean_breadcrumbs_links_hover_color":"","ocean_display_footer_widgets":"default","ocean_display_footer_bottom":"default","ocean_custom_footer_template":"0"},"product_brand":[],"product_cat":[27],"product_tag":[],"class_list":{"0":"post-2154","1":"product","2":"type-product","3":"status-publish","4":"has-post-thumbnail","6":"product_cat-gramatas","8":"entry","9":"has-media","11":"first","12":"instock","13":"shipping-taxable","14":"purchasable","15":"product-type-simple","16":"col","17":"span_1_of_4","18":"owp-content-center","19":"item-entry","20":"owp-thumbs-layout-horizontal","21":"owp-btn-normal","22":"owp-tabs-layout-horizontal","23":"has-no-thumbnails","24":"circle-sale"},"_links":{"self":[{"href":"https:\/\/psihodrama.lv\/en\/wp-json\/wp\/v2\/product\/2154","targetHints":{"allow":["GET"]}}],"collection":[{"href":"https:\/\/psihodrama.lv\/en\/wp-json\/wp\/v2\/product"}],"about":[{"href":"https:\/\/psihodrama.lv\/en\/wp-json\/wp\/v2\/types\/product"}],"wp:featuredmedia":[{"embeddable":true,"href":"https:\/\/psihodrama.lv\/en\/wp-json\/wp\/v2\/media\/2156"}],"wp:attachment":[{"href":"https:\/\/psihodrama.lv\/en\/wp-json\/wp\/v2\/media?parent=2154"}],"wp:term":[{"taxonomy":"product_brand","embeddable":true,"href":"https:\/\/psihodrama.lv\/en\/wp-json\/wp\/v2\/product_brand?post=2154"},{"taxonomy":"product_cat","embeddable":true,"href":"https:\/\/psihodrama.lv\/en\/wp-json\/wp\/v2\/product_cat?post=2154"},{"taxonomy":"product_tag","embeddable":true,"href":"https:\/\/psihodrama.lv\/en\/wp-json\/wp\/v2\/product_tag?post=2154"}],"curies":[{"name":"wp","href":"https:\/\/api.w.org\/{rel}","templated":true}]}}