{"id":4761,"date":"2025-10-20T21:11:54","date_gmt":"2025-10-20T18:11:54","guid":{"rendered":"https:\/\/psihodrama.lv\/?page_id=4761"},"modified":"2025-10-20T23:21:30","modified_gmt":"2025-10-20T20:21:30","slug":"etikas-kodekss","status":"publish","type":"page","link":"https:\/\/psihodrama.lv\/en\/instituts\/etikas-kodekss\/","title":{"rendered":"\u0112tikas kodekss"},"content":{"rendered":"<p>SIA Moreno instit\u016bts Latvij\u0101 un Profesion\u0101lais t\u0101l\u0101kizgl\u012bt\u012bbas centrs &#8220;Moreno psihodr\u0101mas izgl\u012bt\u012bbas centrs&#8221; sav\u0101 profesion\u0101laj\u0101 darb\u012bb\u0101 atbalsta un iev\u0113ro <a href=\"https:\/\/psihoterapija.lv\/\">LPB<\/a> \u0113tikas kodeksu un <a href=\"https:\/\/fepto.com\/\">FEPTO<\/a> \u0113tikas kodeksu. Balstoties uz valsts likumdo\u0161anu, un iepriek\u0161 min\u0113to organiz\u0101ciju \u0113tikas kodeksiem, esam izveidoju\u0161i \u0113tikas kodeksu, kuru iev\u0113rojam un aicin\u0101m iev\u0113rot visus m\u016bsu sadarb\u012bbas partnerus.<\/p>\n<p>Lai iepaz\u012btos ar m\u016bsu iest\u0101d\u0113 sp\u0113k\u0101 eso\u0161u \u0113tikas kodeksu, l\u016bdzu sekojiet saitei:\u00a0 <a href=\"https:\/\/psihodrama.lv\/wp-content\/uploads\/2025\/10\/MPICetikas-kodekss.pdf\">MPICetikas kodekss<\/a><\/p>\n<p>&nbsp;<\/p>\n<h4 style=\"text-align: center;\">&#8220;Svar\u012bgi nav vienk\u0101r\u0161i dz\u012bvot, bet dz\u012bvot pareizi.&#8221;<br \/>\n\/ Sokr\u0101ts\/<\/h4>","protected":false},"excerpt":{"rendered":"<p>SIA Moreno instit\u016bts Latvij\u0101 un Profesion\u0101lais t\u0101l\u0101kizgl\u012bt\u012bbas centrs &#8220;Moreno psihodr\u0101mas izgl\u012bt\u012bbas centrs&#8221; sav\u0101 profesion\u0101laj\u0101 darb\u012bb\u0101 atbalsta un iev\u0113ro LPB \u0113tikas kodeksu un FEPTO \u0113tikas kodeksu. Balstoties uz valsts likumdo\u0161anu, un iepriek\u0161 min\u0113to organiz\u0101ciju \u0113tikas kodeksiem, esam izveidoju\u0161i \u0113tikas kodeksu, kuru iev\u0113rojam un aicin\u0101m iev\u0113rot visus m\u016bsu sadarb\u012bbas partnerus. Lai iepaz\u012btos ar m\u016bsu iest\u0101d\u0113 sp\u0113k\u0101 eso\u0161u [&hellip;]<\/p>","protected":false},"author":2,"featured_media":0,"parent":174,"menu_order":0,"comment_status":"closed","ping_status":"closed","template":"","meta":{"ocean_post_layout":"","ocean_both_sidebars_style":"","ocean_both_sidebars_content_width":0,"ocean_both_sidebars_sidebars_width":0,"ocean_sidebar":"0","ocean_second_sidebar":"0","ocean_disable_margins":"enable","ocean_add_body_class":"","ocean_shortcode_before_top_bar":"","ocean_shortcode_after_top_bar":"","ocean_shortcode_before_header":"","ocean_shortcode_after_header":"","ocean_has_shortcode":"","ocean_shortcode_after_title":"","ocean_shortcode_before_footer_widgets":"","ocean_shortcode_after_footer_widgets":"","ocean_shortcode_before_footer_bottom":"","ocean_shortcode_after_footer_bottom":"","ocean_display_top_bar":"default","ocean_display_header":"default","ocean_header_style":"","ocean_center_header_left_menu":"0","ocean_custom_header_template":"0","ocean_custom_logo":0,"ocean_custom_retina_logo":0,"ocean_custom_logo_max_width":0,"ocean_custom_logo_tablet_max_width":0,"ocean_custom_logo_mobile_max_width":0,"ocean_custom_logo_max_height":0,"ocean_custom_logo_tablet_max_height":0,"ocean_custom_logo_mobile_max_height":0,"ocean_header_custom_menu":"0","ocean_menu_typo_font_family":"0","ocean_menu_typo_font_subset":"","ocean_menu_typo_font_size":0,"ocean_menu_typo_font_size_tablet":0,"ocean_menu_typo_font_size_mobile":0,"ocean_menu_typo_font_size_unit":"px","ocean_menu_typo_font_weight":"","ocean_menu_typo_font_weight_tablet":"","ocean_menu_typo_font_weight_mobile":"","ocean_menu_typo_transform":"","ocean_menu_typo_transform_tablet":"","ocean_menu_typo_transform_mobile":"","ocean_menu_typo_line_height":0,"ocean_menu_typo_line_height_tablet":0,"ocean_menu_typo_line_height_mobile":0,"ocean_menu_typo_line_height_unit":"","ocean_menu_typo_spacing":0,"ocean_menu_typo_spacing_tablet":0,"ocean_menu_typo_spacing_mobile":0,"ocean_menu_typo_spacing_unit":"","ocean_menu_link_color":"","ocean_menu_link_color_hover":"","ocean_menu_link_color_active":"","ocean_menu_link_background":"","ocean_menu_link_hover_background":"","ocean_menu_link_active_background":"","ocean_menu_social_links_bg":"","ocean_menu_social_hover_links_bg":"","ocean_menu_social_links_color":"","ocean_menu_social_hover_links_color":"","ocean_disable_title":"default","ocean_disable_heading":"default","ocean_post_title":"","ocean_post_subheading":"","ocean_post_title_style":"","ocean_post_title_background_color":"","ocean_post_title_background":0,"ocean_post_title_bg_image_position":"","ocean_post_title_bg_image_attachment":"","ocean_post_title_bg_image_repeat":"","ocean_post_title_bg_image_size":"","ocean_post_title_height":0,"ocean_post_title_bg_overlay":0.5,"ocean_post_title_bg_overlay_color":"","ocean_disable_breadcrumbs":"default","ocean_breadcrumbs_color":"","ocean_breadcrumbs_separator_color":"","ocean_breadcrumbs_links_color":"","ocean_breadcrumbs_links_hover_color":"","ocean_display_footer_widgets":"default","ocean_display_footer_bottom":"default","ocean_custom_footer_template":"0","footnotes":""},"class_list":["post-4761","page","type-page","status-publish","hentry","entry","owp-thumbs-layout-horizontal","owp-btn-normal","owp-tabs-layout-horizontal","has-no-thumbnails","circle-sale"],"_links":{"self":[{"href":"https:\/\/psihodrama.lv\/en\/wp-json\/wp\/v2\/pages\/4761","targetHints":{"allow":["GET"]}}],"collection":[{"href":"https:\/\/psihodrama.lv\/en\/wp-json\/wp\/v2\/pages"}],"about":[{"href":"https:\/\/psihodrama.lv\/en\/wp-json\/wp\/v2\/types\/page"}],"author":[{"embeddable":true,"href":"https:\/\/psihodrama.lv\/en\/wp-json\/wp\/v2\/users\/2"}],"replies":[{"embeddable":true,"href":"https:\/\/psihodrama.lv\/en\/wp-json\/wp\/v2\/comments?post=4761"}],"version-history":[{"count":3,"href":"https:\/\/psihodrama.lv\/en\/wp-json\/wp\/v2\/pages\/4761\/revisions"}],"predecessor-version":[{"id":4766,"href":"https:\/\/psihodrama.lv\/en\/wp-json\/wp\/v2\/pages\/4761\/revisions\/4766"}],"up":[{"embeddable":true,"href":"https:\/\/psihodrama.lv\/en\/wp-json\/wp\/v2\/pages\/174"}],"wp:attachment":[{"href":"https:\/\/psihodrama.lv\/en\/wp-json\/wp\/v2\/media?parent=4761"}],"curies":[{"name":"wp","href":"https:\/\/api.w.org\/{rel}","templated":true}]}}