{"id":3098,"date":"2023-08-01T19:49:39","date_gmt":"2023-08-01T16:49:39","guid":{"rendered":"https:\/\/psihodrama.lv\/?page_id=3098"},"modified":"2026-03-12T21:30:32","modified_gmt":"2026-03-12T19:30:32","slug":"seminari-specialistiem","status":"publish","type":"page","link":"https:\/\/psihodrama.lv\/en\/apmacibas\/seminari-specialistiem\/","title":{"rendered":"Semin\u0101ri speci\u0101listiem"},"content":{"rendered":"<div data-elementor-type=\"wp-page\" data-elementor-id=\"3098\" class=\"elementor elementor-3098\">\n\t\t\t\t<div class=\"elementor-element elementor-element-ac17f05 e-flex e-con-boxed e-con e-parent\" data-id=\"ac17f05\" data-element_type=\"container\">\n\t\t\t\t\t<div class=\"e-con-inner\">\n\t\t\t\t<div class=\"elementor-element elementor-element-5a34c9f elementor-widget elementor-widget-heading\" data-id=\"5a34c9f\" data-element_type=\"widget\" data-widget_type=\"heading.default\">\n\t\t\t\t<div class=\"elementor-widget-container\">\n\t\t\t\t\t<h2 class=\"elementor-heading-title elementor-size-default\">Marts<\/h2>\t\t\t\t<\/div>\n\t\t\t\t<\/div>\n\t\t\t\t\t<\/div>\n\t\t\t\t<\/div>\n\t\t<div class=\"elementor-element elementor-element-60785e9 e-flex e-con-boxed e-con e-parent\" data-id=\"60785e9\" data-element_type=\"container\">\n\t\t\t\t\t<div class=\"e-con-inner\">\n\t\t\t\t<div class=\"elementor-element elementor-element-32a99d2 elementor-widget elementor-widget-text-editor\" data-id=\"32a99d2\" data-element_type=\"widget\" data-widget_type=\"text-editor.default\">\n\t\t\t\t<div class=\"elementor-widget-container\">\n\t\t\t\t\t\t\t\t\t<div class=\"xdj266r x14z9mp xat24cr x1lziwak x1vvkbs\"><div class=\"xdj266r x14z9mp xat24cr x1lziwak x1vvkbs\">Aicin\u0101m psihologus, psihoterapijas speci\u0101listus, supervizorus, \u0161o profesiju apg\u016bsto\u0161os p\u0113d\u0113jo kursu studentus, apmekl\u0113t praktisku semin\u0101ru <strong>Ieskats Sirre\u0101l\u0101 psihodr\u0101m\u0101.<\/strong><\/div><div>\u00a0<\/div><div class=\"x14z9mp xat24cr x1lziwak x1vvkbs xtlvy1s\">T\u0101 laik\u0101 ieg\u016bsiet izpratni par Sirre\u0101l\u0101s psihodr\u0101mas teor\u0113tisko konceptu un jums b\u016bs iesp\u0113ja praktiz\u0113t metodes, kuras v\u0113l\u0101k var\u0113siet pielietot sav\u0101 profesion\u0101laj\u0101 darb\u012bb\u0101.<\/div><br \/><div class=\"x14z9mp xat24cr x1lziwak x1vvkbs xtlvy1s\">P\u0113c re\u0123istr\u0101cijas sa\u0146emsiet r\u0113\u0137inu, veicot t\u0101 apmaksu nodro\u0161in\u0101siet savu vietu grup\u0101.<\/div><div>\u00a0<\/div><div class=\"x14z9mp xat24cr x1lziwak x1vvkbs xtlvy1s\">Nodarb\u012bbas notiks L\u0101\u010dpl\u0113\u0161a iela 87, R\u012bg\u0101.<\/div><\/div><div>\u00a0<\/div><div class=\"x14z9mp xat24cr x1lziwak x1vvkbs xtlvy1s\">Nodarb\u012bbas vad\u012bs: Jolanta Balti\u0146a, TEP, psihodr\u0101mas psihoterapijas speci\u0101lists, pasniedz\u0113ja, psiholo\u0123e.<\/div><div>\u00a0<\/div><div class=\"x14z9mp xat24cr x1lziwak x1vvkbs xtlvy1s\">Maksa 40.00 EUR (t.sk.PVN)<\/div><div>\u00a0<\/div><div class=\"x14z9mp xat24cr x1lziwak x1vvkbs xtlvy1s\">Ieguvums:<br class=\"html-br\" \/>1. izpratne t\u0113mas teor\u0113tiskajos jaut\u0101jumos;<br class=\"html-br\" \/>2. priek\u0161tats t\u0113mas praktiskaj\u0101s izpausm\u0113s;<br class=\"html-br\" \/>3. p\u0113c dal\u012bbas semin\u0101r\u0101 dal\u012bbnieki sa\u0146ems sertifik\u0101tus par dal\u012bbu.<\/div><div>\u00a0<\/div><div class=\"x14z9mp xat24cr x1lziwak x1vvkbs xtlvy1s\">Lai piedal\u012btos semin\u0101r\u0101:<br class=\"html-br\" \/>1. j\u0101piere\u0123istr\u0113jas;<br class=\"html-br\" \/>2. j\u0101veic r\u0113\u0137ina apmaksa pirms semin\u0101ra.<\/div><div>\u00a0<\/div><p>Re\u0123istr\u0101cijas saite:\u00a0<a class=\"x1i10hfl xjbqb8w x1ejq31n x18oe1m7 x1sy0etr xstzfhl x972fbf x10w94by x1qhh985 x14e42zd x9f619 x1ypdohk xt0psk2 x3ct3a4 xdj266r x14z9mp xat24cr x1lziwak xexx8yu xyri2b x18d9i69 x1c1uobl x16tdsg8 x1hl2dhg xggy1nq x1a2a7pz xkrqix3 x1sur9pj x1fey0fg x1s688f\" tabindex=\"0\" role=\"link\" href=\"https:\/\/l.facebook.com\/l.php?u=https%3A%2F%2Fforms.gle%2FCH6fn29WghqNwNWa6%3Ffbclid%3DIwZXh0bgNhZW0CMTAAYnJpZBEwbHN5cE84RlQ5aVJNTWZwa3NydGMGYXBwX2lkEDIyMjAzOTE3ODgyMDA4OTIAAR6QDzCNO5H7HyyV_UbKXOecdWD5EwqWwvV-Cu3eF-_i5lYQCv5OOlz2RlJmEw_aem_8M_fb8r22FK797duo1YYEg&amp;h=AT455BaMDUxw0vThvcfw4lkCisjDBbw74xcaOeamfYK8KKph0quLscR-yt1xrIc2duV_oYr3VscsVRBs9STPxw8VT1e19dXsaDDlahJQQkQdS4S4EnfZ5MZcuul5RYdkzH5OLmk7wSW5W-J1&amp;__tn__=q&amp;c[0]=AT76FBRrkmV6KUMwARG-JEh4d540HkpQtjrKAr45pKrb6NS0V3Kq7m1p04MNnis5o_Z8LlTrlGdat8c7W-bk3JTQsoXHysmA0-PfZka1EdAWD25k0Q1nNw5aioMxBNjGGQu_SdGga4Ii6ODyhYEpBgWUjxNpdrGc4xM\" target=\"_blank\" rel=\"nofollow noopener\">https:\/\/forms.gle\/CH6fn29WghqNwNWa6<\/a><\/p><div>P\u0113c semin\u0101ra b\u016bs iesp\u0113ja ieg\u0101d\u0101ties Marka Tredvela gr\u0101matu &#8220;Vien\u012bgais autentiskais Sirre\u0101l\u0101s psihodr\u0101mas pieraksts&#8221; latvie\u0161u valod\u0101.<\/div><div>\u00a0<\/div><div class=\"x14z9mp xat24cr x1lziwak x1vvkbs xtlvy1s\">p.s. \u0160is ir izgl\u012btojo\u0161a rakstura pas\u0101kums.<\/div>\t\t\t\t\t\t\t\t<\/div>\n\t\t\t\t<\/div>\n\t\t\t\t\t<\/div>\n\t\t\t\t<\/div>\n\t\t\t\t<\/div>","protected":false},"excerpt":{"rendered":"<p>Marts Aicin\u0101m psihologus, psihoterapijas speci\u0101listus, supervizorus, \u0161o profesiju apg\u016bsto\u0161os p\u0113d\u0113jo kursu studentus, apmekl\u0113t praktisku semin\u0101ru Ieskats Sirre\u0101l\u0101 psihodr\u0101m\u0101.\u00a0T\u0101 laik\u0101 ieg\u016bsiet izpratni par Sirre\u0101l\u0101s psihodr\u0101mas teor\u0113tisko konceptu un jums b\u016bs iesp\u0113ja praktiz\u0113t metodes, kuras v\u0113l\u0101k var\u0113siet pielietot sav\u0101 profesion\u0101laj\u0101 darb\u012bb\u0101.P\u0113c re\u0123istr\u0101cijas sa\u0146emsiet r\u0113\u0137inu, veicot t\u0101 apmaksu nodro\u0161in\u0101siet savu vietu grup\u0101.\u00a0Nodarb\u012bbas notiks L\u0101\u010dpl\u0113\u0161a iela 87, R\u012bg\u0101.\u00a0Nodarb\u012bbas vad\u012bs: [&hellip;]<\/p>","protected":false},"author":1,"featured_media":0,"parent":178,"menu_order":0,"comment_status":"closed","ping_status":"closed","template":"","meta":{"ocean_post_layout":"","ocean_both_sidebars_style":"","ocean_both_sidebars_content_width":0,"ocean_both_sidebars_sidebars_width":0,"ocean_sidebar":"0","ocean_second_sidebar":"0","ocean_disable_margins":"enable","ocean_add_body_class":"","ocean_shortcode_before_top_bar":"","ocean_shortcode_after_top_bar":"","ocean_shortcode_before_header":"","ocean_shortcode_after_header":"","ocean_has_shortcode":"","ocean_shortcode_after_title":"","ocean_shortcode_before_footer_widgets":"","ocean_shortcode_after_footer_widgets":"","ocean_shortcode_before_footer_bottom":"","ocean_shortcode_after_footer_bottom":"","ocean_display_top_bar":"default","ocean_display_header":"default","ocean_header_style":"","ocean_center_header_left_menu":"0","ocean_custom_header_template":"0","ocean_custom_logo":0,"ocean_custom_retina_logo":0,"ocean_custom_logo_max_width":0,"ocean_custom_logo_tablet_max_width":0,"ocean_custom_logo_mobile_max_width":0,"ocean_custom_logo_max_height":0,"ocean_custom_logo_tablet_max_height":0,"ocean_custom_logo_mobile_max_height":0,"ocean_header_custom_menu":"0","ocean_menu_typo_font_family":"0","ocean_menu_typo_font_subset":"","ocean_menu_typo_font_size":0,"ocean_menu_typo_font_size_tablet":0,"ocean_menu_typo_font_size_mobile":0,"ocean_menu_typo_font_size_unit":"px","ocean_menu_typo_font_weight":"","ocean_menu_typo_font_weight_tablet":"","ocean_menu_typo_font_weight_mobile":"","ocean_menu_typo_transform":"","ocean_menu_typo_transform_tablet":"","ocean_menu_typo_transform_mobile":"","ocean_menu_typo_line_height":0,"ocean_menu_typo_line_height_tablet":0,"ocean_menu_typo_line_height_mobile":0,"ocean_menu_typo_line_height_unit":"","ocean_menu_typo_spacing":0,"ocean_menu_typo_spacing_tablet":0,"ocean_menu_typo_spacing_mobile":0,"ocean_menu_typo_spacing_unit":"","ocean_menu_link_color":"","ocean_menu_link_color_hover":"","ocean_menu_link_color_active":"","ocean_menu_link_background":"","ocean_menu_link_hover_background":"","ocean_menu_link_active_background":"","ocean_menu_social_links_bg":"","ocean_menu_social_hover_links_bg":"","ocean_menu_social_links_color":"","ocean_menu_social_hover_links_color":"","ocean_disable_title":"default","ocean_disable_heading":"default","ocean_post_title":"","ocean_post_subheading":"","ocean_post_title_style":"","ocean_post_title_background_color":"","ocean_post_title_background":0,"ocean_post_title_bg_image_position":"","ocean_post_title_bg_image_attachment":"","ocean_post_title_bg_image_repeat":"","ocean_post_title_bg_image_size":"","ocean_post_title_height":0,"ocean_post_title_bg_overlay":0.5,"ocean_post_title_bg_overlay_color":"","ocean_disable_breadcrumbs":"default","ocean_breadcrumbs_color":"","ocean_breadcrumbs_separator_color":"","ocean_breadcrumbs_links_color":"","ocean_breadcrumbs_links_hover_color":"","ocean_display_footer_widgets":"default","ocean_display_footer_bottom":"default","ocean_custom_footer_template":"0","footnotes":""},"class_list":["post-3098","page","type-page","status-publish","hentry","entry","owp-thumbs-layout-horizontal","owp-btn-normal","owp-tabs-layout-horizontal","has-no-thumbnails","circle-sale"],"_links":{"self":[{"href":"https:\/\/psihodrama.lv\/en\/wp-json\/wp\/v2\/pages\/3098","targetHints":{"allow":["GET"]}}],"collection":[{"href":"https:\/\/psihodrama.lv\/en\/wp-json\/wp\/v2\/pages"}],"about":[{"href":"https:\/\/psihodrama.lv\/en\/wp-json\/wp\/v2\/types\/page"}],"author":[{"embeddable":true,"href":"https:\/\/psihodrama.lv\/en\/wp-json\/wp\/v2\/users\/1"}],"replies":[{"embeddable":true,"href":"https:\/\/psihodrama.lv\/en\/wp-json\/wp\/v2\/comments?post=3098"}],"version-history":[{"count":6,"href":"https:\/\/psihodrama.lv\/en\/wp-json\/wp\/v2\/pages\/3098\/revisions"}],"predecessor-version":[{"id":4843,"href":"https:\/\/psihodrama.lv\/en\/wp-json\/wp\/v2\/pages\/3098\/revisions\/4843"}],"up":[{"embeddable":true,"href":"https:\/\/psihodrama.lv\/en\/wp-json\/wp\/v2\/pages\/178"}],"wp:attachment":[{"href":"https:\/\/psihodrama.lv\/en\/wp-json\/wp\/v2\/media?parent=3098"}],"curies":[{"name":"wp","href":"https:\/\/api.w.org\/{rel}","templated":true}]}}